{"id":2965,"date":"2024-07-07T09:05:07","date_gmt":"2024-07-07T12:05:07","guid":{"rendered":"https:\/\/pinusbrasil.com.br\/responsabilidade-social\/"},"modified":"2024-10-22T11:39:03","modified_gmt":"2024-10-22T14:39:03","slug":"responsabilidad-social","status":"publish","type":"page","link":"https:\/\/pinusbrasil.com.br\/es\/responsabilidad-social\/","title":{"rendered":"Responsabilidad Social"},"content":{"rendered":"\t\t<div data-elementor-type=\"wp-page\" data-elementor-id=\"2965\" class=\"elementor elementor-2965 elementor-1869\" data-elementor-post-type=\"page\">\n\t\t\t\t<div class=\"elementor-element elementor-element-41e94959 e-con-full e-flex e-con e-parent\" data-id=\"41e94959\" data-element_type=\"container\" id=\"banner-de-topo\" data-settings=\"{&quot;background_background&quot;:&quot;classic&quot;}\">\n\t\t\t\t<div class=\"elementor-element elementor-element-bf1cb3a elementor-widget__width-inherit elementor-widget elementor-widget-heading\" data-id=\"bf1cb3a\" data-element_type=\"widget\" data-widget_type=\"heading.default\">\n\t\t\t\t<div class=\"elementor-widget-container\">\n\t\t\t\t\t<h1 class=\"elementor-heading-title elementor-size-default\">Responsabilidad<br \/>Social<\/h1>\t\t\t\t<\/div>\n\t\t\t\t<\/div>\n\t\t\t\t<\/div>\n\t\t<div class=\"elementor-element elementor-element-10fac5d e-flex e-con-boxed e-con e-parent\" data-id=\"10fac5d\" data-element_type=\"container\" id=\"responsabilidade-social\">\n\t\t\t\t\t<div class=\"e-con-inner\">\n\t\t\t\t<div class=\"elementor-element elementor-element-59600d3 elementor-widget__width-inherit elementor-widget elementor-widget-heading\" data-id=\"59600d3\" data-element_type=\"widget\" data-widget_type=\"heading.default\">\n\t\t\t\t<div class=\"elementor-widget-container\">\n\t\t\t\t\t<h1 class=\"elementor-heading-title elementor-size-default\">Conozca nuestras acciones sociales<\/h1>\t\t\t\t<\/div>\n\t\t\t\t<\/div>\n\t\t\t\t<div class=\"elementor-element elementor-element-fb607d6 elementor-widget elementor-widget-text-editor\" data-id=\"fb607d6\" data-element_type=\"widget\" data-widget_type=\"text-editor.default\">\n\t\t\t\t<div class=\"elementor-widget-container\">\n\t\t\t\t\t\t\t\t\tLa responsabilidad social es un compromiso arraigado en la cultura empresarial del Grupo Pinus Brasil.\t\t\t\t\t\t\t\t<\/div>\n\t\t\t\t<\/div>\n\t\t\t\t<div class=\"elementor-element elementor-element-f9102b5 elementor-widget__width-initial elementor-widget elementor-widget-text-editor\" data-id=\"f9102b5\" data-element_type=\"widget\" data-widget_type=\"text-editor.default\">\n\t\t\t\t<div class=\"elementor-widget-container\">\n\t\t\t\t\t\t\t\t\tAsumimos, a trav\u00e9s de los a\u00f1os, diversas iniciativas de apoyo a nuestros colaboradores, a los residentes de las comunidades en las que estamos presentes y a la sociedad en general.\t\t\t\t\t\t\t\t<\/div>\n\t\t\t\t<\/div>\n\t\t\t\t\t<\/div>\n\t\t\t\t<\/div>\n\t\t<div class=\"elementor-element elementor-element-d07e816 e-con-full e-flex e-con e-parent\" data-id=\"d07e816\" data-element_type=\"container\">\n\t\t<div class=\"elementor-element elementor-element-681ce8b e-con-full e-flex e-con e-child\" data-id=\"681ce8b\" data-element_type=\"container\">\n\t\t\t\t<div class=\"elementor-element elementor-element-6cc0f43 elementor-widget__width-initial animated-fast elementor-invisible elementor-widget elementor-widget-image\" data-id=\"6cc0f43\" data-element_type=\"widget\" data-settings=\"{&quot;_animation&quot;:&quot;slideInLeft&quot;}\" data-widget_type=\"image.default\">\n\t\t\t\t<div class=\"elementor-widget-container\">\n\t\t\t\t\t\t\t\t\t\t\t\t\t\t\t<img fetchpriority=\"high\" decoding=\"async\" width=\"850\" height=\"460\" src=\"https:\/\/pinusbrasil.com.br\/wp-content\/uploads\/2024\/07\/pinus-brasil-responsabilidade-social-01.webp\" class=\"attachment-full size-full wp-image-1895\" alt=\"\" srcset=\"https:\/\/pinusbrasil.com.br\/wp-content\/uploads\/2024\/07\/pinus-brasil-responsabilidade-social-01.webp 850w, https:\/\/pinusbrasil.com.br\/wp-content\/uploads\/2024\/07\/pinus-brasil-responsabilidade-social-01-300x162.webp 300w, https:\/\/pinusbrasil.com.br\/wp-content\/uploads\/2024\/07\/pinus-brasil-responsabilidade-social-01-768x416.webp 768w\" sizes=\"(max-width: 850px) 100vw, 850px\" \/>\t\t\t\t\t\t\t\t\t\t\t\t\t\t\t<\/div>\n\t\t\t\t<\/div>\n\t\t<div class=\"elementor-element elementor-element-f05f89c e-con-full bloco e-flex e-con e-child\" data-id=\"f05f89c\" data-element_type=\"container\">\n\t\t\t\t<div class=\"elementor-element elementor-element-dd272cd elementor-widget elementor-widget-heading\" data-id=\"dd272cd\" data-element_type=\"widget\" data-widget_type=\"heading.default\">\n\t\t\t\t<div class=\"elementor-widget-container\">\n\t\t\t\t\t<h2 class=\"elementor-heading-title elementor-size-default\">Nuestros colaboradores<\/h2>\t\t\t\t<\/div>\n\t\t\t\t<\/div>\n\t\t\t\t<div class=\"elementor-element elementor-element-4132a1f elementor-widget elementor-widget-text-editor\" data-id=\"4132a1f\" data-element_type=\"widget\" data-widget_type=\"text-editor.default\">\n\t\t\t\t<div class=\"elementor-widget-container\">\n\t\t\t\t\t\t\t\t\tNuestros empleados son uno de los pilares fundamentales del \u00e9xito del Grupo Pinus Brasil. Por esto, reconocemos y valorizamos su importancia, destinamos recursos para la implementaci\u00f3n de programas de salud y seguridad laboral. Invertimos en capacitaci\u00f3n profesional. Y creamos incentivos para promover un ambiente seguro, inclusivo y equitativo.\t\t\t\t\t\t\t\t<\/div>\n\t\t\t\t<\/div>\n\t\t\t\t<div class=\"elementor-element elementor-element-5b6ddc4 elementor-widget-divider--view-line elementor-widget elementor-widget-divider\" data-id=\"5b6ddc4\" data-element_type=\"widget\" data-widget_type=\"divider.default\">\n\t\t\t\t<div class=\"elementor-widget-container\">\n\t\t\t\t\t\t\t<div class=\"elementor-divider\">\n\t\t\t<span class=\"elementor-divider-separator\">\n\t\t\t\t\t\t<\/span>\n\t\t<\/div>\n\t\t\t\t\t\t<\/div>\n\t\t\t\t<\/div>\n\t\t\t\t<\/div>\n\t\t<div class=\"elementor-element elementor-element-d8fc8f6 e-con-full bloco e-flex e-con e-child\" data-id=\"d8fc8f6\" data-element_type=\"container\">\n\t\t\t\t<div class=\"elementor-element elementor-element-f4c3508 elementor-widget elementor-widget-heading\" data-id=\"f4c3508\" data-element_type=\"widget\" data-widget_type=\"heading.default\">\n\t\t\t\t<div class=\"elementor-widget-container\">\n\t\t\t\t\t<h2 class=\"elementor-heading-title elementor-size-default\">Proyecto Huerta Comunitaria<\/h2>\t\t\t\t<\/div>\n\t\t\t\t<\/div>\n\t\t\t\t<div class=\"elementor-element elementor-element-4e807c8 elementor-widget elementor-widget-text-editor\" data-id=\"4e807c8\" data-element_type=\"widget\" data-widget_type=\"text-editor.default\">\n\t\t\t\t<div class=\"elementor-widget-container\">\n\t\t\t\t\t\t\t\t\tPor medio de una asociaci\u00f3n estrat\u00e9gica con la Associa\u00e7\u00e3o dos Volunt\u00e1rios no Combate ao C\u00e2ncer (AVCCB) del municipio de Buri (SP), en colaboraci\u00f3n con la Municipalidad, el Grupo Pinus Brasil ejecut\u00f3 un proyecto de huerta comunitaria. El objetivo es promover la seguridad alimenticia y la educaci\u00f3n nutricional, proporcionar una actividad terap\u00e9utica para los pacientes atendidos por la entidad y sus familiares, y contribuir para el bienestar f\u00edsico y emocional de todos.\t\t\t\t\t\t\t\t<\/div>\n\t\t\t\t<\/div>\n\t\t\t\t<div class=\"elementor-element elementor-element-17762df elementor-widget-divider--view-line elementor-widget elementor-widget-divider\" data-id=\"17762df\" data-element_type=\"widget\" data-widget_type=\"divider.default\">\n\t\t\t\t<div class=\"elementor-widget-container\">\n\t\t\t\t\t\t\t<div class=\"elementor-divider\">\n\t\t\t<span class=\"elementor-divider-separator\">\n\t\t\t\t\t\t<\/span>\n\t\t<\/div>\n\t\t\t\t\t\t<\/div>\n\t\t\t\t<\/div>\n\t\t\t\t<\/div>\n\t\t<div class=\"elementor-element elementor-element-452df0f e-con-full bloco e-flex e-con e-child\" data-id=\"452df0f\" data-element_type=\"container\">\n\t\t\t\t<div class=\"elementor-element elementor-element-87777c7 elementor-widget elementor-widget-heading\" data-id=\"87777c7\" data-element_type=\"widget\" data-widget_type=\"heading.default\">\n\t\t\t\t<div class=\"elementor-widget-container\">\n\t\t\t\t\t<h2 class=\"elementor-heading-title elementor-size-default\">Proyeto Nace una Semilla<\/h2>\t\t\t\t<\/div>\n\t\t\t\t<\/div>\n\t\t\t\t<div class=\"elementor-element elementor-element-cc89348 elementor-widget elementor-widget-text-editor\" data-id=\"cc89348\" data-element_type=\"widget\" data-widget_type=\"text-editor.default\">\n\t\t\t\t<div class=\"elementor-widget-container\">\n\t\t\t\t\t\t\t\t\tEl Proyecto Nace una Semilla fue creado en 2020 y recibi\u00f3 m\u00e1s de 25 familias. La idea es celebrar el nacimiento de una vida. El Grupo Pinus Brasil le regala al padre o la madre una cesta que contiene elementos de higiene personal y cuidados b\u00e1sicos. El proyecto es gestionado por el Departamento de Salud y Seguridad de la compa\u00f1\u00eda.\t\t\t\t\t\t\t\t<\/div>\n\t\t\t\t<\/div>\n\t\t\t\t<div class=\"elementor-element elementor-element-845f408 elementor-widget-divider--view-line elementor-widget elementor-widget-divider\" data-id=\"845f408\" data-element_type=\"widget\" data-widget_type=\"divider.default\">\n\t\t\t\t<div class=\"elementor-widget-container\">\n\t\t\t\t\t\t\t<div class=\"elementor-divider\">\n\t\t\t<span class=\"elementor-divider-separator\">\n\t\t\t\t\t\t<\/span>\n\t\t<\/div>\n\t\t\t\t\t\t<\/div>\n\t\t\t\t<\/div>\n\t\t\t\t<\/div>\n\t\t<div class=\"elementor-element elementor-element-d517183 e-con-full bloco e-flex e-con e-child\" data-id=\"d517183\" data-element_type=\"container\">\n\t\t\t\t<div class=\"elementor-element elementor-element-ac802bc elementor-widget elementor-widget-heading\" data-id=\"ac802bc\" data-element_type=\"widget\" data-widget_type=\"heading.default\">\n\t\t\t\t<div class=\"elementor-widget-container\">\n\t\t\t\t\t<h2 class=\"elementor-heading-title elementor-size-default\">Salud y Prevenci\u00f3n<\/h2>\t\t\t\t<\/div>\n\t\t\t\t<\/div>\n\t\t\t\t<div class=\"elementor-element elementor-element-b1cd304 elementor-widget elementor-widget-text-editor\" data-id=\"b1cd304\" data-element_type=\"widget\" data-widget_type=\"text-editor.default\">\n\t\t\t\t<div class=\"elementor-widget-container\">\n\t\t\t\t\t\t\t\t\tEn 2020, el Grupo Pinus Brasil firm\u00f3 un acuerdo de colaboraci\u00f3n con la Associa\u00e7\u00e3o dos Volunt\u00e1rios do Combate ao C\u00e2ncer de Buri. La iniciativa promueve la creaci\u00f3n de campa\u00f1as educativas de prevenci\u00f3n del c\u00e1ncer, como \u201cOctubre Rosa\u201d relacionado al c\u00e1ncer de mama y \u201cNoviembre Azul\u201d destinada a acciones informativas sobre el c\u00e1ncer de pr\u00f3stata.\t\t\t\t\t\t\t\t<\/div>\n\t\t\t\t<\/div>\n\t\t\t\t<div class=\"elementor-element elementor-element-a0310ab elementor-widget-divider--view-line elementor-widget elementor-widget-divider\" data-id=\"a0310ab\" data-element_type=\"widget\" data-widget_type=\"divider.default\">\n\t\t\t\t<div class=\"elementor-widget-container\">\n\t\t\t\t\t\t\t<div class=\"elementor-divider\">\n\t\t\t<span class=\"elementor-divider-separator\">\n\t\t\t\t\t\t<\/span>\n\t\t<\/div>\n\t\t\t\t\t\t<\/div>\n\t\t\t\t<\/div>\n\t\t\t\t<\/div>\n\t\t\t\t<\/div>\n\t\t<div class=\"elementor-element elementor-element-7cd8a38 e-con-full e-flex e-con e-child\" data-id=\"7cd8a38\" data-element_type=\"container\">\n\t\t\t\t<div class=\"elementor-element elementor-element-78c2cac elementor-widget__width-initial animated-fast elementor-invisible elementor-widget elementor-widget-image\" data-id=\"78c2cac\" data-element_type=\"widget\" data-settings=\"{&quot;_animation&quot;:&quot;slideInRight&quot;}\" data-widget_type=\"image.default\">\n\t\t\t\t<div class=\"elementor-widget-container\">\n\t\t\t\t\t\t\t\t\t\t\t\t\t\t\t<img decoding=\"async\" width=\"850\" height=\"460\" src=\"https:\/\/pinusbrasil.com.br\/wp-content\/uploads\/2024\/07\/pinus-brasil-responsabilidade-social-02.webp\" class=\"attachment-full size-full wp-image-1899\" alt=\"\" srcset=\"https:\/\/pinusbrasil.com.br\/wp-content\/uploads\/2024\/07\/pinus-brasil-responsabilidade-social-02.webp 850w, https:\/\/pinusbrasil.com.br\/wp-content\/uploads\/2024\/07\/pinus-brasil-responsabilidade-social-02-300x162.webp 300w, https:\/\/pinusbrasil.com.br\/wp-content\/uploads\/2024\/07\/pinus-brasil-responsabilidade-social-02-768x416.webp 768w\" sizes=\"(max-width: 850px) 100vw, 850px\" \/>\t\t\t\t\t\t\t\t\t\t\t\t\t\t\t<\/div>\n\t\t\t\t<\/div>\n\t\t<div class=\"elementor-element elementor-element-661af60 e-con-full bloco e-flex e-con e-child\" data-id=\"661af60\" data-element_type=\"container\">\n\t\t\t\t<div class=\"elementor-element elementor-element-c985a8b elementor-widget elementor-widget-heading\" data-id=\"c985a8b\" data-element_type=\"widget\" data-widget_type=\"heading.default\">\n\t\t\t\t<div class=\"elementor-widget-container\">\n\t\t\t\t\t<h2 class=\"elementor-heading-title elementor-size-default\">La comunidad<\/h2>\t\t\t\t<\/div>\n\t\t\t\t<\/div>\n\t\t\t\t<div class=\"elementor-element elementor-element-6bc6301 elementor-widget elementor-widget-text-editor\" data-id=\"6bc6301\" data-element_type=\"widget\" data-widget_type=\"text-editor.default\">\n\t\t\t\t<div class=\"elementor-widget-container\">\n\t\t\t\t\t\t\t\t\tLas comunidades de los lugares en los que nos desempe\u00f1amos representan la mayor parte de nuestra fuerza de trabajo. Ayudar a la regi\u00f3n es ayudar a las familias de nuestros colaboradores. Por esto, promovemos el desarrollo socioecon\u00f3mico colectivo por medio de diversas iniciativas.\t\t\t\t\t\t\t\t<\/div>\n\t\t\t\t<\/div>\n\t\t\t\t<div class=\"elementor-element elementor-element-1fb702b elementor-widget-divider--view-line elementor-widget elementor-widget-divider\" data-id=\"1fb702b\" data-element_type=\"widget\" data-widget_type=\"divider.default\">\n\t\t\t\t<div class=\"elementor-widget-container\">\n\t\t\t\t\t\t\t<div class=\"elementor-divider\">\n\t\t\t<span class=\"elementor-divider-separator\">\n\t\t\t\t\t\t<\/span>\n\t\t<\/div>\n\t\t\t\t\t\t<\/div>\n\t\t\t\t<\/div>\n\t\t\t\t<\/div>\n\t\t<div class=\"elementor-element elementor-element-e4596b8 e-con-full bloco e-flex e-con e-child\" data-id=\"e4596b8\" data-element_type=\"container\">\n\t\t\t\t<div class=\"elementor-element elementor-element-0dc6cf0 elementor-widget elementor-widget-heading\" data-id=\"0dc6cf0\" data-element_type=\"widget\" data-widget_type=\"heading.default\">\n\t\t\t\t<div class=\"elementor-widget-container\">\n\t\t\t\t\t<h2 class=\"elementor-heading-title elementor-size-default\">Recursos Humanos<\/h2>\t\t\t\t<\/div>\n\t\t\t\t<\/div>\n\t\t\t\t<div class=\"elementor-element elementor-element-5f20912 elementor-widget elementor-widget-text-editor\" data-id=\"5f20912\" data-element_type=\"widget\" data-widget_type=\"text-editor.default\">\n\t\t\t\t<div class=\"elementor-widget-container\">\n\t\t\t\t\t\t\t\t\tPriorizamos, siempre, la contrataci\u00f3n de personas que vivan en las regiones en las que nos desempe\u00f1amos. 95% de la mano de obra del Grupo Pinus Brasil reside en nuestras inmediaciones. Esto promueve una integraci\u00f3n completa entre la compa\u00f1\u00eda y las comunidades, generando oportunidades de trabajo, ingresos y, en consecuencia, se impulsa la econom\u00eda de los municipios.\t\t\t\t\t\t\t\t<\/div>\n\t\t\t\t<\/div>\n\t\t\t\t<div class=\"elementor-element elementor-element-d12486d elementor-widget-divider--view-line elementor-widget elementor-widget-divider\" data-id=\"d12486d\" data-element_type=\"widget\" data-widget_type=\"divider.default\">\n\t\t\t\t<div class=\"elementor-widget-container\">\n\t\t\t\t\t\t\t<div class=\"elementor-divider\">\n\t\t\t<span class=\"elementor-divider-separator\">\n\t\t\t\t\t\t<\/span>\n\t\t<\/div>\n\t\t\t\t\t\t<\/div>\n\t\t\t\t<\/div>\n\t\t\t\t<\/div>\n\t\t<div class=\"elementor-element elementor-element-2806ae5 e-con-full bloco e-flex e-con e-child\" data-id=\"2806ae5\" data-element_type=\"container\">\n\t\t\t\t<div class=\"elementor-element elementor-element-e357189 elementor-widget elementor-widget-heading\" data-id=\"e357189\" data-element_type=\"widget\" data-widget_type=\"heading.default\">\n\t\t\t\t<div class=\"elementor-widget-container\">\n\t\t\t\t\t<h2 class=\"elementor-heading-title elementor-size-default\">Convenios con Universidades<\/h2>\t\t\t\t<\/div>\n\t\t\t\t<\/div>\n\t\t\t\t<div class=\"elementor-element elementor-element-ce371e6 elementor-widget elementor-widget-text-editor\" data-id=\"ce371e6\" data-element_type=\"widget\" data-widget_type=\"text-editor.default\">\n\t\t\t\t<div class=\"elementor-widget-container\">\n\t\t\t\t\t\t\t\t\tTenemos un convenio con la Facultad de Tecnolog\u00eda del Estado de S\u00e3o Paulo (FATEC) cuyo objetivo es generar oportunidades de trabajo en el Grupo Pinus Brasil para los graduados en agroindustria. Mantenemos, adem\u00e1s, un convenio con la Universidad Estatal Paulista (Unesp) de Botucatu, que les permite a los alumnos conocer nuestras instalaciones, desde el vivero de plantines hasta el proceso productivo.\t\t\t\t\t\t\t\t<\/div>\n\t\t\t\t<\/div>\n\t\t\t\t<div class=\"elementor-element elementor-element-297b1d3 elementor-widget-divider--view-line elementor-widget elementor-widget-divider\" data-id=\"297b1d3\" data-element_type=\"widget\" data-widget_type=\"divider.default\">\n\t\t\t\t<div class=\"elementor-widget-container\">\n\t\t\t\t\t\t\t<div class=\"elementor-divider\">\n\t\t\t<span class=\"elementor-divider-separator\">\n\t\t\t\t\t\t<\/span>\n\t\t<\/div>\n\t\t\t\t\t\t<\/div>\n\t\t\t\t<\/div>\n\t\t\t\t<\/div>\n\t\t<div class=\"elementor-element elementor-element-ea6397b e-con-full bloco e-flex e-con e-child\" data-id=\"ea6397b\" data-element_type=\"container\">\n\t\t\t\t<div class=\"elementor-element elementor-element-3153a93 elementor-widget elementor-widget-heading\" data-id=\"3153a93\" data-element_type=\"widget\" data-widget_type=\"heading.default\">\n\t\t\t\t<div class=\"elementor-widget-container\">\n\t\t\t\t\t<h2 class=\"elementor-heading-title elementor-size-default\">Gobernanza<\/h2>\t\t\t\t<\/div>\n\t\t\t\t<\/div>\n\t\t\t\t<div class=\"elementor-element elementor-element-26f77cd elementor-widget elementor-widget-text-editor\" data-id=\"26f77cd\" data-element_type=\"widget\" data-widget_type=\"text-editor.default\">\n\t\t\t\t<div class=\"elementor-widget-container\">\n\t\t\t\t\t\t\t\t\tEl modelo de negocios del Grupo Pinus Brasil tiene como base una gobernanza corporativa transparente y \u00e9tica. Adoptamos pr\u00e1cticas de gesti\u00f3n con \u00e9nfasis en la integridad, conformidad y responsabilidad. La transparencia en la divulgaci\u00f3n de informaci\u00f3n financiera y el respeto a los derechos de los accionistas son principios no negociables para garantizar la confianza de los inversores y la sustentabilidad a largo plazo.\t\t\t\t\t\t\t\t<\/div>\n\t\t\t\t<\/div>\n\t\t\t\t<div class=\"elementor-element elementor-element-9d2b4c2 elementor-widget-divider--view-line elementor-widget elementor-widget-divider\" data-id=\"9d2b4c2\" data-element_type=\"widget\" data-widget_type=\"divider.default\">\n\t\t\t\t<div class=\"elementor-widget-container\">\n\t\t\t\t\t\t\t<div class=\"elementor-divider\">\n\t\t\t<span class=\"elementor-divider-separator\">\n\t\t\t\t\t\t<\/span>\n\t\t<\/div>\n\t\t\t\t\t\t<\/div>\n\t\t\t\t<\/div>\n\t\t\t\t<\/div>\n\t\t\t\t<\/div>\n\t\t\t\t<\/div>\n\t\t<div class=\"elementor-element elementor-element-5d20f484 e-con-full animated-fast e-flex elementor-invisible e-con e-parent\" data-id=\"5d20f484\" data-element_type=\"container\" id=\"trabalhe-conosco\" data-settings=\"{&quot;background_background&quot;:&quot;classic&quot;,&quot;animation&quot;:&quot;slideInUp&quot;}\">\n\t\t<div class=\"elementor-element elementor-element-6d2f512 e-con-full e-flex e-con e-child\" data-id=\"6d2f512\" data-element_type=\"container\" data-settings=\"{&quot;background_background&quot;:&quot;classic&quot;}\">\n\t\t\t\t<div class=\"elementor-element elementor-element-d1f710e elementor-widget elementor-widget-heading\" data-id=\"d1f710e\" data-element_type=\"widget\" data-widget_type=\"heading.default\">\n\t\t\t\t<div class=\"elementor-widget-container\">\n\t\t\t\t\t<h1 class=\"elementor-heading-title elementor-size-default\">Trabaja con nosotros<\/h1>\t\t\t\t<\/div>\n\t\t\t\t<\/div>\n\t\t\t\t<div class=\"elementor-element elementor-element-408441a2 elementor-align-center elementor-widget__width-initial elementor-widget elementor-widget-button\" data-id=\"408441a2\" data-element_type=\"widget\" data-widget_type=\"button.default\">\n\t\t\t\t<div class=\"elementor-widget-container\">\n\t\t\t\t\t\t\t\t\t<div class=\"elementor-button-wrapper\">\n\t\t\t\t\t<a class=\"elementor-button elementor-button-link elementor-size-sm\" href=\"https:\/\/pinusbrasil.com.br\/es\/trabaje-con-nosotros\/\">\n\t\t\t\t\t\t<span class=\"elementor-button-content-wrapper\">\n\t\t\t\t\t\t\t\t\t<span class=\"elementor-button-text\">PONTE EN CONTACTO<\/span>\n\t\t\t\t\t<\/span>\n\t\t\t\t\t<\/a>\n\t\t\t\t<\/div>\n\t\t\t\t\t\t\t\t<\/div>\n\t\t\t\t<\/div>\n\t\t\t\t<\/div>\n\t\t\t\t<\/div>\n\t\t\t\t<\/div>\n\t\t","protected":false},"excerpt":{"rendered":"<p>ResponsabilidadSocial Conozca nuestras acciones sociales La responsabilidad social es un compromiso arraigado en la cultura empresarial del Grupo Pinus Brasil.Asumimos, [&hellip;]<\/p>\n","protected":false},"author":1,"featured_media":0,"parent":0,"menu_order":0,"comment_status":"closed","ping_status":"closed","template":"elementor_header_footer","meta":{"_acf_changed":false,"site-sidebar-layout":"no-sidebar","site-content-layout":"","ast-site-content-layout":"full-width-container","site-content-style":"default","site-sidebar-style":"default","ast-global-header-display":"","ast-banner-title-visibility":"","ast-main-header-display":"","ast-hfb-above-header-display":"","ast-hfb-below-header-display":"","ast-hfb-mobile-header-display":"","site-post-title":"disabled","ast-breadcrumbs-content":"","ast-featured-img":"disabled","footer-sml-layout":"","ast-disable-related-posts":"","theme-transparent-header-meta":"","adv-header-id-meta":"","stick-header-meta":"","header-above-stick-meta":"","header-main-stick-meta":"","header-below-stick-meta":"","astra-migrate-meta-layouts":"default","ast-page-background-enabled":"default","ast-page-background-meta":{"desktop":{"background-color":"var(--ast-global-color-4)","background-image":"","background-repeat":"repeat","background-position":"center center","background-size":"auto","background-attachment":"scroll","background-type":"","background-media":"","overlay-type":"","overlay-color":"","overlay-opacity":"","overlay-gradient":""},"tablet":{"background-color":"","background-image":"","background-repeat":"repeat","background-position":"center center","background-size":"auto","background-attachment":"scroll","background-type":"","background-media":"","overlay-type":"","overlay-color":"","overlay-opacity":"","overlay-gradient":""},"mobile":{"background-color":"","background-image":"","background-repeat":"repeat","background-position":"center center","background-size":"auto","background-attachment":"scroll","background-type":"","background-media":"","overlay-type":"","overlay-color":"","overlay-opacity":"","overlay-gradient":""}},"ast-content-background-meta":{"desktop":{"background-color":"var(--ast-global-color-5)","background-image":"","background-repeat":"repeat","background-position":"center center","background-size":"auto","background-attachment":"scroll","background-type":"","background-media":"","overlay-type":"","overlay-color":"","overlay-opacity":"","overlay-gradient":""},"tablet":{"background-color":"var(--ast-global-color-5)","background-image":"","background-repeat":"repeat","background-position":"center center","background-size":"auto","background-attachment":"scroll","background-type":"","background-media":"","overlay-type":"","overlay-color":"","overlay-opacity":"","overlay-gradient":""},"mobile":{"background-color":"var(--ast-global-color-5)","background-image":"","background-repeat":"repeat","background-position":"center center","background-size":"auto","background-attachment":"scroll","background-type":"","background-media":"","overlay-type":"","overlay-color":"","overlay-opacity":"","overlay-gradient":""}},"footnotes":""},"class_list":["post-2965","page","type-page","status-publish","hentry"],"acf":[],"_links":{"self":[{"href":"https:\/\/pinusbrasil.com.br\/es\/wp-json\/wp\/v2\/pages\/2965","targetHints":{"allow":["GET"]}}],"collection":[{"href":"https:\/\/pinusbrasil.com.br\/es\/wp-json\/wp\/v2\/pages"}],"about":[{"href":"https:\/\/pinusbrasil.com.br\/es\/wp-json\/wp\/v2\/types\/page"}],"author":[{"embeddable":true,"href":"https:\/\/pinusbrasil.com.br\/es\/wp-json\/wp\/v2\/users\/1"}],"replies":[{"embeddable":true,"href":"https:\/\/pinusbrasil.com.br\/es\/wp-json\/wp\/v2\/comments?post=2965"}],"version-history":[{"count":7,"href":"https:\/\/pinusbrasil.com.br\/es\/wp-json\/wp\/v2\/pages\/2965\/revisions"}],"predecessor-version":[{"id":3590,"href":"https:\/\/pinusbrasil.com.br\/es\/wp-json\/wp\/v2\/pages\/2965\/revisions\/3590"}],"wp:attachment":[{"href":"https:\/\/pinusbrasil.com.br\/es\/wp-json\/wp\/v2\/media?parent=2965"}],"curies":[{"name":"wp","href":"https:\/\/api.w.org\/{rel}","templated":true}]}}