{"id":2964,"date":"2024-06-30T15:21:59","date_gmt":"2024-06-30T18:21:59","guid":{"rendered":"https:\/\/pinusbrasil.com.br\/resinagem\/"},"modified":"2024-10-22T11:45:24","modified_gmt":"2024-10-22T14:45:24","slug":"resinacion","status":"publish","type":"page","link":"https:\/\/pinusbrasil.com.br\/es\/resinacion\/","title":{"rendered":"Resinaci\u00f3n"},"content":{"rendered":"\t\t<div data-elementor-type=\"wp-page\" data-elementor-id=\"2964\" class=\"elementor elementor-2964 elementor-1221\" data-elementor-post-type=\"page\">\n\t\t\t\t<div class=\"elementor-element elementor-element-41e94959 e-con-full e-flex e-con e-parent\" data-id=\"41e94959\" data-element_type=\"container\" id=\"banner-de-topo\" data-settings=\"{&quot;background_background&quot;:&quot;classic&quot;}\">\n\t\t\t\t<div class=\"elementor-element elementor-element-180a410 elementor-widget__width-inherit elementor-widget elementor-widget-heading\" data-id=\"180a410\" data-element_type=\"widget\" data-widget_type=\"heading.default\">\n\t\t\t\t<div class=\"elementor-widget-container\">\n\t\t\t\t\t<h1 class=\"elementor-heading-title elementor-size-default\">Resinaci\u00f3n<\/h1>\t\t\t\t<\/div>\n\t\t\t\t<\/div>\n\t\t\t\t<\/div>\n\t\t<div class=\"elementor-element elementor-element-2d43dbe0 e-flex e-con-boxed e-con e-parent\" data-id=\"2d43dbe0\" data-element_type=\"container\" id=\"resinagem\">\n\t\t\t\t\t<div class=\"e-con-inner\">\n\t\t\t\t<div class=\"elementor-element elementor-element-4872ab40 elementor-widget__width-inherit elementor-widget elementor-widget-heading\" data-id=\"4872ab40\" data-element_type=\"widget\" data-widget_type=\"heading.default\">\n\t\t\t\t<div class=\"elementor-widget-container\">\n\t\t\t\t\t<h1 class=\"elementor-heading-title elementor-size-default\">C\u00f3mo se realiza la resinaci\u00f3n<\/h1>\t\t\t\t<\/div>\n\t\t\t\t<\/div>\n\t\t\t\t<div class=\"elementor-element elementor-element-57a1d55 elementor-widget elementor-widget-text-editor\" data-id=\"57a1d55\" data-element_type=\"widget\" data-widget_type=\"text-editor.default\">\n\t\t\t\t<div class=\"elementor-widget-container\">\n\t\t\t\t\t\t\t\t\t<h2>\u00a1Una operaci\u00f3n que trae buenos resultados a la industria y al medioambiente!<\/h2>\t\t\t\t\t\t\t\t<\/div>\n\t\t\t\t<\/div>\n\t\t\t\t<div class=\"elementor-element elementor-element-10bcfad8 elementor-widget elementor-widget-text-editor\" data-id=\"10bcfad8\" data-element_type=\"widget\" data-widget_type=\"text-editor.default\">\n\t\t\t\t<div class=\"elementor-widget-container\">\n\t\t\t\t\t\t\t\t\tLa Resinaci\u00f3n es el proceso por el cual, luego de la forestaci\u00f3n del Pino, realizamos incisiones en la corteza del \u00e1rbol, que denominamos picas. Con la intenci\u00f3n de cerrar la abertura el \u00e1rbol libera la Resina de Goma de Colofonia, que se recolecta y env\u00eda a nuestra industria qu\u00edmica y se transforma en una gran variedad de productos. El proceso de resinaci\u00f3n se realiza durante muchos a\u00f1os. Al terminar, el \u00e1rbol se corta dando lugar a una nueva plantaci\u00f3n, perpetuando la especie.\t\t\t\t\t\t\t\t<\/div>\n\t\t\t\t<\/div>\n\t\t\t\t\t<\/div>\n\t\t\t\t<\/div>\n\t\t<div class=\"elementor-element elementor-element-674d6302 e-grid e-con-boxed e-con e-child\" data-id=\"674d6302\" data-element_type=\"container\" data-settings=\"{&quot;background_background&quot;:&quot;classic&quot;}\">\n\t\t\t\t\t<div class=\"e-con-inner\">\n\t\t<div class=\"elementor-element elementor-element-5192761 animated-fast e-flex e-con-boxed elementor-invisible e-con e-child\" data-id=\"5192761\" data-element_type=\"container\" data-settings=\"{&quot;background_background&quot;:&quot;classic&quot;,&quot;animation&quot;:&quot;slideInUp&quot;}\">\n\t\t\t\t\t<div class=\"e-con-inner\">\n\t\t\t\t<div class=\"elementor-element elementor-element-6477ca1 elementor-widget elementor-widget-image\" data-id=\"6477ca1\" data-element_type=\"widget\" data-widget_type=\"image.default\">\n\t\t\t\t<div class=\"elementor-widget-container\">\n\t\t\t\t\t\t\t\t\t\t\t\t\t\t\t<img fetchpriority=\"high\" decoding=\"async\" width=\"850\" height=\"460\" src=\"https:\/\/pinusbrasil.com.br\/wp-content\/uploads\/2024\/06\/pinus-brasil-resinagem-08.webp\" class=\"attachment-full size-full wp-image-1732\" alt=\"\" srcset=\"https:\/\/pinusbrasil.com.br\/wp-content\/uploads\/2024\/06\/pinus-brasil-resinagem-08.webp 850w, https:\/\/pinusbrasil.com.br\/wp-content\/uploads\/2024\/06\/pinus-brasil-resinagem-08-300x162.webp 300w, https:\/\/pinusbrasil.com.br\/wp-content\/uploads\/2024\/06\/pinus-brasil-resinagem-08-768x416.webp 768w\" sizes=\"(max-width: 850px) 100vw, 850px\" \/>\t\t\t\t\t\t\t\t\t\t\t\t\t\t\t<\/div>\n\t\t\t\t<\/div>\n\t\t\t\t<div class=\"elementor-element elementor-element-7f85b28 elementor-widget elementor-widget-heading\" data-id=\"7f85b28\" data-element_type=\"widget\" data-widget_type=\"heading.default\">\n\t\t\t\t<div class=\"elementor-widget-container\">\n\t\t\t\t\t<h3 class=\"elementor-heading-title elementor-size-default\">1\u00aa ETAPA<\/h3>\t\t\t\t<\/div>\n\t\t\t\t<\/div>\n\t\t\t\t<div class=\"elementor-element elementor-element-7910472 elementor-widget__width-initial elementor-widget elementor-widget-heading\" data-id=\"7910472\" data-element_type=\"widget\" data-widget_type=\"heading.default\">\n\t\t\t\t<div class=\"elementor-widget-container\">\n\t\t\t\t\t<h2 class=\"elementor-heading-title elementor-size-default\">Cultivo<\/h2>\t\t\t\t<\/div>\n\t\t\t\t<\/div>\n\t\t\t\t<div class=\"elementor-element elementor-element-d7e6917 elementor-widget elementor-widget-text-editor\" data-id=\"d7e6917\" data-element_type=\"widget\" data-widget_type=\"text-editor.default\">\n\t\t\t\t<div class=\"elementor-widget-container\">\n\t\t\t\t\t\t\t\t\tLos plantines se cultivan y plantan. Hacemos el seguimiento y el mantenimiento de la madurez de la forestaci\u00f3n.\t\t\t\t\t\t\t\t<\/div>\n\t\t\t\t<\/div>\n\t\t\t\t\t<\/div>\n\t\t\t\t<\/div>\n\t\t<div class=\"elementor-element elementor-element-e2f5700 animated-fast e-flex e-con-boxed elementor-invisible e-con e-child\" data-id=\"e2f5700\" data-element_type=\"container\" data-settings=\"{&quot;background_background&quot;:&quot;classic&quot;,&quot;animation&quot;:&quot;slideInUp&quot;,&quot;animation_delay&quot;:500}\">\n\t\t\t\t\t<div class=\"e-con-inner\">\n\t\t\t\t<div class=\"elementor-element elementor-element-2498c4e elementor-widget elementor-widget-image\" data-id=\"2498c4e\" data-element_type=\"widget\" data-widget_type=\"image.default\">\n\t\t\t\t<div class=\"elementor-widget-container\">\n\t\t\t\t\t\t\t\t\t\t\t\t\t\t\t<img decoding=\"async\" width=\"850\" height=\"460\" src=\"https:\/\/pinusbrasil.com.br\/wp-content\/uploads\/2024\/08\/pinus-brasil-resinagem-11.webp\" class=\"attachment-full size-full wp-image-2804\" alt=\"\" srcset=\"https:\/\/pinusbrasil.com.br\/wp-content\/uploads\/2024\/08\/pinus-brasil-resinagem-11.webp 850w, https:\/\/pinusbrasil.com.br\/wp-content\/uploads\/2024\/08\/pinus-brasil-resinagem-11-300x162.webp 300w, https:\/\/pinusbrasil.com.br\/wp-content\/uploads\/2024\/08\/pinus-brasil-resinagem-11-768x416.webp 768w\" sizes=\"(max-width: 850px) 100vw, 850px\" \/>\t\t\t\t\t\t\t\t\t\t\t\t\t\t\t<\/div>\n\t\t\t\t<\/div>\n\t\t\t\t<div class=\"elementor-element elementor-element-424651a elementor-widget elementor-widget-heading\" data-id=\"424651a\" data-element_type=\"widget\" data-widget_type=\"heading.default\">\n\t\t\t\t<div class=\"elementor-widget-container\">\n\t\t\t\t\t<h3 class=\"elementor-heading-title elementor-size-default\">2\u00aa ETAPA<\/h3>\t\t\t\t<\/div>\n\t\t\t\t<\/div>\n\t\t\t\t<div class=\"elementor-element elementor-element-ad04e21 elementor-widget__width-initial elementor-widget elementor-widget-heading\" data-id=\"ad04e21\" data-element_type=\"widget\" data-widget_type=\"heading.default\">\n\t\t\t\t<div class=\"elementor-widget-container\">\n\t\t\t\t\t<h2 class=\"elementor-heading-title elementor-size-default\">Raleo<\/h2>\t\t\t\t<\/div>\n\t\t\t\t<\/div>\n\t\t\t\t<div class=\"elementor-element elementor-element-40aa772 elementor-widget elementor-widget-text-editor\" data-id=\"40aa772\" data-element_type=\"widget\" data-widget_type=\"text-editor.default\">\n\t\t\t\t<div class=\"elementor-widget-container\">\n\t\t\t\t\t\t\t\t\tRealizamos el raleo para disminuir la densidad y permitir el mejor crecimiento de las plantas restantes.\t\t\t\t\t\t\t\t<\/div>\n\t\t\t\t<\/div>\n\t\t\t\t\t<\/div>\n\t\t\t\t<\/div>\n\t\t<div class=\"elementor-element elementor-element-d67f89f animated-fast e-flex e-con-boxed elementor-invisible e-con e-child\" data-id=\"d67f89f\" data-element_type=\"container\" data-settings=\"{&quot;background_background&quot;:&quot;classic&quot;,&quot;animation&quot;:&quot;slideInUp&quot;,&quot;animation_delay&quot;:500}\">\n\t\t\t\t\t<div class=\"e-con-inner\">\n\t\t\t\t<div class=\"elementor-element elementor-element-1ecd846 elementor-widget elementor-widget-image\" data-id=\"1ecd846\" data-element_type=\"widget\" data-widget_type=\"image.default\">\n\t\t\t\t<div class=\"elementor-widget-container\">\n\t\t\t\t\t\t\t\t\t\t\t\t\t\t\t<img decoding=\"async\" width=\"850\" height=\"460\" src=\"https:\/\/pinusbrasil.com.br\/wp-content\/uploads\/2024\/06\/pinus-brasil-resinagem-09.webp\" class=\"attachment-full size-full wp-image-1735\" alt=\"\" srcset=\"https:\/\/pinusbrasil.com.br\/wp-content\/uploads\/2024\/06\/pinus-brasil-resinagem-09.webp 850w, https:\/\/pinusbrasil.com.br\/wp-content\/uploads\/2024\/06\/pinus-brasil-resinagem-09-300x162.webp 300w, https:\/\/pinusbrasil.com.br\/wp-content\/uploads\/2024\/06\/pinus-brasil-resinagem-09-768x416.webp 768w\" sizes=\"(max-width: 850px) 100vw, 850px\" \/>\t\t\t\t\t\t\t\t\t\t\t\t\t\t\t<\/div>\n\t\t\t\t<\/div>\n\t\t\t\t<div class=\"elementor-element elementor-element-5152479 elementor-widget elementor-widget-heading\" data-id=\"5152479\" data-element_type=\"widget\" data-widget_type=\"heading.default\">\n\t\t\t\t<div class=\"elementor-widget-container\">\n\t\t\t\t\t<h3 class=\"elementor-heading-title elementor-size-default\">3\u00aa ETAPA<\/h3>\t\t\t\t<\/div>\n\t\t\t\t<\/div>\n\t\t\t\t<div class=\"elementor-element elementor-element-650718a elementor-widget__width-initial elementor-widget elementor-widget-heading\" data-id=\"650718a\" data-element_type=\"widget\" data-widget_type=\"heading.default\">\n\t\t\t\t<div class=\"elementor-widget-container\">\n\t\t\t\t\t<h2 class=\"elementor-heading-title elementor-size-default\">Poda<\/h2>\t\t\t\t<\/div>\n\t\t\t\t<\/div>\n\t\t\t\t<div class=\"elementor-element elementor-element-ffd19cf elementor-widget elementor-widget-text-editor\" data-id=\"ffd19cf\" data-element_type=\"widget\" data-widget_type=\"text-editor.default\">\n\t\t\t\t<div class=\"elementor-widget-container\">\n\t\t\t\t\t\t\t\t\tHacemos la poda, el proceso que deja la madera limpia y libre de nudos.\t\t\t\t\t\t\t\t<\/div>\n\t\t\t\t<\/div>\n\t\t\t\t\t<\/div>\n\t\t\t\t<\/div>\n\t\t<div class=\"elementor-element elementor-element-818bee7 animated-fast e-flex e-con-boxed elementor-invisible e-con e-child\" data-id=\"818bee7\" data-element_type=\"container\" data-settings=\"{&quot;background_background&quot;:&quot;classic&quot;,&quot;animation&quot;:&quot;slideInUp&quot;,&quot;animation_delay&quot;:500}\">\n\t\t\t\t\t<div class=\"e-con-inner\">\n\t\t\t\t<div class=\"elementor-element elementor-element-4fd842a elementor-widget elementor-widget-image\" data-id=\"4fd842a\" data-element_type=\"widget\" data-widget_type=\"image.default\">\n\t\t\t\t<div class=\"elementor-widget-container\">\n\t\t\t\t\t\t\t\t\t\t\t\t\t\t\t<img loading=\"lazy\" decoding=\"async\" width=\"850\" height=\"460\" src=\"https:\/\/pinusbrasil.com.br\/wp-content\/uploads\/2024\/06\/pinus-brasil-resinagem-02.webp\" class=\"attachment-full size-full wp-image-1714\" alt=\"\" srcset=\"https:\/\/pinusbrasil.com.br\/wp-content\/uploads\/2024\/06\/pinus-brasil-resinagem-02.webp 850w, https:\/\/pinusbrasil.com.br\/wp-content\/uploads\/2024\/06\/pinus-brasil-resinagem-02-300x162.webp 300w, https:\/\/pinusbrasil.com.br\/wp-content\/uploads\/2024\/06\/pinus-brasil-resinagem-02-768x416.webp 768w\" sizes=\"(max-width: 850px) 100vw, 850px\" \/>\t\t\t\t\t\t\t\t\t\t\t\t\t\t\t<\/div>\n\t\t\t\t<\/div>\n\t\t\t\t<div class=\"elementor-element elementor-element-142f2c4 elementor-widget elementor-widget-heading\" data-id=\"142f2c4\" data-element_type=\"widget\" data-widget_type=\"heading.default\">\n\t\t\t\t<div class=\"elementor-widget-container\">\n\t\t\t\t\t<h3 class=\"elementor-heading-title elementor-size-default\">4\u00aa ETAPA<\/h3>\t\t\t\t<\/div>\n\t\t\t\t<\/div>\n\t\t\t\t<div class=\"elementor-element elementor-element-9499f3d elementor-widget__width-initial elementor-widget elementor-widget-heading\" data-id=\"9499f3d\" data-element_type=\"widget\" data-widget_type=\"heading.default\">\n\t\t\t\t<div class=\"elementor-widget-container\">\n\t\t\t\t\t<h2 class=\"elementor-heading-title elementor-size-default\">Picas<\/h2>\t\t\t\t<\/div>\n\t\t\t\t<\/div>\n\t\t\t\t<div class=\"elementor-element elementor-element-5ea1c88 elementor-widget elementor-widget-text-editor\" data-id=\"5ea1c88\" data-element_type=\"widget\" data-widget_type=\"text-editor.default\">\n\t\t\t\t<div class=\"elementor-widget-container\">\n\t\t\t\t\t\t\t\t\tUnos 10 a\u00f1os despu\u00e9s, instalamos sacos en los \u00e1rboles y hacemos, peri\u00f3dicamente, cortes en la corteza (picas), manteniendo abiertos los canales resin\u00edferos.\t\t\t\t\t\t\t\t<\/div>\n\t\t\t\t<\/div>\n\t\t\t\t\t<\/div>\n\t\t\t\t<\/div>\n\t\t<div class=\"elementor-element elementor-element-4780a46 animated-fast e-flex e-con-boxed elementor-invisible e-con e-child\" data-id=\"4780a46\" data-element_type=\"container\" data-settings=\"{&quot;background_background&quot;:&quot;classic&quot;,&quot;animation&quot;:&quot;slideInUp&quot;,&quot;animation_delay&quot;:500}\">\n\t\t\t\t\t<div class=\"e-con-inner\">\n\t\t\t\t<div class=\"elementor-element elementor-element-d0d81e0 elementor-widget elementor-widget-image\" data-id=\"d0d81e0\" data-element_type=\"widget\" data-widget_type=\"image.default\">\n\t\t\t\t<div class=\"elementor-widget-container\">\n\t\t\t\t\t\t\t\t\t\t\t\t\t\t\t<img loading=\"lazy\" decoding=\"async\" width=\"850\" height=\"460\" src=\"https:\/\/pinusbrasil.com.br\/wp-content\/uploads\/2024\/06\/pinus-brasil-resinagem-05.webp\" class=\"attachment-full size-full wp-image-1723\" alt=\"\" srcset=\"https:\/\/pinusbrasil.com.br\/wp-content\/uploads\/2024\/06\/pinus-brasil-resinagem-05.webp 850w, https:\/\/pinusbrasil.com.br\/wp-content\/uploads\/2024\/06\/pinus-brasil-resinagem-05-300x162.webp 300w, https:\/\/pinusbrasil.com.br\/wp-content\/uploads\/2024\/06\/pinus-brasil-resinagem-05-768x416.webp 768w\" sizes=\"(max-width: 850px) 100vw, 850px\" \/>\t\t\t\t\t\t\t\t\t\t\t\t\t\t\t<\/div>\n\t\t\t\t<\/div>\n\t\t\t\t<div class=\"elementor-element elementor-element-7219383 elementor-widget elementor-widget-heading\" data-id=\"7219383\" data-element_type=\"widget\" data-widget_type=\"heading.default\">\n\t\t\t\t<div class=\"elementor-widget-container\">\n\t\t\t\t\t<h3 class=\"elementor-heading-title elementor-size-default\">5\u00aa ETAPA<\/h3>\t\t\t\t<\/div>\n\t\t\t\t<\/div>\n\t\t\t\t<div class=\"elementor-element elementor-element-97074b9 elementor-widget__width-initial elementor-widget elementor-widget-heading\" data-id=\"97074b9\" data-element_type=\"widget\" data-widget_type=\"heading.default\">\n\t\t\t\t<div class=\"elementor-widget-container\">\n\t\t\t\t\t<h2 class=\"elementor-heading-title elementor-size-default\">Recolecc\u00edon<\/h2>\t\t\t\t<\/div>\n\t\t\t\t<\/div>\n\t\t\t\t<div class=\"elementor-element elementor-element-5b1c62d elementor-widget elementor-widget-text-editor\" data-id=\"5b1c62d\" data-element_type=\"widget\" data-widget_type=\"text-editor.default\">\n\t\t\t\t<div class=\"elementor-widget-container\">\n\t\t\t\t\t\t\t\t\tLa resina de goma de los \u00e1rboles se expele, se acumula en sacos y peri\u00f3dicamente se recolecta.\t\t\t\t\t\t\t\t<\/div>\n\t\t\t\t<\/div>\n\t\t\t\t\t<\/div>\n\t\t\t\t<\/div>\n\t\t<div class=\"elementor-element elementor-element-4c985ad animated-fast e-flex e-con-boxed elementor-invisible e-con e-child\" data-id=\"4c985ad\" data-element_type=\"container\" data-settings=\"{&quot;background_background&quot;:&quot;classic&quot;,&quot;animation&quot;:&quot;slideInUp&quot;,&quot;animation_delay&quot;:500}\">\n\t\t\t\t\t<div class=\"e-con-inner\">\n\t\t\t\t<div class=\"elementor-element elementor-element-8d47bf3 elementor-widget elementor-widget-image\" data-id=\"8d47bf3\" data-element_type=\"widget\" data-widget_type=\"image.default\">\n\t\t\t\t<div class=\"elementor-widget-container\">\n\t\t\t\t\t\t\t\t\t\t\t\t\t\t\t<img loading=\"lazy\" decoding=\"async\" width=\"850\" height=\"460\" src=\"https:\/\/pinusbrasil.com.br\/wp-content\/uploads\/2024\/06\/pinus-brasil-resinagem-06.webp\" class=\"attachment-full size-full wp-image-1726\" alt=\"\" srcset=\"https:\/\/pinusbrasil.com.br\/wp-content\/uploads\/2024\/06\/pinus-brasil-resinagem-06.webp 850w, https:\/\/pinusbrasil.com.br\/wp-content\/uploads\/2024\/06\/pinus-brasil-resinagem-06-300x162.webp 300w, https:\/\/pinusbrasil.com.br\/wp-content\/uploads\/2024\/06\/pinus-brasil-resinagem-06-768x416.webp 768w\" sizes=\"(max-width: 850px) 100vw, 850px\" \/>\t\t\t\t\t\t\t\t\t\t\t\t\t\t\t<\/div>\n\t\t\t\t<\/div>\n\t\t\t\t<div class=\"elementor-element elementor-element-bb03e6f elementor-widget elementor-widget-heading\" data-id=\"bb03e6f\" data-element_type=\"widget\" data-widget_type=\"heading.default\">\n\t\t\t\t<div class=\"elementor-widget-container\">\n\t\t\t\t\t<h3 class=\"elementor-heading-title elementor-size-default\">6\u00aa ETAPA<\/h3>\t\t\t\t<\/div>\n\t\t\t\t<\/div>\n\t\t\t\t<div class=\"elementor-element elementor-element-861ace8 elementor-widget__width-initial elementor-widget elementor-widget-heading\" data-id=\"861ace8\" data-element_type=\"widget\" data-widget_type=\"heading.default\">\n\t\t\t\t<div class=\"elementor-widget-container\">\n\t\t\t\t\t<h2 class=\"elementor-heading-title elementor-size-default\">Almacenamiento<\/h2>\t\t\t\t<\/div>\n\t\t\t\t<\/div>\n\t\t\t\t<div class=\"elementor-element elementor-element-495b272 elementor-widget elementor-widget-text-editor\" data-id=\"495b272\" data-element_type=\"widget\" data-widget_type=\"text-editor.default\">\n\t\t\t\t<div class=\"elementor-widget-container\">\n\t\t\t\t\t\t\t\t\tLa resina de goma se almacena en tanques o en tambores y se transporta a la industria.\t\t\t\t\t\t\t\t<\/div>\n\t\t\t\t<\/div>\n\t\t\t\t\t<\/div>\n\t\t\t\t<\/div>\n\t\t<div class=\"elementor-element elementor-element-8de0b51 animated-fast e-flex e-con-boxed elementor-invisible e-con e-child\" data-id=\"8de0b51\" data-element_type=\"container\" data-settings=\"{&quot;background_background&quot;:&quot;classic&quot;,&quot;animation&quot;:&quot;slideInUp&quot;,&quot;animation_delay&quot;:500}\">\n\t\t\t\t\t<div class=\"e-con-inner\">\n\t\t\t\t<div class=\"elementor-element elementor-element-fc339ec elementor-widget elementor-widget-image\" data-id=\"fc339ec\" data-element_type=\"widget\" data-widget_type=\"image.default\">\n\t\t\t\t<div class=\"elementor-widget-container\">\n\t\t\t\t\t\t\t\t\t\t\t\t\t\t\t<img loading=\"lazy\" decoding=\"async\" width=\"850\" height=\"460\" src=\"https:\/\/pinusbrasil.com.br\/wp-content\/uploads\/2024\/08\/pinus-brasil-resinagem-10.webp\" class=\"attachment-full size-full wp-image-2262\" alt=\"\" srcset=\"https:\/\/pinusbrasil.com.br\/wp-content\/uploads\/2024\/08\/pinus-brasil-resinagem-10.webp 850w, https:\/\/pinusbrasil.com.br\/wp-content\/uploads\/2024\/08\/pinus-brasil-resinagem-10-300x162.webp 300w, https:\/\/pinusbrasil.com.br\/wp-content\/uploads\/2024\/08\/pinus-brasil-resinagem-10-768x416.webp 768w\" sizes=\"(max-width: 850px) 100vw, 850px\" \/>\t\t\t\t\t\t\t\t\t\t\t\t\t\t\t<\/div>\n\t\t\t\t<\/div>\n\t\t\t\t<div class=\"elementor-element elementor-element-ea54672 elementor-widget elementor-widget-heading\" data-id=\"ea54672\" data-element_type=\"widget\" data-widget_type=\"heading.default\">\n\t\t\t\t<div class=\"elementor-widget-container\">\n\t\t\t\t\t<h3 class=\"elementor-heading-title elementor-size-default\">7\u00aa ETAPA<\/h3>\t\t\t\t<\/div>\n\t\t\t\t<\/div>\n\t\t\t\t<div class=\"elementor-element elementor-element-8921b0b elementor-widget__width-initial elementor-widget elementor-widget-heading\" data-id=\"8921b0b\" data-element_type=\"widget\" data-widget_type=\"heading.default\">\n\t\t\t\t<div class=\"elementor-widget-container\">\n\t\t\t\t\t<h2 class=\"elementor-heading-title elementor-size-default\">Producci\u00f3n<\/h2>\t\t\t\t<\/div>\n\t\t\t\t<\/div>\n\t\t\t\t<div class=\"elementor-element elementor-element-ac70bf3 elementor-widget elementor-widget-text-editor\" data-id=\"ac70bf3\" data-element_type=\"widget\" data-widget_type=\"text-editor.default\">\n\t\t\t\t<div class=\"elementor-widget-container\">\n\t\t\t\t\t\t\t\t\tLa resina de goma finalmente se utiliza como insumo para la fabricaci\u00f3n de una extensa l\u00ednea de productos.\t\t\t\t\t\t\t\t<\/div>\n\t\t\t\t<\/div>\n\t\t\t\t\t<\/div>\n\t\t\t\t<\/div>\n\t\t\t\t\t<\/div>\n\t\t\t\t<\/div>\n\t\t\t\t<\/div>\n\t\t","protected":false},"excerpt":{"rendered":"<p>Resinaci\u00f3n C\u00f3mo se realiza la resinaci\u00f3n \u00a1Una operaci\u00f3n que trae buenos resultados a la industria y al medioambiente! La Resinaci\u00f3n [&hellip;]<\/p>\n","protected":false},"author":1,"featured_media":0,"parent":0,"menu_order":0,"comment_status":"closed","ping_status":"closed","template":"elementor_header_footer","meta":{"_acf_changed":false,"site-sidebar-layout":"no-sidebar","site-content-layout":"","ast-site-content-layout":"full-width-container","site-content-style":"default","site-sidebar-style":"default","ast-global-header-display":"","ast-banner-title-visibility":"","ast-main-header-display":"","ast-hfb-above-header-display":"","ast-hfb-below-header-display":"","ast-hfb-mobile-header-display":"","site-post-title":"disabled","ast-breadcrumbs-content":"","ast-featured-img":"disabled","footer-sml-layout":"","ast-disable-related-posts":"","theme-transparent-header-meta":"","adv-header-id-meta":"","stick-header-meta":"","header-above-stick-meta":"","header-main-stick-meta":"","header-below-stick-meta":"","astra-migrate-meta-layouts":"default","ast-page-background-enabled":"default","ast-page-background-meta":{"desktop":{"background-color":"var(--ast-global-color-4)","background-image":"","background-repeat":"repeat","background-position":"center center","background-size":"auto","background-attachment":"scroll","background-type":"","background-media":"","overlay-type":"","overlay-color":"","overlay-opacity":"","overlay-gradient":""},"tablet":{"background-color":"","background-image":"","background-repeat":"repeat","background-position":"center center","background-size":"auto","background-attachment":"scroll","background-type":"","background-media":"","overlay-type":"","overlay-color":"","overlay-opacity":"","overlay-gradient":""},"mobile":{"background-color":"","background-image":"","background-repeat":"repeat","background-position":"center center","background-size":"auto","background-attachment":"scroll","background-type":"","background-media":"","overlay-type":"","overlay-color":"","overlay-opacity":"","overlay-gradient":""}},"ast-content-background-meta":{"desktop":{"background-color":"var(--ast-global-color-5)","background-image":"","background-repeat":"repeat","background-position":"center center","background-size":"auto","background-attachment":"scroll","background-type":"","background-media":"","overlay-type":"","overlay-color":"","overlay-opacity":"","overlay-gradient":""},"tablet":{"background-color":"var(--ast-global-color-5)","background-image":"","background-repeat":"repeat","background-position":"center center","background-size":"auto","background-attachment":"scroll","background-type":"","background-media":"","overlay-type":"","overlay-color":"","overlay-opacity":"","overlay-gradient":""},"mobile":{"background-color":"var(--ast-global-color-5)","background-image":"","background-repeat":"repeat","background-position":"center center","background-size":"auto","background-attachment":"scroll","background-type":"","background-media":"","overlay-type":"","overlay-color":"","overlay-opacity":"","overlay-gradient":""}},"footnotes":""},"class_list":["post-2964","page","type-page","status-publish","hentry"],"acf":[],"_links":{"self":[{"href":"https:\/\/pinusbrasil.com.br\/es\/wp-json\/wp\/v2\/pages\/2964","targetHints":{"allow":["GET"]}}],"collection":[{"href":"https:\/\/pinusbrasil.com.br\/es\/wp-json\/wp\/v2\/pages"}],"about":[{"href":"https:\/\/pinusbrasil.com.br\/es\/wp-json\/wp\/v2\/types\/page"}],"author":[{"embeddable":true,"href":"https:\/\/pinusbrasil.com.br\/es\/wp-json\/wp\/v2\/users\/1"}],"replies":[{"embeddable":true,"href":"https:\/\/pinusbrasil.com.br\/es\/wp-json\/wp\/v2\/comments?post=2964"}],"version-history":[{"count":7,"href":"https:\/\/pinusbrasil.com.br\/es\/wp-json\/wp\/v2\/pages\/2964\/revisions"}],"predecessor-version":[{"id":3602,"href":"https:\/\/pinusbrasil.com.br\/es\/wp-json\/wp\/v2\/pages\/2964\/revisions\/3602"}],"wp:attachment":[{"href":"https:\/\/pinusbrasil.com.br\/es\/wp-json\/wp\/v2\/media?parent=2964"}],"curies":[{"name":"wp","href":"https:\/\/api.w.org\/{rel}","templated":true}]}}