{"id":2960,"date":"2024-07-06T14:34:42","date_gmt":"2024-07-06T17:34:42","guid":{"rendered":"https:\/\/pinusbrasil.com.br\/inovacao\/"},"modified":"2024-09-16T16:02:45","modified_gmt":"2024-09-16T19:02:45","slug":"innovacion","status":"publish","type":"page","link":"https:\/\/pinusbrasil.com.br\/es\/innovacion\/","title":{"rendered":"Innovaci\u00f3n"},"content":{"rendered":"\t\t<div data-elementor-type=\"wp-page\" data-elementor-id=\"2960\" class=\"elementor elementor-2960 elementor-1745\" data-elementor-post-type=\"page\">\n\t\t\t\t<div class=\"elementor-element elementor-element-41e94959 e-con-full e-flex e-con e-parent\" data-id=\"41e94959\" data-element_type=\"container\" id=\"banner-de-topo\" data-settings=\"{&quot;background_background&quot;:&quot;classic&quot;}\">\n\t\t\t\t<div class=\"elementor-element elementor-element-180a410 elementor-widget__width-inherit elementor-widget elementor-widget-heading\" data-id=\"180a410\" data-element_type=\"widget\" data-widget_type=\"heading.default\">\n\t\t\t\t<div class=\"elementor-widget-container\">\n\t\t\t\t\t<h1 class=\"elementor-heading-title elementor-size-default\">Innovaci\u00f3n<\/h1>\t\t\t\t<\/div>\n\t\t\t\t<\/div>\n\t\t\t\t<\/div>\n\t\t<div class=\"elementor-element elementor-element-7df83c3 e-con-full e-flex e-con e-parent\" data-id=\"7df83c3\" data-element_type=\"container\" id=\"inovacao-pinus-brasil\" data-settings=\"{&quot;background_background&quot;:&quot;classic&quot;}\">\n\t\t\t\t<div class=\"elementor-element elementor-element-5d6ba47 elementor-widget__width-inherit elementor-widget elementor-widget-heading\" data-id=\"5d6ba47\" data-element_type=\"widget\" data-widget_type=\"heading.default\">\n\t\t\t\t<div class=\"elementor-widget-container\">\n\t\t\t\t\t<h1 class=\"elementor-heading-title elementor-size-default\">Innovar es parte de nuestro ADN<\/h1>\t\t\t\t<\/div>\n\t\t\t\t<\/div>\n\t\t\t\t<div class=\"elementor-element elementor-element-9eaed89 elementor-widget__width-initial elementor-widget elementor-widget-text-editor\" data-id=\"9eaed89\" data-element_type=\"widget\" data-widget_type=\"text-editor.default\">\n\t\t\t\t<div class=\"elementor-widget-container\">\n\t\t\t\t\t\t\t\t\tEl Grupo Pinus Brasil invierte en investigaci\u00f3n y desarrollo hace m\u00e1s de cuatro d\u00e9cadas.\t\t\t\t\t\t\t\t<\/div>\n\t\t\t\t<\/div>\n\t\t<div class=\"elementor-element elementor-element-9dfb265 e-flex e-con-boxed e-con e-child\" data-id=\"9dfb265\" data-element_type=\"container\">\n\t\t\t\t\t<div class=\"e-con-inner\">\n\t\t<div class=\"elementor-element elementor-element-f4f0a56 e-con-full bloco e-flex e-con e-child\" data-id=\"f4f0a56\" data-element_type=\"container\">\n\t\t\t\t<div class=\"elementor-element elementor-element-deebc1d elementor-widget elementor-widget-text-editor\" data-id=\"deebc1d\" data-element_type=\"widget\" data-widget_type=\"text-editor.default\">\n\t\t\t\t<div class=\"elementor-widget-container\">\n\t\t\t\t\t\t\t\t\tEl \u00e9xito de una empresa est\u00e1 intr\u00ednsecamente conectado a la creatividad. Es la b\u00fasqueda incesante por hacerlo diferente y mejor que nuestros competidores lo que nos fortalece, abre mercados, atrae asociaciones e impulsa nuestra presencia global. Por esto, trabajamos con un foco permanente en la innovaci\u00f3n.<\/p>\n\nEs as\u00ed desde 1982, cuando la compa\u00f1\u00eda comenz\u00f3 a desarrollar diversas variedades de plantines de Pinos en conjunto con varias universidades brasileras y \u00f3rganos de investigaci\u00f3n. Este trabajo tuvo como resultado el aumento de la precocidad en la madurez de la forestaci\u00f3n, gener\u00f3 mayor productividad de resina por \u00e1rbol y, consecuentemente, mayor rentabilidad.<\/p>\n\nEs un inmenso orgullo contar con un cuerpo t\u00e9cnico tan calificado, con profesionales especializados, con experiencia y detallistas, listos para simplificar el futuro y anticipar las mejor\u00edas que, sin ellos, demorar\u00edan a\u00f1os en convertirse en realidad.<\/p>\n\nContamos, en nuestro equipo, con ingenieros agr\u00f3nomos, ingenieros forestales, ingenieros qu\u00edmicos y colaboradores no titulados, pero igualmente capacitados.<\/p>\n\nEs un grupo que contribuye diariamente al \u00e9xito del Grupo Pinus Brasil, creando soluciones que nos permiten atender desde peque\u00f1as empresas hasta conglomerados globales de los m\u00e1s variados sectores.\t\t\t\t\t\t\t\t<\/div>\n\t\t\t\t<\/div>\n\t\t\t\t<\/div>\n\t\t\t\t\t<\/div>\n\t\t\t\t<\/div>\n\t\t\t\t<\/div>\n\t\t<div class=\"elementor-element elementor-element-d07e816 e-con-full e-flex e-con e-parent\" data-id=\"d07e816\" data-element_type=\"container\" id=\"linha-de-produtos\">\n\t\t<div class=\"elementor-element elementor-element-681ce8b e-con-full e-flex e-con e-child\" data-id=\"681ce8b\" data-element_type=\"container\">\n\t\t\t\t<div class=\"elementor-element elementor-element-6cc0f43 elementor-widget__width-initial animated-fast elementor-invisible elementor-widget elementor-widget-image\" data-id=\"6cc0f43\" data-element_type=\"widget\" data-settings=\"{&quot;_animation&quot;:&quot;slideInLeft&quot;}\" data-widget_type=\"image.default\">\n\t\t\t\t<div class=\"elementor-widget-container\">\n\t\t\t\t\t\t\t\t\t\t\t\t\t\t\t<img fetchpriority=\"high\" decoding=\"async\" width=\"850\" height=\"460\" src=\"https:\/\/pinusbrasil.com.br\/wp-content\/uploads\/2024\/07\/pinus-brasil-inovacao-pesquisa-desenvolvimento-04.webp\" class=\"attachment-full size-full wp-image-1783\" alt=\"\" srcset=\"https:\/\/pinusbrasil.com.br\/wp-content\/uploads\/2024\/07\/pinus-brasil-inovacao-pesquisa-desenvolvimento-04.webp 850w, https:\/\/pinusbrasil.com.br\/wp-content\/uploads\/2024\/07\/pinus-brasil-inovacao-pesquisa-desenvolvimento-04-300x162.webp 300w, https:\/\/pinusbrasil.com.br\/wp-content\/uploads\/2024\/07\/pinus-brasil-inovacao-pesquisa-desenvolvimento-04-768x416.webp 768w\" sizes=\"(max-width: 850px) 100vw, 850px\" \/>\t\t\t\t\t\t\t\t\t\t\t\t\t\t\t<\/div>\n\t\t\t\t<\/div>\n\t\t\t\t<\/div>\n\t\t<div class=\"elementor-element elementor-element-7cd8a38 e-con-full e-flex e-con e-child\" data-id=\"7cd8a38\" data-element_type=\"container\">\n\t\t\t\t<div class=\"elementor-element elementor-element-78c2cac elementor-widget__width-initial animated-fast elementor-invisible elementor-widget elementor-widget-image\" data-id=\"78c2cac\" data-element_type=\"widget\" data-settings=\"{&quot;_animation&quot;:&quot;slideInRight&quot;}\" data-widget_type=\"image.default\">\n\t\t\t\t<div class=\"elementor-widget-container\">\n\t\t\t\t\t\t\t\t\t\t\t\t\t\t\t<img decoding=\"async\" width=\"850\" height=\"460\" src=\"https:\/\/pinusbrasil.com.br\/wp-content\/uploads\/2024\/07\/pinus-brasil-inovacao-pesquisa-desenvolvimento-05.webp\" class=\"attachment-full size-full wp-image-1791\" alt=\"\" srcset=\"https:\/\/pinusbrasil.com.br\/wp-content\/uploads\/2024\/07\/pinus-brasil-inovacao-pesquisa-desenvolvimento-05.webp 850w, https:\/\/pinusbrasil.com.br\/wp-content\/uploads\/2024\/07\/pinus-brasil-inovacao-pesquisa-desenvolvimento-05-300x162.webp 300w, https:\/\/pinusbrasil.com.br\/wp-content\/uploads\/2024\/07\/pinus-brasil-inovacao-pesquisa-desenvolvimento-05-768x416.webp 768w\" sizes=\"(max-width: 850px) 100vw, 850px\" \/>\t\t\t\t\t\t\t\t\t\t\t\t\t\t\t<\/div>\n\t\t\t\t<\/div>\n\t\t\t\t<\/div>\n\t\t\t\t<\/div>\n\t\t<div class=\"elementor-element elementor-element-ff56356 e-con-full e-flex e-con e-parent\" data-id=\"ff56356\" data-element_type=\"container\" id=\"pesquisa-e-desenvolvimento\" data-settings=\"{&quot;background_background&quot;:&quot;classic&quot;}\">\n\t\t\t\t<div class=\"elementor-element elementor-element-2394c3a elementor-widget__width-inherit elementor-widget elementor-widget-heading\" data-id=\"2394c3a\" data-element_type=\"widget\" data-widget_type=\"heading.default\">\n\t\t\t\t<div class=\"elementor-widget-container\">\n\t\t\t\t\t<h1 class=\"elementor-heading-title elementor-size-default\">Investigaci\u00f3n y Desarrollo<\/h1>\t\t\t\t<\/div>\n\t\t\t\t<\/div>\n\t\t\t\t<div class=\"elementor-element elementor-element-999998c elementor-widget__width-initial elementor-widget elementor-widget-text-editor\" data-id=\"999998c\" data-element_type=\"widget\" data-widget_type=\"text-editor.default\">\n\t\t\t\t<div class=\"elementor-widget-container\">\n\t\t\t\t\t\t\t\t\tEl \u00e1rea de Investigaci\u00f3n y Desarrollo del Grupo Pinus Brasil tiene la misi\u00f3n de desarrollar nuevos productos y ofrecer soluciones innovadoras a nuestros clientes.\t\t\t\t\t\t\t\t<\/div>\n\t\t\t\t<\/div>\n\t\t<div class=\"elementor-element elementor-element-210a9ac e-flex e-con-boxed e-con e-child\" data-id=\"210a9ac\" data-element_type=\"container\">\n\t\t\t\t\t<div class=\"e-con-inner\">\n\t\t<div class=\"elementor-element elementor-element-de90189 e-con-full bloco e-flex e-con e-child\" data-id=\"de90189\" data-element_type=\"container\">\n\t\t\t\t<div class=\"elementor-element elementor-element-1c679cb elementor-widget elementor-widget-text-editor\" data-id=\"1c679cb\" data-element_type=\"widget\" data-widget_type=\"text-editor.default\">\n\t\t\t\t<div class=\"elementor-widget-container\">\n\t\t\t\t\t\t\t\t\tUn buen ejemplo de esto es el segmento Qu\u00edmico, en el que comenzamos solo con Colofonia y Trementina y, actualmente, contamos con m\u00e1s de 30 productos en diversas variantes y especificaciones.<\/p>\n\nMuchas veces, el desarrollo nace a partir de la solicitud del propio cliente, que tiene alguna dificultad en su proceso productivo y cuenta con nuestra inteligencia en P&#038;D para encontrar una soluci\u00f3n viable, tanto desde el punto de vista fabril como del comercial.<\/p>\n\nRecibimos la demanda, apuntamos los detalles, investigamos profundamente el problema y testamos una enorme cantidad de opciones hasta llegar a la soluci\u00f3n definitiva. Esto vale tanto para el desarrollo como para los ajustes en productos de nuestra l\u00ednea, donde precisamos generar valor agregado en la asociaci\u00f3n.<\/p>\n\nAdem\u00e1s, por iniciativa propia, desarrollamos y les presentamos a los clientes productos que pueden contribuir a sus f\u00f3rmulas, reduciendo costos o dando origen a nuevos productos para el mercado.\t\t\t\t\t\t\t\t<\/div>\n\t\t\t\t<\/div>\n\t\t\t\t<div class=\"elementor-element elementor-element-ff7954c elementor-align-center elementor-widget__width-initial elementor-widget elementor-widget-button\" data-id=\"ff7954c\" data-element_type=\"widget\" data-widget_type=\"button.default\">\n\t\t\t\t<div class=\"elementor-widget-container\">\n\t\t\t\t\t\t\t\t\t<div class=\"elementor-button-wrapper\">\n\t\t\t\t\t<a class=\"elementor-button elementor-size-sm\" role=\"button\" id=\"bt-produtos\">\n\t\t\t\t\t\t<span class=\"elementor-button-content-wrapper\">\n\t\t\t\t\t\t\t\t\t<span class=\"elementor-button-text\">CONOZCA NUESTROS PRODUCTOS<\/span>\n\t\t\t\t\t<\/span>\n\t\t\t\t\t<\/a>\n\t\t\t\t<\/div>\n\t\t\t\t\t\t\t\t<\/div>\n\t\t\t\t<\/div>\n\t\t\t\t<\/div>\n\t\t\t\t\t<\/div>\n\t\t\t\t<\/div>\n\t\t\t\t<\/div>\n\t\t<div class=\"elementor-element elementor-element-f9c92db e-con-full e-flex e-con e-parent\" data-id=\"f9c92db\" data-element_type=\"container\">\n\t\t<div class=\"elementor-element elementor-element-fbeb1f2 e-con-full e-flex e-con e-child\" data-id=\"fbeb1f2\" data-element_type=\"container\">\n\t\t\t\t<div class=\"elementor-element elementor-element-23d8520 elementor-widget__width-initial animated-fast elementor-invisible elementor-widget elementor-widget-image\" data-id=\"23d8520\" data-element_type=\"widget\" data-settings=\"{&quot;_animation&quot;:&quot;slideInLeft&quot;}\" data-widget_type=\"image.default\">\n\t\t\t\t<div class=\"elementor-widget-container\">\n\t\t\t\t\t\t\t\t\t\t\t\t\t\t\t<img decoding=\"async\" width=\"850\" height=\"460\" src=\"https:\/\/pinusbrasil.com.br\/wp-content\/uploads\/2024\/07\/pinus-brasil-inovacao-pesquisa-desenvolvimento-02.webp\" class=\"attachment-full size-full wp-image-1775\" alt=\"\" srcset=\"https:\/\/pinusbrasil.com.br\/wp-content\/uploads\/2024\/07\/pinus-brasil-inovacao-pesquisa-desenvolvimento-02.webp 850w, https:\/\/pinusbrasil.com.br\/wp-content\/uploads\/2024\/07\/pinus-brasil-inovacao-pesquisa-desenvolvimento-02-300x162.webp 300w, https:\/\/pinusbrasil.com.br\/wp-content\/uploads\/2024\/07\/pinus-brasil-inovacao-pesquisa-desenvolvimento-02-768x416.webp 768w\" sizes=\"(max-width: 850px) 100vw, 850px\" \/>\t\t\t\t\t\t\t\t\t\t\t\t\t\t\t<\/div>\n\t\t\t\t<\/div>\n\t\t\t\t<\/div>\n\t\t<div class=\"elementor-element elementor-element-9de83ad e-con-full e-flex e-con e-child\" data-id=\"9de83ad\" data-element_type=\"container\">\n\t\t\t\t<div class=\"elementor-element elementor-element-7d7f0a1 elementor-widget__width-initial animated-fast elementor-invisible elementor-widget elementor-widget-image\" data-id=\"7d7f0a1\" data-element_type=\"widget\" data-settings=\"{&quot;_animation&quot;:&quot;slideInRight&quot;}\" data-widget_type=\"image.default\">\n\t\t\t\t<div class=\"elementor-widget-container\">\n\t\t\t\t\t\t\t\t\t\t\t\t\t\t\t<img loading=\"lazy\" decoding=\"async\" width=\"850\" height=\"460\" src=\"https:\/\/pinusbrasil.com.br\/wp-content\/uploads\/2024\/07\/pinus-brasil-inovacao-pesquisa-desenvolvimento-01.webp\" class=\"attachment-full size-full wp-image-1771\" alt=\"\" srcset=\"https:\/\/pinusbrasil.com.br\/wp-content\/uploads\/2024\/07\/pinus-brasil-inovacao-pesquisa-desenvolvimento-01.webp 850w, https:\/\/pinusbrasil.com.br\/wp-content\/uploads\/2024\/07\/pinus-brasil-inovacao-pesquisa-desenvolvimento-01-300x162.webp 300w, https:\/\/pinusbrasil.com.br\/wp-content\/uploads\/2024\/07\/pinus-brasil-inovacao-pesquisa-desenvolvimento-01-768x416.webp 768w\" sizes=\"(max-width: 850px) 100vw, 850px\" \/>\t\t\t\t\t\t\t\t\t\t\t\t\t\t\t<\/div>\n\t\t\t\t<\/div>\n\t\t\t\t<\/div>\n\t\t\t\t<\/div>\n\t\t<div class=\"elementor-element elementor-element-47c91bae e-flex e-con-boxed e-con e-parent\" data-id=\"47c91bae\" data-element_type=\"container\" id=\"integracao-e-sustentabilidade\" data-settings=\"{&quot;background_background&quot;:&quot;classic&quot;}\">\n\t\t\t\t\t<div class=\"e-con-inner\">\n\t\t\t\t<div class=\"elementor-element elementor-element-6faa6b8d elementor-headline--style-rotate elementor-widget elementor-widget-animated-headline\" data-id=\"6faa6b8d\" data-element_type=\"widget\" data-settings=\"{&quot;headline_style&quot;:&quot;rotate&quot;,&quot;rotating_text&quot;:&quot;Sustentabilidad&quot;,&quot;rotate_iteration_delay&quot;:1000,&quot;animation_type&quot;:&quot;typing&quot;,&quot;loop&quot;:&quot;yes&quot;}\" data-widget_type=\"animated-headline.default\">\n\t\t\t\t<div class=\"elementor-widget-container\">\n\t\t\t\t\t\t\t<h1 class=\"elementor-headline elementor-headline-animation-type-typing elementor-headline-letters\">\n\t\t\t\t\t<span class=\"elementor-headline-plain-text elementor-headline-text-wrapper\">Integraci\u00f3n y<\/span>\n\t\t\t\t<span class=\"elementor-headline-dynamic-wrapper elementor-headline-text-wrapper\">\n\t\t\t\t\t<span class=\"elementor-headline-dynamic-text elementor-headline-text-active\">\n\t\t\t\tSustentabilidad\t\t\t<\/span>\n\t\t\t\t\t\t<\/span>\n\t\t\t\t<\/h1>\n\t\t\t\t\t\t<\/div>\n\t\t\t\t<\/div>\n\t\t\t\t<div class=\"elementor-element elementor-element-4a3fe7d elementor-widget elementor-widget-text-editor\" data-id=\"4a3fe7d\" data-element_type=\"widget\" data-widget_type=\"text-editor.default\">\n\t\t\t\t<div class=\"elementor-widget-container\">\n\t\t\t\t\t\t\t\t\t<h2><span style=\"color: #ffffff;\">El Grupo Pinus Brasil tiene la \u00fanica planta 100% integrada del mercado nacional y una de las pocas del mundo.<\/span><\/h2><\/p>\n\nEn la maderera, producimos la biomasa usada para generar energ\u00eda para las f\u00e1bricas de Colofonia, Trementina y Derivados de la Colofonia.<\/p>\n\nLa planta de Colofonia y Trementina se integra a trav\u00e9s de tuber\u00edas a la unidad de Derivados de la Colofonia. Con esto, tenemos procesos productivos m\u00e1s \u00e1giles, reducimos la huella de carbono del transporte de las materias primas y garantizamos el mayor aprovechamiento de la temperatura elevada de la Colofonia, lo que, a su vez, reduce el consumo de energ\u00eda en todo el proceso.<\/p>\n\nComo resultado, tenemos una operaci\u00f3n enfocada en la sustentabilidad forestal y fabril.\t\t\t\t\t\t\t\t<\/div>\n\t\t\t\t<\/div>\n\t\t\t\t\t<\/div>\n\t\t\t\t<\/div>\n\t\t<div class=\"elementor-element elementor-element-e40e653 e-con-full e-flex e-con e-parent\" data-id=\"e40e653\" data-element_type=\"container\" id=\"otimizacao-de-recursos-fabris\" data-settings=\"{&quot;background_background&quot;:&quot;classic&quot;}\">\n\t\t\t\t<div class=\"elementor-element elementor-element-d5cc93f elementor-widget__width-inherit elementor-widget elementor-widget-heading\" data-id=\"d5cc93f\" data-element_type=\"widget\" data-widget_type=\"heading.default\">\n\t\t\t\t<div class=\"elementor-widget-container\">\n\t\t\t\t\t<h1 class=\"elementor-heading-title elementor-size-default\">Optimizaci\u00f3n de los Recursos Fabriles<\/h1>\t\t\t\t<\/div>\n\t\t\t\t<\/div>\n\t\t<div class=\"elementor-element elementor-element-5718fcc e-flex e-con-boxed e-con e-child\" data-id=\"5718fcc\" data-element_type=\"container\">\n\t\t\t\t\t<div class=\"e-con-inner\">\n\t\t<div class=\"elementor-element elementor-element-8365236 e-con-full bloco e-flex e-con e-child\" data-id=\"8365236\" data-element_type=\"container\">\n\t\t\t\t<div class=\"elementor-element elementor-element-bf936dd elementor-widget elementor-widget-text-editor\" data-id=\"bf936dd\" data-element_type=\"widget\" data-widget_type=\"text-editor.default\">\n\t\t\t\t<div class=\"elementor-widget-container\">\n\t\t\t\t\t\t\t\t\tEl Grupo Pinus Brasil efect\u00faa la personalizaci\u00f3n de productos para atender a clientes espec\u00edficos, que demanden una soluci\u00f3n \u00fanica. Estudiamos la f\u00f3rmula de nuestro socio y, a partir de ah\u00ed, creamos una soluci\u00f3n qu\u00edmica sustentable desde el Pino reforestado. El objetivo es sustituir materias primas menos amigables con el medioambiente.<\/p>\n\nAnticipamos etapas productivas no esenciales de nuestros clientes y proveemos nuestro producto ya agregado a otras materias primas dando como resultado un menor movimiento de materias primas, lo que libera espacio de producci\u00f3n en la planta del cliente.\t\t\t\t\t\t\t\t<\/div>\n\t\t\t\t<\/div>\n\t\t\t\t<\/div>\n\t\t\t\t\t<\/div>\n\t\t\t\t<\/div>\n\t\t\t\t<\/div>\n\t\t<div class=\"elementor-element elementor-element-6678b80 e-con-full e-flex elementor-invisible e-con e-parent\" data-id=\"6678b80\" data-element_type=\"container\" id=\"atencao-cliente\" data-settings=\"{&quot;background_background&quot;:&quot;classic&quot;,&quot;animation&quot;:&quot;slideInUp&quot;}\">\n\t\t<div class=\"elementor-element elementor-element-b2f8b6e e-con-full e-flex e-con e-child\" data-id=\"b2f8b6e\" data-element_type=\"container\">\n\t\t\t\t<div class=\"elementor-element elementor-element-d0f0c75 elementor-widget elementor-widget-heading\" data-id=\"d0f0c75\" data-element_type=\"widget\" data-widget_type=\"heading.default\">\n\t\t\t\t<div class=\"elementor-widget-container\">\n\t\t\t\t\t<h2 class=\"elementor-heading-title elementor-size-default\">Atenci\u00f3n, Cliente:<\/h2>\t\t\t\t<\/div>\n\t\t\t\t<\/div>\n\t\t\t\t<div class=\"elementor-element elementor-element-2460170 elementor-widget elementor-widget-text-editor\" data-id=\"2460170\" data-element_type=\"widget\" data-widget_type=\"text-editor.default\">\n\t\t\t\t<div class=\"elementor-widget-container\">\n\t\t\t\t\t\t\t\t\t\u00bfVamos a conversar sobre desarrollos sustentables, testar muestras en conjunto y colocar nuevas soluciones en el mercado?\t\t\t\t\t\t\t\t<\/div>\n\t\t\t\t<\/div>\n\t\t\t\t<div class=\"elementor-element elementor-element-ff61914 elementor-widget elementor-widget-text-editor\" data-id=\"ff61914\" data-element_type=\"widget\" data-widget_type=\"text-editor.default\">\n\t\t\t\t<div class=\"elementor-widget-container\">\n\t\t\t\t\t\t\t\t\t\u00bfC\u00f3mo podemos ayudarlo a elevar la sustentabilidad de su negocio?\t\t\t\t\t\t\t\t<\/div>\n\t\t\t\t<\/div>\n\t\t\t\t<\/div>\n\t\t\t\t<div class=\"elementor-element elementor-element-0627011 elementor-align-center elementor-widget__width-initial elementor-widget elementor-widget-button\" data-id=\"0627011\" data-element_type=\"widget\" data-widget_type=\"button.default\">\n\t\t\t\t<div class=\"elementor-widget-container\">\n\t\t\t\t\t\t\t\t\t<div class=\"elementor-button-wrapper\">\n\t\t\t\t\t<a class=\"elementor-button elementor-button-link elementor-size-sm\" href=\"\/contato\/#industrialquimico\" id=\"bt-contato\">\n\t\t\t\t\t\t<span class=\"elementor-button-content-wrapper\">\n\t\t\t\t\t\t\t\t\t<span class=\"elementor-button-text\">QUEREMOS O\u00cdRLO<\/span>\n\t\t\t\t\t<\/span>\n\t\t\t\t\t<\/a>\n\t\t\t\t<\/div>\n\t\t\t\t\t\t\t\t<\/div>\n\t\t\t\t<\/div>\n\t\t\t\t<\/div>\n\t\t\t\t<\/div>\n\t\t","protected":false},"excerpt":{"rendered":"<p>Innovaci\u00f3n Innovar es parte de nuestro ADN El Grupo Pinus Brasil invierte en investigaci\u00f3n y desarrollo hace m\u00e1s de cuatro [&hellip;]<\/p>\n","protected":false},"author":1,"featured_media":0,"parent":0,"menu_order":0,"comment_status":"closed","ping_status":"closed","template":"elementor_header_footer","meta":{"_acf_changed":false,"site-sidebar-layout":"no-sidebar","site-content-layout":"","ast-site-content-layout":"full-width-container","site-content-style":"default","site-sidebar-style":"default","ast-global-header-display":"","ast-banner-title-visibility":"","ast-main-header-display":"","ast-hfb-above-header-display":"","ast-hfb-below-header-display":"","ast-hfb-mobile-header-display":"","site-post-title":"disabled","ast-breadcrumbs-content":"","ast-featured-img":"disabled","footer-sml-layout":"","ast-disable-related-posts":"","theme-transparent-header-meta":"","adv-header-id-meta":"","stick-header-meta":"","header-above-stick-meta":"","header-main-stick-meta":"","header-below-stick-meta":"","astra-migrate-meta-layouts":"default","ast-page-background-enabled":"default","ast-page-background-meta":{"desktop":{"background-color":"var(--ast-global-color-4)","background-image":"","background-repeat":"repeat","background-position":"center center","background-size":"auto","background-attachment":"scroll","background-type":"","background-media":"","overlay-type":"","overlay-color":"","overlay-opacity":"","overlay-gradient":""},"tablet":{"background-color":"","background-image":"","background-repeat":"repeat","background-position":"center center","background-size":"auto","background-attachment":"scroll","background-type":"","background-media":"","overlay-type":"","overlay-color":"","overlay-opacity":"","overlay-gradient":""},"mobile":{"background-color":"","background-image":"","background-repeat":"repeat","background-position":"center center","background-size":"auto","background-attachment":"scroll","background-type":"","background-media":"","overlay-type":"","overlay-color":"","overlay-opacity":"","overlay-gradient":""}},"ast-content-background-meta":{"desktop":{"background-color":"var(--ast-global-color-5)","background-image":"","background-repeat":"repeat","background-position":"center center","background-size":"auto","background-attachment":"scroll","background-type":"","background-media":"","overlay-type":"","overlay-color":"","overlay-opacity":"","overlay-gradient":""},"tablet":{"background-color":"var(--ast-global-color-5)","background-image":"","background-repeat":"repeat","background-position":"center center","background-size":"auto","background-attachment":"scroll","background-type":"","background-media":"","overlay-type":"","overlay-color":"","overlay-opacity":"","overlay-gradient":""},"mobile":{"background-color":"var(--ast-global-color-5)","background-image":"","background-repeat":"repeat","background-position":"center center","background-size":"auto","background-attachment":"scroll","background-type":"","background-media":"","overlay-type":"","overlay-color":"","overlay-opacity":"","overlay-gradient":""}},"footnotes":""},"class_list":["post-2960","page","type-page","status-publish","hentry"],"acf":[],"_links":{"self":[{"href":"https:\/\/pinusbrasil.com.br\/es\/wp-json\/wp\/v2\/pages\/2960","targetHints":{"allow":["GET"]}}],"collection":[{"href":"https:\/\/pinusbrasil.com.br\/es\/wp-json\/wp\/v2\/pages"}],"about":[{"href":"https:\/\/pinusbrasil.com.br\/es\/wp-json\/wp\/v2\/types\/page"}],"author":[{"embeddable":true,"href":"https:\/\/pinusbrasil.com.br\/es\/wp-json\/wp\/v2\/users\/1"}],"replies":[{"embeddable":true,"href":"https:\/\/pinusbrasil.com.br\/es\/wp-json\/wp\/v2\/comments?post=2960"}],"version-history":[{"count":16,"href":"https:\/\/pinusbrasil.com.br\/es\/wp-json\/wp\/v2\/pages\/2960\/revisions"}],"predecessor-version":[{"id":2998,"href":"https:\/\/pinusbrasil.com.br\/es\/wp-json\/wp\/v2\/pages\/2960\/revisions\/2998"}],"wp:attachment":[{"href":"https:\/\/pinusbrasil.com.br\/es\/wp-json\/wp\/v2\/media?parent=2960"}],"curies":[{"name":"wp","href":"https:\/\/api.w.org\/{rel}","templated":true}]}}