{"id":2959,"date":"2024-06-29T14:24:32","date_gmt":"2024-06-29T17:24:32","guid":{"rendered":"https:\/\/pinusbrasil.com.br\/madeireira\/"},"modified":"2024-10-22T11:42:24","modified_gmt":"2024-10-22T14:42:24","slug":"maderera","status":"publish","type":"page","link":"https:\/\/pinusbrasil.com.br\/es\/maderera\/","title":{"rendered":"Maderera"},"content":{"rendered":"\t\t<div data-elementor-type=\"wp-page\" data-elementor-id=\"2959\" class=\"elementor elementor-2959 elementor-1125\" data-elementor-post-type=\"page\">\n\t\t\t\t<div class=\"elementor-element elementor-element-41e94959 e-con-full e-flex e-con e-parent\" data-id=\"41e94959\" data-element_type=\"container\" id=\"banner-de-topo\" data-settings=\"{&quot;background_background&quot;:&quot;classic&quot;}\">\n\t\t\t\t<div class=\"elementor-element elementor-element-180a410 elementor-widget__width-inherit elementor-widget elementor-widget-heading\" data-id=\"180a410\" data-element_type=\"widget\" data-widget_type=\"heading.default\">\n\t\t\t\t<div class=\"elementor-widget-container\">\n\t\t\t\t\t<h1 class=\"elementor-heading-title elementor-size-default\">Maderera<\/h1>\t\t\t\t<\/div>\n\t\t\t\t<\/div>\n\t\t\t\t<\/div>\n\t\t<div class=\"elementor-element elementor-element-2d43dbe0 e-flex e-con-boxed e-con e-parent\" data-id=\"2d43dbe0\" data-element_type=\"container\" id=\"aproveitamento\">\n\t\t\t\t\t<div class=\"e-con-inner\">\n\t\t\t\t<div class=\"elementor-element elementor-element-4872ab40 elementor-widget__width-inherit elementor-widget elementor-widget-heading\" data-id=\"4872ab40\" data-element_type=\"widget\" data-widget_type=\"heading.default\">\n\t\t\t\t<div class=\"elementor-widget-container\">\n\t\t\t\t\t<h1 class=\"elementor-heading-title elementor-size-default\">Aprovechamiento 100%<\/h1>\t\t\t\t<\/div>\n\t\t\t\t<\/div>\n\t\t\t\t<div class=\"elementor-element elementor-element-57a1d55 elementor-widget elementor-widget-text-editor\" data-id=\"57a1d55\" data-element_type=\"widget\" data-widget_type=\"text-editor.default\">\n\t\t\t\t<div class=\"elementor-widget-container\">\n\t\t\t\t\t\t\t\t\t<h2>En el Grupo Pinus Brasil, todo se aprovecha. Orientamos nuestros esfuerzos para utilizar el 100% de los recursos extra\u00eddos de las forestaciones.<\/h2>\t\t\t\t\t\t\t\t<\/div>\n\t\t\t\t<\/div>\n\t\t\t\t<div class=\"elementor-element elementor-element-10bcfad8 elementor-widget elementor-widget-text-editor\" data-id=\"10bcfad8\" data-element_type=\"widget\" data-widget_type=\"text-editor.default\">\n\t\t\t\t<div class=\"elementor-widget-container\">\n\t\t\t\t\t\t\t\t\tLos \u00e1rboles extra\u00eddos se llevan a la maderera. Inmediatamente, se clasifican y destinan al aserradero o la producci\u00f3n de biomasa. As\u00ed, finalizamos todo el ciclo de aprovechamiento de la materia prima proveniente de la reforestaci\u00f3n.\t\t\t\t\t\t\t\t<\/div>\n\t\t\t\t<\/div>\n\t\t\t\t\t<\/div>\n\t\t\t\t<\/div>\n\t\t<div class=\"elementor-element elementor-element-d07e816 e-con-full e-flex e-con e-parent\" data-id=\"d07e816\" data-element_type=\"container\" id=\"linha-de-produtos\">\n\t\t<div class=\"elementor-element elementor-element-681ce8b e-con-full e-flex e-con e-child\" data-id=\"681ce8b\" data-element_type=\"container\">\n\t\t\t\t<div class=\"elementor-element elementor-element-6cc0f43 elementor-widget__width-initial animated-fast elementor-invisible elementor-widget elementor-widget-image\" data-id=\"6cc0f43\" data-element_type=\"widget\" data-settings=\"{&quot;_animation&quot;:&quot;slideInLeft&quot;}\" data-widget_type=\"image.default\">\n\t\t\t\t<div class=\"elementor-widget-container\">\n\t\t\t\t\t\t\t\t\t\t\t\t\t\t\t<img fetchpriority=\"high\" decoding=\"async\" width=\"850\" height=\"460\" src=\"https:\/\/pinusbrasil.com.br\/wp-content\/uploads\/2024\/06\/pinus-brasil-madeireira-cavaco.webp\" class=\"attachment-full size-full wp-image-1657\" alt=\"\" srcset=\"https:\/\/pinusbrasil.com.br\/wp-content\/uploads\/2024\/06\/pinus-brasil-madeireira-cavaco.webp 850w, https:\/\/pinusbrasil.com.br\/wp-content\/uploads\/2024\/06\/pinus-brasil-madeireira-cavaco-300x162.webp 300w, https:\/\/pinusbrasil.com.br\/wp-content\/uploads\/2024\/06\/pinus-brasil-madeireira-cavaco-768x416.webp 768w\" sizes=\"(max-width: 850px) 100vw, 850px\" \/>\t\t\t\t\t\t\t\t\t\t\t\t\t\t\t<\/div>\n\t\t\t\t<\/div>\n\t\t<div class=\"elementor-element elementor-element-f05f89c e-con-full bloco e-flex e-con e-child\" data-id=\"f05f89c\" data-element_type=\"container\">\n\t\t\t\t<div class=\"elementor-element elementor-element-dd272cd elementor-widget elementor-widget-heading\" data-id=\"dd272cd\" data-element_type=\"widget\" data-widget_type=\"heading.default\">\n\t\t\t\t<div class=\"elementor-widget-container\">\n\t\t\t\t\t<h2 class=\"elementor-heading-title elementor-size-default\">Fuente de combustible<\/h2>\t\t\t\t<\/div>\n\t\t\t\t<\/div>\n\t\t\t\t<div class=\"elementor-element elementor-element-4132a1f elementor-widget elementor-widget-text-editor\" data-id=\"4132a1f\" data-element_type=\"widget\" data-widget_type=\"text-editor.default\">\n\t\t\t\t<div class=\"elementor-widget-container\">\n\t\t\t\t\t\t\t\t\tLa madera picada \u2013 astillas o aserr\u00edn \u2013 se convierte biomasa. Se utiliza como fuente de combustible en las calderas para producir la energ\u00eda que mantiene en funcionamiento a las m\u00e1quinas de las industrias de Brea y de los Derivados de la Brea. En el Grupo Pinus Brasil, la sustentabilidad es una pr\u00e1ctica ya arraigada en nuestra rutina.\t\t\t\t\t\t\t\t<\/div>\n\t\t\t\t<\/div>\n\t\t\t\t<div class=\"elementor-element elementor-element-5b6ddc4 elementor-widget-divider--view-line elementor-widget elementor-widget-divider\" data-id=\"5b6ddc4\" data-element_type=\"widget\" data-widget_type=\"divider.default\">\n\t\t\t\t<div class=\"elementor-widget-container\">\n\t\t\t\t\t\t\t<div class=\"elementor-divider\">\n\t\t\t<span class=\"elementor-divider-separator\">\n\t\t\t\t\t\t<\/span>\n\t\t<\/div>\n\t\t\t\t\t\t<\/div>\n\t\t\t\t<\/div>\n\t\t\t\t<\/div>\n\t\t\t\t<\/div>\n\t\t<div class=\"elementor-element elementor-element-7cd8a38 e-con-full e-flex e-con e-child\" data-id=\"7cd8a38\" data-element_type=\"container\">\n\t\t\t\t<div class=\"elementor-element elementor-element-78c2cac elementor-widget__width-initial animated-fast elementor-invisible elementor-widget elementor-widget-image\" data-id=\"78c2cac\" data-element_type=\"widget\" data-settings=\"{&quot;_animation&quot;:&quot;slideInRight&quot;}\" data-widget_type=\"image.default\">\n\t\t\t\t<div class=\"elementor-widget-container\">\n\t\t\t\t\t\t\t\t\t\t\t\t\t\t\t<img decoding=\"async\" width=\"850\" height=\"460\" src=\"https:\/\/pinusbrasil.com.br\/wp-content\/uploads\/2024\/06\/pinus-brasil-madeireira-pallets.webp\" class=\"attachment-full size-full wp-image-1660\" alt=\"\" srcset=\"https:\/\/pinusbrasil.com.br\/wp-content\/uploads\/2024\/06\/pinus-brasil-madeireira-pallets.webp 850w, https:\/\/pinusbrasil.com.br\/wp-content\/uploads\/2024\/06\/pinus-brasil-madeireira-pallets-300x162.webp 300w, https:\/\/pinusbrasil.com.br\/wp-content\/uploads\/2024\/06\/pinus-brasil-madeireira-pallets-768x416.webp 768w\" sizes=\"(max-width: 850px) 100vw, 850px\" \/>\t\t\t\t\t\t\t\t\t\t\t\t\t\t\t<\/div>\n\t\t\t\t<\/div>\n\t\t<div class=\"elementor-element elementor-element-661af60 e-con-full bloco e-flex e-con e-child\" data-id=\"661af60\" data-element_type=\"container\">\n\t\t\t\t<div class=\"elementor-element elementor-element-c985a8b elementor-widget elementor-widget-heading\" data-id=\"c985a8b\" data-element_type=\"widget\" data-widget_type=\"heading.default\">\n\t\t\t\t<div class=\"elementor-widget-container\">\n\t\t\t\t\t<h2 class=\"elementor-heading-title elementor-size-default\">Finalidad de la madera<\/h2>\t\t\t\t<\/div>\n\t\t\t\t<\/div>\n\t\t\t\t<div class=\"elementor-element elementor-element-6bc6301 elementor-widget elementor-widget-text-editor\" data-id=\"6bc6301\" data-element_type=\"widget\" data-widget_type=\"text-editor.default\">\n\t\t\t\t<div class=\"elementor-widget-container\">\n\t\t\t\t\t\t\t\t\tEn el aserradero, la madera se transforma en tablas, que se utilizan en diversos segmentos. Como los pallets, que son necesarios para el almacenamiento y transporte de los productos.\t\t\t\t\t\t\t\t<\/div>\n\t\t\t\t<\/div>\n\t\t\t\t<div class=\"elementor-element elementor-element-1fb702b elementor-widget-divider--view-line elementor-widget elementor-widget-divider\" data-id=\"1fb702b\" data-element_type=\"widget\" data-widget_type=\"divider.default\">\n\t\t\t\t<div class=\"elementor-widget-container\">\n\t\t\t\t\t\t\t<div class=\"elementor-divider\">\n\t\t\t<span class=\"elementor-divider-separator\">\n\t\t\t\t\t\t<\/span>\n\t\t<\/div>\n\t\t\t\t\t\t<\/div>\n\t\t\t\t<\/div>\n\t\t\t\t<\/div>\n\t\t\t\t<\/div>\n\t\t\t\t<\/div>\n\t\t<div class=\"elementor-element elementor-element-48528a1c e-flex e-con-boxed e-con e-parent\" data-id=\"48528a1c\" data-element_type=\"container\" id=\"madeira-de-reflorestamento\" data-settings=\"{&quot;background_background&quot;:&quot;classic&quot;}\">\n\t\t\t\t\t<div class=\"e-con-inner\">\n\t\t\t\t<div class=\"elementor-element elementor-element-37c8e0ec elementor-headline--style-rotate elementor-widget elementor-widget-animated-headline\" data-id=\"37c8e0ec\" data-element_type=\"widget\" data-settings=\"{&quot;headline_style&quot;:&quot;rotate&quot;,&quot;rotating_text&quot;:&quot;de Reforestaci\\u00f3n&quot;,&quot;rotate_iteration_delay&quot;:1000,&quot;animation_type&quot;:&quot;typing&quot;,&quot;loop&quot;:&quot;yes&quot;}\" data-widget_type=\"animated-headline.default\">\n\t\t\t\t<div class=\"elementor-widget-container\">\n\t\t\t\t\t\t\t<h1 class=\"elementor-headline elementor-headline-animation-type-typing elementor-headline-letters\">\n\t\t\t\t\t<span class=\"elementor-headline-plain-text elementor-headline-text-wrapper\">Madeda<\/span>\n\t\t\t\t<span class=\"elementor-headline-dynamic-wrapper elementor-headline-text-wrapper\">\n\t\t\t\t\t<span class=\"elementor-headline-dynamic-text elementor-headline-text-active\">\n\t\t\t\tde&nbsp;Reforestaci\u00f3n\t\t\t<\/span>\n\t\t\t\t\t\t<\/span>\n\t\t\t\t<\/h1>\n\t\t\t\t\t\t<\/div>\n\t\t\t\t<\/div>\n\t\t\t\t\t<\/div>\n\t\t\t\t<\/div>\n\t\t<div class=\"elementor-element elementor-element-7df83c3 e-flex e-con-boxed e-con e-parent\" data-id=\"7df83c3\" data-element_type=\"container\" id=\"madeira-de-reflorestamento\" data-settings=\"{&quot;background_background&quot;:&quot;classic&quot;}\">\n\t\t\t\t\t<div class=\"e-con-inner\">\n\t\t\t\t<div class=\"elementor-element elementor-element-9eaed89 elementor-widget__width-initial elementor-widget elementor-widget-text-editor\" data-id=\"9eaed89\" data-element_type=\"widget\" data-widget_type=\"text-editor.default\">\n\t\t\t\t<div class=\"elementor-widget-container\">\n\t\t\t\t\t\t\t\t\tEl Grupo Pinus Brasil cuenta con una marca exclusiva para la comercializaci\u00f3n de maderas de reforestaci\u00f3n: es RF Madeiras, cuyos productos se obtienen por medio de la manipulaci\u00f3n de los troncos de Pino de forestaciones propias o arrendadas.\t\t\t\t\t\t\t\t<\/div>\n\t\t\t\t<\/div>\n\t\t<div class=\"elementor-element elementor-element-9dfb265 e-flex e-con-boxed e-con e-child\" data-id=\"9dfb265\" data-element_type=\"container\">\n\t\t\t\t\t<div class=\"e-con-inner\">\n\t\t<div class=\"elementor-element elementor-element-f4f0a56 e-con-full bloco e-flex e-con e-child\" data-id=\"f4f0a56\" data-element_type=\"container\">\n\t\t\t\t<div class=\"elementor-element elementor-element-deebc1d elementor-widget elementor-widget-text-editor\" data-id=\"deebc1d\" data-element_type=\"widget\" data-widget_type=\"text-editor.default\">\n\t\t\t\t<div class=\"elementor-widget-container\">\n\t\t\t\t\t\t\t\t\tTenemos, por lo tanto, una de las pocas plantas industriales del mundo totalmente integrada y verticalizada, cerrando el ciclo de utilizaci\u00f3n del 100% de la madera de reforestaci\u00f3n:<\/p>\n\n<strong>&#8211; Semillero de plantines (vivero)<\/strong><\/p>\n\n<strong>&#8211; Forestaci\u00f3n<\/strong><\/p>\n\n<strong>&#8211; Recolecci\u00f3n de goma bruta<\/strong><\/p>\n\n<strong>&#8211; Industria de la Brea, Derivados de la Brea y Trementina<\/strong><\/p>\n\n<strong>&#8211; Aserradero<\/strong><\/p>\n\nEl aserradero cuenta con certificaci\u00f3n <strong>Forest Stewardship Council (FSC)<\/strong>, lo que testifica nuestro compromiso con la utilizaci\u00f3n sustentable de las astillas y el aserr\u00edn como biomasa.\t\t\t\t\t\t\t\t<\/div>\n\t\t\t\t<\/div>\n\t\t\t\t<div class=\"elementor-element elementor-element-00ad08a elementor-widget elementor-widget-image\" data-id=\"00ad08a\" data-element_type=\"widget\" data-widget_type=\"image.default\">\n\t\t\t\t<div class=\"elementor-widget-container\">\n\t\t\t\t\t\t\t\t\t\t\t\t\t\t\t<img decoding=\"async\" width=\"478\" height=\"245\" src=\"https:\/\/pinusbrasil.com.br\/wp-content\/uploads\/2024\/06\/selo-fsc.webp\" class=\"attachment-full size-full wp-image-1675\" alt=\"\" srcset=\"https:\/\/pinusbrasil.com.br\/wp-content\/uploads\/2024\/06\/selo-fsc.webp 478w, https:\/\/pinusbrasil.com.br\/wp-content\/uploads\/2024\/06\/selo-fsc-300x154.webp 300w\" sizes=\"(max-width: 478px) 100vw, 478px\" \/>\t\t\t\t\t\t\t\t\t\t\t\t\t\t\t<\/div>\n\t\t\t\t<\/div>\n\t\t\t\t<\/div>\n\t\t<div class=\"elementor-element elementor-element-407d97c e-con-full bloco e-flex e-con e-child\" data-id=\"407d97c\" data-element_type=\"container\" data-settings=\"{&quot;background_background&quot;:&quot;classic&quot;}\">\n\t\t\t\t<div class=\"elementor-element elementor-element-cae9b3d elementor-widget elementor-widget-text-editor\" data-id=\"cae9b3d\" data-element_type=\"widget\" data-widget_type=\"text-editor.default\">\n\t\t\t\t<div class=\"elementor-widget-container\">\n\t\t\t\t\t\t\t\t\tEs importante destacar que, adem\u00e1s de la reutilizaci\u00f3n de la madera reforestada en los procesos productivos del Grupo Pinus Brasil, hacemos el aserrado de los troncos con l\u00edneas de alto rendimiento. Es un m\u00e9todo que garantiza la calidad del producto y mantiene las especificaciones dentro de los par\u00e1metros establecidos para el mercado nacional e internacional.\t\t\t\t\t\t\t\t<\/div>\n\t\t\t\t<\/div>\n\t\t\t\t<div class=\"elementor-element elementor-element-d3e16df elementor-icon-list--layout-traditional elementor-list-item-link-full_width elementor-widget elementor-widget-icon-list\" data-id=\"d3e16df\" data-element_type=\"widget\" data-widget_type=\"icon-list.default\">\n\t\t\t\t<div class=\"elementor-widget-container\">\n\t\t\t\t\t\t\t<ul class=\"elementor-icon-list-items\">\n\t\t\t\t\t\t\t<li class=\"elementor-icon-list-item\">\n\t\t\t\t\t\t\t\t\t\t\t<span class=\"elementor-icon-list-icon\">\n\t\t\t\t\t\t\t<svg aria-hidden=\"true\" class=\"e-font-icon-svg e-fas-arrows-alt-h\" viewBox=\"0 0 512 512\" xmlns=\"http:\/\/www.w3.org\/2000\/svg\"><path d=\"M377.941 169.941V216H134.059v-46.059c0-21.382-25.851-32.09-40.971-16.971L7.029 239.029c-9.373 9.373-9.373 24.568 0 33.941l86.059 86.059c15.119 15.119 40.971 4.411 40.971-16.971V296h243.882v46.059c0 21.382 25.851 32.09 40.971 16.971l86.059-86.059c9.373-9.373 9.373-24.568 0-33.941l-86.059-86.059c-15.119-15.12-40.971-4.412-40.971 16.97z\"><\/path><\/svg>\t\t\t\t\t\t<\/span>\n\t\t\t\t\t\t\t\t\t\t<span class=\"elementor-icon-list-text\">Ancho: 75 mm a 150 mm<\/span>\n\t\t\t\t\t\t\t\t\t<\/li>\n\t\t\t\t\t\t\t\t<li class=\"elementor-icon-list-item\">\n\t\t\t\t\t\t\t\t\t\t\t<span class=\"elementor-icon-list-icon\">\n\t\t\t\t\t\t\t<svg aria-hidden=\"true\" class=\"e-font-icon-svg e-fas-arrows-alt-v\" viewBox=\"0 0 256 512\" xmlns=\"http:\/\/www.w3.org\/2000\/svg\"><path d=\"M214.059 377.941H168V134.059h46.059c21.382 0 32.09-25.851 16.971-40.971L144.971 7.029c-9.373-9.373-24.568-9.373-33.941 0L24.971 93.088c-15.119 15.119-4.411 40.971 16.971 40.971H88v243.882H41.941c-21.382 0-32.09 25.851-16.971 40.971l86.059 86.059c9.373 9.373 24.568 9.373 33.941 0l86.059-86.059c15.12-15.119 4.412-40.971-16.97-40.971z\"><\/path><\/svg>\t\t\t\t\t\t<\/span>\n\t\t\t\t\t\t\t\t\t\t<span class=\"elementor-icon-list-text\">Espesor: 15 mm a 45 mm<\/span>\n\t\t\t\t\t\t\t\t\t<\/li>\n\t\t\t\t\t\t\t\t<li class=\"elementor-icon-list-item\">\n\t\t\t\t\t\t\t\t\t\t\t<span class=\"elementor-icon-list-icon\">\n\t\t\t\t\t\t\t<svg aria-hidden=\"true\" class=\"e-font-icon-svg e-fas-long-arrow-alt-right\" viewBox=\"0 0 448 512\" xmlns=\"http:\/\/www.w3.org\/2000\/svg\"><path d=\"M313.941 216H12c-6.627 0-12 5.373-12 12v56c0 6.627 5.373 12 12 12h301.941v46.059c0 21.382 25.851 32.09 40.971 16.971l86.059-86.059c9.373-9.373 9.373-24.569 0-33.941l-86.059-86.059c-15.119-15.119-40.971-4.411-40.971 16.971V216z\"><\/path><\/svg>\t\t\t\t\t\t<\/span>\n\t\t\t\t\t\t\t\t\t\t<span class=\"elementor-icon-list-text\">Largo: 2.200 mm a 2.500 mm<\/span>\n\t\t\t\t\t\t\t\t\t<\/li>\n\t\t\t\t\t\t<\/ul>\n\t\t\t\t\t\t<\/div>\n\t\t\t\t<\/div>\n\t\t\t\t<div class=\"elementor-element elementor-element-fd0343e elementor-widget elementor-widget-text-editor\" data-id=\"fd0343e\" data-element_type=\"widget\" data-widget_type=\"text-editor.default\">\n\t\t\t\t<div class=\"elementor-widget-container\">\n\t\t\t\t\t\t\t\t\tRF Madeiras tambi\u00e9n produce:<br\/>\n&#8211; Corteza de Pino para el mercado de substrato y ornamentaci\u00f3n.<br\/>\n&#8211; Astillas y aserr\u00edn utilizados para la alimentaci\u00f3n de calderas y la generaci\u00f3n de energ\u00eda.\t\t\t\t\t\t\t\t<\/div>\n\t\t\t\t<\/div>\n\t\t\t\t<\/div>\n\t\t\t\t\t<\/div>\n\t\t\t\t<\/div>\n\t\t\t\t\t<\/div>\n\t\t\t\t<\/div>\n\t\t<div class=\"elementor-element elementor-element-6678b80 e-con-full e-flex elementor-invisible e-con e-parent\" data-id=\"6678b80\" data-element_type=\"container\" data-settings=\"{&quot;background_background&quot;:&quot;classic&quot;,&quot;animation&quot;:&quot;slideInUp&quot;}\">\n\t\t\t\t<\/div>\n\t\t\t\t<\/div>\n\t\t","protected":false},"excerpt":{"rendered":"<p>Maderera Aprovechamiento 100% En el Grupo Pinus Brasil, todo se aprovecha. Orientamos nuestros esfuerzos para utilizar el 100% de los [&hellip;]<\/p>\n","protected":false},"author":1,"featured_media":0,"parent":0,"menu_order":0,"comment_status":"closed","ping_status":"closed","template":"elementor_header_footer","meta":{"_acf_changed":false,"site-sidebar-layout":"no-sidebar","site-content-layout":"","ast-site-content-layout":"full-width-container","site-content-style":"default","site-sidebar-style":"default","ast-global-header-display":"","ast-banner-title-visibility":"","ast-main-header-display":"","ast-hfb-above-header-display":"","ast-hfb-below-header-display":"","ast-hfb-mobile-header-display":"","site-post-title":"disabled","ast-breadcrumbs-content":"","ast-featured-img":"disabled","footer-sml-layout":"","ast-disable-related-posts":"","theme-transparent-header-meta":"","adv-header-id-meta":"","stick-header-meta":"","header-above-stick-meta":"","header-main-stick-meta":"","header-below-stick-meta":"","astra-migrate-meta-layouts":"default","ast-page-background-enabled":"default","ast-page-background-meta":{"desktop":{"background-color":"var(--ast-global-color-4)","background-image":"","background-repeat":"repeat","background-position":"center center","background-size":"auto","background-attachment":"scroll","background-type":"","background-media":"","overlay-type":"","overlay-color":"","overlay-opacity":"","overlay-gradient":""},"tablet":{"background-color":"","background-image":"","background-repeat":"repeat","background-position":"center center","background-size":"auto","background-attachment":"scroll","background-type":"","background-media":"","overlay-type":"","overlay-color":"","overlay-opacity":"","overlay-gradient":""},"mobile":{"background-color":"","background-image":"","background-repeat":"repeat","background-position":"center center","background-size":"auto","background-attachment":"scroll","background-type":"","background-media":"","overlay-type":"","overlay-color":"","overlay-opacity":"","overlay-gradient":""}},"ast-content-background-meta":{"desktop":{"background-color":"var(--ast-global-color-5)","background-image":"","background-repeat":"repeat","background-position":"center center","background-size":"auto","background-attachment":"scroll","background-type":"","background-media":"","overlay-type":"","overlay-color":"","overlay-opacity":"","overlay-gradient":""},"tablet":{"background-color":"var(--ast-global-color-5)","background-image":"","background-repeat":"repeat","background-position":"center center","background-size":"auto","background-attachment":"scroll","background-type":"","background-media":"","overlay-type":"","overlay-color":"","overlay-opacity":"","overlay-gradient":""},"mobile":{"background-color":"var(--ast-global-color-5)","background-image":"","background-repeat":"repeat","background-position":"center center","background-size":"auto","background-attachment":"scroll","background-type":"","background-media":"","overlay-type":"","overlay-color":"","overlay-opacity":"","overlay-gradient":""}},"footnotes":""},"class_list":["post-2959","page","type-page","status-publish","hentry"],"acf":[],"_links":{"self":[{"href":"https:\/\/pinusbrasil.com.br\/es\/wp-json\/wp\/v2\/pages\/2959","targetHints":{"allow":["GET"]}}],"collection":[{"href":"https:\/\/pinusbrasil.com.br\/es\/wp-json\/wp\/v2\/pages"}],"about":[{"href":"https:\/\/pinusbrasil.com.br\/es\/wp-json\/wp\/v2\/types\/page"}],"author":[{"embeddable":true,"href":"https:\/\/pinusbrasil.com.br\/es\/wp-json\/wp\/v2\/users\/1"}],"replies":[{"embeddable":true,"href":"https:\/\/pinusbrasil.com.br\/es\/wp-json\/wp\/v2\/comments?post=2959"}],"version-history":[{"count":22,"href":"https:\/\/pinusbrasil.com.br\/es\/wp-json\/wp\/v2\/pages\/2959\/revisions"}],"predecessor-version":[{"id":3599,"href":"https:\/\/pinusbrasil.com.br\/es\/wp-json\/wp\/v2\/pages\/2959\/revisions\/3599"}],"wp:attachment":[{"href":"https:\/\/pinusbrasil.com.br\/es\/wp-json\/wp\/v2\/media?parent=2959"}],"curies":[{"name":"wp","href":"https:\/\/api.w.org\/{rel}","templated":true}]}}