{"id":2958,"date":"2024-06-28T16:40:06","date_gmt":"2024-06-28T19:40:06","guid":{"rendered":"https:\/\/pinusbrasil.com.br\/industrial\/"},"modified":"2024-10-22T11:40:49","modified_gmt":"2024-10-22T14:40:49","slug":"industrial","status":"publish","type":"page","link":"https:\/\/pinusbrasil.com.br\/es\/industrial\/","title":{"rendered":"Industrial"},"content":{"rendered":"\t\t<div data-elementor-type=\"wp-page\" data-elementor-id=\"2958\" class=\"elementor elementor-2958 elementor-982\" data-elementor-post-type=\"page\">\n\t\t\t\t<div class=\"elementor-element elementor-element-41e94959 e-con-full e-flex e-con e-parent\" data-id=\"41e94959\" data-element_type=\"container\" id=\"banner-de-topo\" data-settings=\"{&quot;background_background&quot;:&quot;classic&quot;}\">\n\t\t\t\t<div class=\"elementor-element elementor-element-180a410 elementor-widget__width-inherit elementor-widget elementor-widget-heading\" data-id=\"180a410\" data-element_type=\"widget\" data-widget_type=\"heading.default\">\n\t\t\t\t<div class=\"elementor-widget-container\">\n\t\t\t\t\t<h1 class=\"elementor-heading-title elementor-size-default\">Industrial<\/h1>\t\t\t\t<\/div>\n\t\t\t\t<\/div>\n\t\t\t\t<\/div>\n\t\t<div class=\"elementor-element elementor-element-10fac5d e-con-full e-flex e-con e-parent\" data-id=\"10fac5d\" data-element_type=\"container\" id=\"linha-de-produtos\">\n\t\t\t\t<div class=\"elementor-element elementor-element-59600d3 elementor-widget__width-initial elementor-widget elementor-widget-heading\" data-id=\"59600d3\" data-element_type=\"widget\" data-widget_type=\"heading.default\">\n\t\t\t\t<div class=\"elementor-widget-container\">\n\t\t\t\t\t<h1 class=\"elementor-heading-title elementor-size-default\">L\u00ednea de Productos<\/h1>\t\t\t\t<\/div>\n\t\t\t\t<\/div>\n\t\t\t\t<div class=\"elementor-element elementor-element-fb607d6 elementor-widget__width-initial elementor-widget elementor-widget-text-editor\" data-id=\"fb607d6\" data-element_type=\"widget\" data-widget_type=\"text-editor.default\">\n\t\t\t\t<div class=\"elementor-widget-container\">\n\t\t\t\t\t\t\t\t\tEl Grupo Pinus Brasil fabrica una diversidad enorme de productos para satisfacer a los m\u00e1s variados mercados. Todos realizados a partir de la Resina de Goma, que es una materia prima de origen 100% renovable.\t\t\t\t\t\t\t\t<\/div>\n\t\t\t\t<\/div>\n\t\t\t\t<\/div>\n\t\t<div class=\"elementor-element elementor-element-d07e816 e-con-full e-flex e-con e-parent\" data-id=\"d07e816\" data-element_type=\"container\" id=\"linha-de-produtos\">\n\t\t<div class=\"elementor-element elementor-element-681ce8b e-con-full e-flex e-con e-child\" data-id=\"681ce8b\" data-element_type=\"container\">\n\t\t\t\t<div class=\"elementor-element elementor-element-6cc0f43 elementor-widget__width-initial animated-fast elementor-invisible elementor-widget elementor-widget-image\" data-id=\"6cc0f43\" data-element_type=\"widget\" data-settings=\"{&quot;_animation&quot;:&quot;slideInLeft&quot;}\" data-widget_type=\"image.default\">\n\t\t\t\t<div class=\"elementor-widget-container\">\n\t\t\t\t\t\t\t\t\t\t\t\t\t\t\t<img fetchpriority=\"high\" decoding=\"async\" width=\"850\" height=\"460\" src=\"https:\/\/pinusbrasil.com.br\/wp-content\/uploads\/2024\/06\/pinus-brasil-negocio-industrial-breu-e-devivados.webp\" class=\"attachment-full size-full wp-image-1642\" alt=\"\" srcset=\"https:\/\/pinusbrasil.com.br\/wp-content\/uploads\/2024\/06\/pinus-brasil-negocio-industrial-breu-e-devivados.webp 850w, https:\/\/pinusbrasil.com.br\/wp-content\/uploads\/2024\/06\/pinus-brasil-negocio-industrial-breu-e-devivados-300x162.webp 300w, https:\/\/pinusbrasil.com.br\/wp-content\/uploads\/2024\/06\/pinus-brasil-negocio-industrial-breu-e-devivados-768x416.webp 768w\" sizes=\"(max-width: 850px) 100vw, 850px\" \/>\t\t\t\t\t\t\t\t\t\t\t\t\t\t\t<\/div>\n\t\t\t\t<\/div>\n\t\t<div class=\"elementor-element elementor-element-f05f89c e-con-full bloco e-flex e-con e-child\" data-id=\"f05f89c\" data-element_type=\"container\">\n\t\t\t\t<div class=\"elementor-element elementor-element-dd272cd elementor-widget elementor-widget-heading\" data-id=\"dd272cd\" data-element_type=\"widget\" data-widget_type=\"heading.default\">\n\t\t\t\t<div class=\"elementor-widget-container\">\n\t\t\t\t\t<h2 class=\"elementor-heading-title elementor-size-default\">Colofonia y los Derivados<\/h2>\t\t\t\t<\/div>\n\t\t\t\t<\/div>\n\t\t\t\t<div class=\"elementor-element elementor-element-4132a1f elementor-widget elementor-widget-text-editor\" data-id=\"4132a1f\" data-element_type=\"widget\" data-widget_type=\"text-editor.default\">\n\t\t\t\t<div class=\"elementor-widget-container\">\n\t\t\t\t\t\t\t\t\tEn nuestras unidades, producimos la Colofonia y los Derivados de la Colofonia, que son esenciales para la fabricaci\u00f3n de adhesivos, pinturas, cosm\u00e9ticos, agroqu\u00edmicos, cauchos, papeles y muchos otros art\u00edculos.\t\t\t\t\t\t\t\t<\/div>\n\t\t\t\t<\/div>\n\t\t\t\t<div class=\"elementor-element elementor-element-5b6ddc4 elementor-widget-divider--view-line elementor-widget elementor-widget-divider\" data-id=\"5b6ddc4\" data-element_type=\"widget\" data-widget_type=\"divider.default\">\n\t\t\t\t<div class=\"elementor-widget-container\">\n\t\t\t\t\t\t\t<div class=\"elementor-divider\">\n\t\t\t<span class=\"elementor-divider-separator\">\n\t\t\t\t\t\t<\/span>\n\t\t<\/div>\n\t\t\t\t\t\t<\/div>\n\t\t\t\t<\/div>\n\t\t\t\t<\/div>\n\t\t\t\t<\/div>\n\t\t<div class=\"elementor-element elementor-element-7cd8a38 e-con-full e-flex e-con e-child\" data-id=\"7cd8a38\" data-element_type=\"container\">\n\t\t\t\t<div class=\"elementor-element elementor-element-78c2cac elementor-widget__width-initial animated-fast elementor-invisible elementor-widget elementor-widget-image\" data-id=\"78c2cac\" data-element_type=\"widget\" data-settings=\"{&quot;_animation&quot;:&quot;slideInRight&quot;}\" data-widget_type=\"image.default\">\n\t\t\t\t<div class=\"elementor-widget-container\">\n\t\t\t\t\t\t\t\t\t\t\t\t\t\t\t<img decoding=\"async\" width=\"850\" height=\"460\" src=\"https:\/\/pinusbrasil.com.br\/wp-content\/uploads\/2024\/06\/pinus-brasil-negocio-industrial-terebintina.webp\" class=\"attachment-full size-full wp-image-1645\" alt=\"\" srcset=\"https:\/\/pinusbrasil.com.br\/wp-content\/uploads\/2024\/06\/pinus-brasil-negocio-industrial-terebintina.webp 850w, https:\/\/pinusbrasil.com.br\/wp-content\/uploads\/2024\/06\/pinus-brasil-negocio-industrial-terebintina-300x162.webp 300w, https:\/\/pinusbrasil.com.br\/wp-content\/uploads\/2024\/06\/pinus-brasil-negocio-industrial-terebintina-768x416.webp 768w\" sizes=\"(max-width: 850px) 100vw, 850px\" \/>\t\t\t\t\t\t\t\t\t\t\t\t\t\t\t<\/div>\n\t\t\t\t<\/div>\n\t\t<div class=\"elementor-element elementor-element-661af60 e-con-full bloco e-flex e-con e-child\" data-id=\"661af60\" data-element_type=\"container\">\n\t\t\t\t<div class=\"elementor-element elementor-element-c985a8b elementor-widget elementor-widget-heading\" data-id=\"c985a8b\" data-element_type=\"widget\" data-widget_type=\"heading.default\">\n\t\t\t\t<div class=\"elementor-widget-container\">\n\t\t\t\t\t<h2 class=\"elementor-heading-title elementor-size-default\">Trementina<\/h2>\t\t\t\t<\/div>\n\t\t\t\t<\/div>\n\t\t\t\t<div class=\"elementor-element elementor-element-6bc6301 elementor-widget elementor-widget-text-editor\" data-id=\"6bc6301\" data-element_type=\"widget\" data-widget_type=\"text-editor.default\">\n\t\t\t\t<div class=\"elementor-widget-container\">\n\t\t\t\t\t\t\t\t\tTambi\u00e9n producimos Trementina, un insumo importante e indispensable en la industria qu\u00edmica fina. Es la materia prima para la fabricaci\u00f3n de fragancias, arom\u00e1ticos, farmac\u00e9uticos, alcanfores sint\u00e9ticos y productos de limpieza. \t\t\t\t\t\t\t\t<\/div>\n\t\t\t\t<\/div>\n\t\t\t\t<div class=\"elementor-element elementor-element-1fb702b elementor-widget-divider--view-line elementor-widget elementor-widget-divider\" data-id=\"1fb702b\" data-element_type=\"widget\" data-widget_type=\"divider.default\">\n\t\t\t\t<div class=\"elementor-widget-container\">\n\t\t\t\t\t\t\t<div class=\"elementor-divider\">\n\t\t\t<span class=\"elementor-divider-separator\">\n\t\t\t\t\t\t<\/span>\n\t\t<\/div>\n\t\t\t\t\t\t<\/div>\n\t\t\t\t<\/div>\n\t\t\t\t<\/div>\n\t\t\t\t<\/div>\n\t\t\t\t<\/div>\n\t\t<div class=\"elementor-element elementor-element-7b2f48cb e-flex e-con-boxed e-con e-parent\" data-id=\"7b2f48cb\" data-element_type=\"container\" id=\"estrutura-industrial\" data-settings=\"{&quot;background_background&quot;:&quot;classic&quot;}\">\n\t\t\t\t\t<div class=\"e-con-inner\">\n\t\t\t\t<div class=\"elementor-element elementor-element-6fbfaa59 elementor-widget__width-inherit elementor-widget elementor-widget-heading\" data-id=\"6fbfaa59\" data-element_type=\"widget\" data-widget_type=\"heading.default\">\n\t\t\t\t<div class=\"elementor-widget-container\">\n\t\t\t\t\t<h1 class=\"elementor-heading-title elementor-size-default\">Estructura Industrial<\/h1>\t\t\t\t<\/div>\n\t\t\t\t<\/div>\n\t\t<div class=\"elementor-element elementor-element-adc7925 e-con-full e-flex e-con e-child\" data-id=\"adc7925\" data-element_type=\"container\">\n\t\t<div class=\"elementor-element elementor-element-5e76a62 e-con-full bloco animated-fast e-flex elementor-invisible e-con e-child\" data-id=\"5e76a62\" data-element_type=\"container\" data-settings=\"{&quot;background_background&quot;:&quot;classic&quot;,&quot;animation&quot;:&quot;slideInUp&quot;}\">\n\t\t\t\t<div class=\"elementor-element elementor-element-c37d026 elementor-widget elementor-widget-image\" data-id=\"c37d026\" data-element_type=\"widget\" data-widget_type=\"image.default\">\n\t\t\t\t<div class=\"elementor-widget-container\">\n\t\t\t\t\t\t\t\t\t\t\t\t\t\t\t<img decoding=\"async\" width=\"1080\" height=\"720\" src=\"https:\/\/pinusbrasil.com.br\/wp-content\/uploads\/2024\/06\/pinus-brasil-estrutura-industrial-producao.webp\" class=\"attachment-full size-full wp-image-1639\" alt=\"\" srcset=\"https:\/\/pinusbrasil.com.br\/wp-content\/uploads\/2024\/06\/pinus-brasil-estrutura-industrial-producao.webp 1080w, https:\/\/pinusbrasil.com.br\/wp-content\/uploads\/2024\/06\/pinus-brasil-estrutura-industrial-producao-300x200.webp 300w, https:\/\/pinusbrasil.com.br\/wp-content\/uploads\/2024\/06\/pinus-brasil-estrutura-industrial-producao-1024x683.webp 1024w, https:\/\/pinusbrasil.com.br\/wp-content\/uploads\/2024\/06\/pinus-brasil-estrutura-industrial-producao-768x512.webp 768w\" sizes=\"(max-width: 1080px) 100vw, 1080px\" \/>\t\t\t\t\t\t\t\t\t\t\t\t\t\t\t<\/div>\n\t\t\t\t<\/div>\n\t\t\t\t<div class=\"elementor-element elementor-element-1264b6d elementor-widget elementor-widget-heading\" data-id=\"1264b6d\" data-element_type=\"widget\" data-widget_type=\"heading.default\">\n\t\t\t\t<div class=\"elementor-widget-container\">\n\t\t\t\t\t<h3 class=\"elementor-heading-title elementor-size-default\">Producci\u00f3n<\/h3>\t\t\t\t<\/div>\n\t\t\t\t<\/div>\n\t\t\t\t<div class=\"elementor-element elementor-element-e1836ac elementor-widget elementor-widget-text-editor\" data-id=\"e1836ac\" data-element_type=\"widget\" data-widget_type=\"text-editor.default\">\n\t\t\t\t<div class=\"elementor-widget-container\">\n\t\t\t\t\t\t\t\t\tLa estructura industrial del Grupo Pinus Brasil tiene una capacidad de procesamiento anual superior a 36 mil toneladas de resina de Pino. Y previendo un aumento en la demanda, ya contamos con el espacio y los recursos para esta expansi\u00f3n.\t\t\t\t\t\t\t\t<\/div>\n\t\t\t\t<\/div>\n\t\t\t\t<\/div>\n\t\t<div class=\"elementor-element elementor-element-63af186 e-con-full bloco animated-fast e-flex elementor-invisible e-con e-child\" data-id=\"63af186\" data-element_type=\"container\" data-settings=\"{&quot;background_background&quot;:&quot;classic&quot;,&quot;animation&quot;:&quot;slideInUp&quot;,&quot;animation_delay&quot;:500}\">\n\t\t\t\t<div class=\"elementor-element elementor-element-4704613 elementor-widget elementor-widget-image\" data-id=\"4704613\" data-element_type=\"widget\" data-widget_type=\"image.default\">\n\t\t\t\t<div class=\"elementor-widget-container\">\n\t\t\t\t\t\t\t\t\t\t\t\t\t\t\t<img loading=\"lazy\" decoding=\"async\" width=\"1024\" height=\"683\" src=\"https:\/\/pinusbrasil.com.br\/wp-content\/uploads\/2024\/06\/pinus-brasil-estrutura-industrial-distribuicao-1024x683.webp\" class=\"attachment-large size-large wp-image-1633\" alt=\"\" srcset=\"https:\/\/pinusbrasil.com.br\/wp-content\/uploads\/2024\/06\/pinus-brasil-estrutura-industrial-distribuicao-1024x683.webp 1024w, https:\/\/pinusbrasil.com.br\/wp-content\/uploads\/2024\/06\/pinus-brasil-estrutura-industrial-distribuicao-300x200.webp 300w, https:\/\/pinusbrasil.com.br\/wp-content\/uploads\/2024\/06\/pinus-brasil-estrutura-industrial-distribuicao-768x512.webp 768w, https:\/\/pinusbrasil.com.br\/wp-content\/uploads\/2024\/06\/pinus-brasil-estrutura-industrial-distribuicao.webp 1080w\" sizes=\"(max-width: 1024px) 100vw, 1024px\" \/>\t\t\t\t\t\t\t\t\t\t\t\t\t\t\t<\/div>\n\t\t\t\t<\/div>\n\t\t\t\t<div class=\"elementor-element elementor-element-1e90e31 elementor-widget elementor-widget-heading\" data-id=\"1e90e31\" data-element_type=\"widget\" data-widget_type=\"heading.default\">\n\t\t\t\t<div class=\"elementor-widget-container\">\n\t\t\t\t\t<h3 class=\"elementor-heading-title elementor-size-default\">Distribuci\u00f3n<\/h3>\t\t\t\t<\/div>\n\t\t\t\t<\/div>\n\t\t\t\t<div class=\"elementor-element elementor-element-7b43ce9 elementor-widget elementor-widget-text-editor\" data-id=\"7b43ce9\" data-element_type=\"widget\" data-widget_type=\"text-editor.default\">\n\t\t\t\t<div class=\"elementor-widget-container\">\n\t\t\t\t\t\t\t\t\tCapacidad para una atenci\u00f3n global. Nuestra estructura cuenta con un centro de distribuci\u00f3n de fraccionados en Valinhos (SP), stock local en Estados Unidos y asociados en diversos pa\u00edses de Europa. En el Grupo Pinus Brasil, la agilidad log\u00edstica es un importante diferencial.\t\t\t\t\t\t\t\t<\/div>\n\t\t\t\t<\/div>\n\t\t\t\t<\/div>\n\t\t<div class=\"elementor-element elementor-element-a4e24fc e-con-full bloco animated-fast e-flex elementor-invisible e-con e-child\" data-id=\"a4e24fc\" data-element_type=\"container\" data-settings=\"{&quot;background_background&quot;:&quot;classic&quot;,&quot;animation&quot;:&quot;slideInUp&quot;,&quot;animation_delay&quot;:1000}\">\n\t\t\t\t<div class=\"elementor-element elementor-element-c640a63 elementor-widget elementor-widget-image\" data-id=\"c640a63\" data-element_type=\"widget\" data-widget_type=\"image.default\">\n\t\t\t\t<div class=\"elementor-widget-container\">\n\t\t\t\t\t\t\t\t\t\t\t\t\t\t\t<img loading=\"lazy\" decoding=\"async\" width=\"1024\" height=\"683\" src=\"https:\/\/pinusbrasil.com.br\/wp-content\/uploads\/2024\/06\/pinus-brasil-estrutura-industrial-integracao-1024x683.webp\" class=\"attachment-large size-large wp-image-1636\" alt=\"\" srcset=\"https:\/\/pinusbrasil.com.br\/wp-content\/uploads\/2024\/06\/pinus-brasil-estrutura-industrial-integracao-1024x683.webp 1024w, https:\/\/pinusbrasil.com.br\/wp-content\/uploads\/2024\/06\/pinus-brasil-estrutura-industrial-integracao-300x200.webp 300w, https:\/\/pinusbrasil.com.br\/wp-content\/uploads\/2024\/06\/pinus-brasil-estrutura-industrial-integracao-768x512.webp 768w, https:\/\/pinusbrasil.com.br\/wp-content\/uploads\/2024\/06\/pinus-brasil-estrutura-industrial-integracao.webp 1080w\" sizes=\"(max-width: 1024px) 100vw, 1024px\" \/>\t\t\t\t\t\t\t\t\t\t\t\t\t\t\t<\/div>\n\t\t\t\t<\/div>\n\t\t\t\t<div class=\"elementor-element elementor-element-4adbe16 elementor-widget elementor-widget-heading\" data-id=\"4adbe16\" data-element_type=\"widget\" data-widget_type=\"heading.default\">\n\t\t\t\t<div class=\"elementor-widget-container\">\n\t\t\t\t\t<h3 class=\"elementor-heading-title elementor-size-default\">Integraci\u00f3n<\/h3>\t\t\t\t<\/div>\n\t\t\t\t<\/div>\n\t\t\t\t<div class=\"elementor-element elementor-element-903d451 elementor-widget elementor-widget-text-editor\" data-id=\"903d451\" data-element_type=\"widget\" data-widget_type=\"text-editor.default\">\n\t\t\t\t<div class=\"elementor-widget-container\">\n\t\t\t\t\t\t\t\t\tEn el mismo predio, tenemos la f\u00e1brica de Colofonia y Trementina, otra de Derivados de la Colofonia, espacio para la producci\u00f3n de plantines, procesamiento de madera y biomasa. Una planta industrial integrada convierte al negocio del Grupo Pinus Brasil mucho m\u00e1s sustentable y competitivo.\t\t\t\t\t\t\t\t<\/div>\n\t\t\t\t<\/div>\n\t\t\t\t<\/div>\n\t\t\t\t<\/div>\n\t\t\t\t\t<\/div>\n\t\t\t\t<\/div>\n\t\t<div class=\"elementor-element elementor-element-7df83c3 e-con-full e-flex e-con e-parent\" data-id=\"7df83c3\" data-element_type=\"container\" id=\"parcerias-industriais-estrategicas\" data-settings=\"{&quot;background_background&quot;:&quot;classic&quot;}\">\n\t\t\t\t<div class=\"elementor-element elementor-element-5d6ba47 elementor-widget__width-inherit elementor-widget elementor-widget-heading\" data-id=\"5d6ba47\" data-element_type=\"widget\" data-widget_type=\"heading.default\">\n\t\t\t\t<div class=\"elementor-widget-container\">\n\t\t\t\t\t<h1 class=\"elementor-heading-title elementor-size-default\">Asociaciones Industriales Estrat\u00e9gicas<\/h1>\t\t\t\t<\/div>\n\t\t\t\t<\/div>\n\t\t\t\t<div class=\"elementor-element elementor-element-9eaed89 elementor-widget__width-initial elementor-widget elementor-widget-text-editor\" data-id=\"9eaed89\" data-element_type=\"widget\" data-widget_type=\"text-editor.default\">\n\t\t\t\t<div class=\"elementor-widget-container\">\n\t\t\t\t\t\t\t\t\tLas asociaciones estrat\u00e9gicas fortalecen al Grupo Pinus Brasil, propiciando el desarrollo de productos y la atenci\u00f3n de nuevos e importantes mercados.\t\t\t\t\t\t\t\t<\/div>\n\t\t\t\t<\/div>\n\t\t<div class=\"elementor-element elementor-element-9dfb265 e-flex e-con-boxed e-con e-child\" data-id=\"9dfb265\" data-element_type=\"container\">\n\t\t\t\t\t<div class=\"e-con-inner\">\n\t\t<div class=\"elementor-element elementor-element-f4f0a56 e-con-full bloco e-flex e-con e-child\" data-id=\"f4f0a56\" data-element_type=\"container\">\n\t\t\t\t<div class=\"elementor-element elementor-element-deebc1d elementor-widget elementor-widget-text-editor\" data-id=\"deebc1d\" data-element_type=\"widget\" data-widget_type=\"text-editor.default\">\n\t\t\t\t<div class=\"elementor-widget-container\">\n\t\t\t\t\t\t\t\t\tEn nuestro laboratorio qu\u00edmico, elaboramos, en conjunto con los departamentos de Investigaci\u00f3n y Desarrollo de los clientes, soluciones sustentables y biodegradables para el agregado y\/o la substituci\u00f3n de componentes m\u00e1s nocivos para el medioambiente.<\/p>\n\nTenemos innumerables casos de \u00e9xito generados por la inteligencia aplicada a las demandas externas. Colocamos toda nuestra capacidad t\u00e9cnica y creativa al servicio del prop\u00f3sito de nuestros socios comerciales.<\/p>\n\nOtro ejemplo de colaboraci\u00f3n muy exitoso es el anticipo de etapas no esenciales. Logramos agregar determinados elementos de la f\u00f3rmula del cliente, optimizando la producci\u00f3n y reduciendo el movimiento de materias primas.\t\t\t\t\t\t\t\t<\/div>\n\t\t\t\t<\/div>\n\t\t\t\t<\/div>\n\t\t\t\t\t<\/div>\n\t\t\t\t<\/div>\n\t\t\t\t<\/div>\n\t\t<div class=\"elementor-element elementor-element-6678b80 e-con-full e-flex elementor-invisible e-con e-parent\" data-id=\"6678b80\" data-element_type=\"container\" data-settings=\"{&quot;background_background&quot;:&quot;classic&quot;,&quot;animation&quot;:&quot;slideInUp&quot;}\">\n\t\t\t\t<div class=\"elementor-element elementor-element-0627011 elementor-align-center elementor-widget__width-initial elementor-widget elementor-widget-button\" data-id=\"0627011\" data-element_type=\"widget\" data-widget_type=\"button.default\">\n\t\t\t\t<div class=\"elementor-widget-container\">\n\t\t\t\t\t\t\t\t\t<div class=\"elementor-button-wrapper\">\n\t\t\t\t\t<a class=\"elementor-button elementor-button-link elementor-size-sm\" href=\"https:\/\/pinusbrasil.com.br\/es\/innovacion\/\" id=\"bt-inovacao\">\n\t\t\t\t\t\t<span class=\"elementor-button-content-wrapper\">\n\t\t\t\t\t\t\t\t\t<span class=\"elementor-button-text\">INNOVE CON PINUS BRASIL<\/span>\n\t\t\t\t\t<\/span>\n\t\t\t\t\t<\/a>\n\t\t\t\t<\/div>\n\t\t\t\t\t\t\t\t<\/div>\n\t\t\t\t<\/div>\n\t\t\t\t<\/div>\n\t\t\t\t<\/div>\n\t\t","protected":false},"excerpt":{"rendered":"<p>Industrial L\u00ednea de Productos El Grupo Pinus Brasil fabrica una diversidad enorme de productos para satisfacer a los m\u00e1s variados [&hellip;]<\/p>\n","protected":false},"author":1,"featured_media":0,"parent":0,"menu_order":0,"comment_status":"closed","ping_status":"closed","template":"elementor_header_footer","meta":{"_acf_changed":false,"site-sidebar-layout":"no-sidebar","site-content-layout":"","ast-site-content-layout":"full-width-container","site-content-style":"default","site-sidebar-style":"default","ast-global-header-display":"","ast-banner-title-visibility":"","ast-main-header-display":"","ast-hfb-above-header-display":"","ast-hfb-below-header-display":"","ast-hfb-mobile-header-display":"","site-post-title":"disabled","ast-breadcrumbs-content":"","ast-featured-img":"disabled","footer-sml-layout":"","ast-disable-related-posts":"","theme-transparent-header-meta":"","adv-header-id-meta":"","stick-header-meta":"","header-above-stick-meta":"","header-main-stick-meta":"","header-below-stick-meta":"","astra-migrate-meta-layouts":"default","ast-page-background-enabled":"default","ast-page-background-meta":{"desktop":{"background-color":"var(--ast-global-color-4)","background-image":"","background-repeat":"repeat","background-position":"center center","background-size":"auto","background-attachment":"scroll","background-type":"","background-media":"","overlay-type":"","overlay-color":"","overlay-opacity":"","overlay-gradient":""},"tablet":{"background-color":"","background-image":"","background-repeat":"repeat","background-position":"center center","background-size":"auto","background-attachment":"scroll","background-type":"","background-media":"","overlay-type":"","overlay-color":"","overlay-opacity":"","overlay-gradient":""},"mobile":{"background-color":"","background-image":"","background-repeat":"repeat","background-position":"center center","background-size":"auto","background-attachment":"scroll","background-type":"","background-media":"","overlay-type":"","overlay-color":"","overlay-opacity":"","overlay-gradient":""}},"ast-content-background-meta":{"desktop":{"background-color":"var(--ast-global-color-5)","background-image":"","background-repeat":"repeat","background-position":"center center","background-size":"auto","background-attachment":"scroll","background-type":"","background-media":"","overlay-type":"","overlay-color":"","overlay-opacity":"","overlay-gradient":""},"tablet":{"background-color":"var(--ast-global-color-5)","background-image":"","background-repeat":"repeat","background-position":"center center","background-size":"auto","background-attachment":"scroll","background-type":"","background-media":"","overlay-type":"","overlay-color":"","overlay-opacity":"","overlay-gradient":""},"mobile":{"background-color":"var(--ast-global-color-5)","background-image":"","background-repeat":"repeat","background-position":"center center","background-size":"auto","background-attachment":"scroll","background-type":"","background-media":"","overlay-type":"","overlay-color":"","overlay-opacity":"","overlay-gradient":""}},"footnotes":""},"class_list":["post-2958","page","type-page","status-publish","hentry"],"acf":[],"_links":{"self":[{"href":"https:\/\/pinusbrasil.com.br\/es\/wp-json\/wp\/v2\/pages\/2958","targetHints":{"allow":["GET"]}}],"collection":[{"href":"https:\/\/pinusbrasil.com.br\/es\/wp-json\/wp\/v2\/pages"}],"about":[{"href":"https:\/\/pinusbrasil.com.br\/es\/wp-json\/wp\/v2\/types\/page"}],"author":[{"embeddable":true,"href":"https:\/\/pinusbrasil.com.br\/es\/wp-json\/wp\/v2\/users\/1"}],"replies":[{"embeddable":true,"href":"https:\/\/pinusbrasil.com.br\/es\/wp-json\/wp\/v2\/comments?post=2958"}],"version-history":[{"count":12,"href":"https:\/\/pinusbrasil.com.br\/es\/wp-json\/wp\/v2\/pages\/2958\/revisions"}],"predecessor-version":[{"id":3593,"href":"https:\/\/pinusbrasil.com.br\/es\/wp-json\/wp\/v2\/pages\/2958\/revisions\/3593"}],"wp:attachment":[{"href":"https:\/\/pinusbrasil.com.br\/es\/wp-json\/wp\/v2\/media?parent=2958"}],"curies":[{"name":"wp","href":"https:\/\/api.w.org\/{rel}","templated":true}]}}