{"id":2957,"date":"2024-06-26T14:53:24","date_gmt":"2024-06-26T17:53:24","guid":{"rendered":"https:\/\/pinusbrasil.com.br\/florestal\/"},"modified":"2024-09-12T16:27:49","modified_gmt":"2024-09-12T19:27:49","slug":"forestal","status":"publish","type":"page","link":"https:\/\/pinusbrasil.com.br\/es\/forestal\/","title":{"rendered":"Forestal"},"content":{"rendered":"\t\t<div data-elementor-type=\"wp-page\" data-elementor-id=\"2957\" class=\"elementor elementor-2957 elementor-560\" data-elementor-post-type=\"page\">\n\t\t\t\t<div class=\"elementor-element elementor-element-41e94959 e-con-full e-flex e-con e-parent\" data-id=\"41e94959\" data-element_type=\"container\" id=\"banner-de-topo\" data-settings=\"{&quot;background_background&quot;:&quot;classic&quot;}\">\n\t\t\t\t<div class=\"elementor-element elementor-element-9c24995 elementor-widget__width-inherit elementor-widget elementor-widget-heading\" data-id=\"9c24995\" data-element_type=\"widget\" data-widget_type=\"heading.default\">\n\t\t\t\t<div class=\"elementor-widget-container\">\n\t\t\t\t\t<h1 class=\"elementor-heading-title elementor-size-default\">Forestal<\/h1>\t\t\t\t<\/div>\n\t\t\t\t<\/div>\n\t\t\t\t<\/div>\n\t\t<div class=\"elementor-element elementor-element-10fac5d e-flex e-con-boxed e-con e-parent\" data-id=\"10fac5d\" data-element_type=\"container\" id=\"desenvolvimento-preservacao\">\n\t\t\t\t\t<div class=\"e-con-inner\">\n\t\t\t\t<div class=\"elementor-element elementor-element-59600d3 elementor-widget__width-inherit elementor-widget elementor-widget-heading\" data-id=\"59600d3\" data-element_type=\"widget\" data-widget_type=\"heading.default\">\n\t\t\t\t<div class=\"elementor-widget-container\">\n\t\t\t\t\t<h1 class=\"elementor-heading-title elementor-size-default\">Desarrollo y Preservaci\u00f3n<\/h1>\t\t\t\t<\/div>\n\t\t\t\t<\/div>\n\t\t\t\t<div class=\"elementor-element elementor-element-fb607d6 elementor-widget elementor-widget-text-editor\" data-id=\"fb607d6\" data-element_type=\"widget\" data-widget_type=\"text-editor.default\">\n\t\t\t\t<div class=\"elementor-widget-container\">\n\t\t\t\t\t\t\t\t\tEn el Grupo Pinus Brasil, no incorporamos ning\u00fan proceso a nuestra rutina sin, antes, evaluar minuciosamente su impacto ambiental.\t\t\t\t\t\t\t\t<\/div>\n\t\t\t\t<\/div>\n\t\t\t\t<div class=\"elementor-element elementor-element-f9102b5 elementor-widget elementor-widget-text-editor\" data-id=\"f9102b5\" data-element_type=\"widget\" data-widget_type=\"text-editor.default\">\n\t\t\t\t<div class=\"elementor-widget-container\">\n\t\t\t\t\t\t\t\t\tSiempre trabajamos enfocados en el desarrollo y la preservaci\u00f3n. Nuestro objetivo es ser reconocidos por la excelencia en el manejo forestal y por la protecci\u00f3n del medioambiente. Sin dejar de lado el desarrollo de las comunidades en las que actuamos y la viabilidad econ\u00f3mica de las operaciones. Tenemos un m\u00e1ximo compromiso con la eficiencia, desde la selecci\u00f3n de la semilla hasta la industrializaci\u00f3n de la materia prima. \t\t\t\t\t\t\t\t<\/div>\n\t\t\t\t<\/div>\n\t\t\t\t\t<\/div>\n\t\t\t\t<\/div>\n\t\t<div class=\"elementor-element elementor-element-d07e816 e-con-full e-flex e-con e-parent\" data-id=\"d07e816\" data-element_type=\"container\">\n\t\t<div class=\"elementor-element elementor-element-681ce8b e-con-full e-flex e-con e-child\" data-id=\"681ce8b\" data-element_type=\"container\">\n\t\t\t\t<div class=\"elementor-element elementor-element-6cc0f43 elementor-widget__width-initial animated-fast elementor-invisible elementor-widget elementor-widget-image\" data-id=\"6cc0f43\" data-element_type=\"widget\" data-settings=\"{&quot;_animation&quot;:&quot;slideInLeft&quot;}\" data-widget_type=\"image.default\">\n\t\t\t\t<div class=\"elementor-widget-container\">\n\t\t\t\t\t\t\t\t\t\t\t\t\t\t\t<img fetchpriority=\"high\" decoding=\"async\" width=\"850\" height=\"460\" src=\"https:\/\/pinusbrasil.com.br\/wp-content\/uploads\/2024\/06\/pinus-brasil-florestal-destaque-01.webp\" class=\"attachment-full size-full wp-image-1567\" alt=\"\" srcset=\"https:\/\/pinusbrasil.com.br\/wp-content\/uploads\/2024\/06\/pinus-brasil-florestal-destaque-01.webp 850w, https:\/\/pinusbrasil.com.br\/wp-content\/uploads\/2024\/06\/pinus-brasil-florestal-destaque-01-300x162.webp 300w, https:\/\/pinusbrasil.com.br\/wp-content\/uploads\/2024\/06\/pinus-brasil-florestal-destaque-01-768x416.webp 768w\" sizes=\"(max-width: 850px) 100vw, 850px\" \/>\t\t\t\t\t\t\t\t\t\t\t\t\t\t\t<\/div>\n\t\t\t\t<\/div>\n\t\t<div class=\"elementor-element elementor-element-f05f89c e-con-full bloco e-flex e-con e-child\" data-id=\"f05f89c\" data-element_type=\"container\">\n\t\t\t\t<div class=\"elementor-element elementor-element-dd272cd elementor-widget elementor-widget-heading\" data-id=\"dd272cd\" data-element_type=\"widget\" data-widget_type=\"heading.default\">\n\t\t\t\t<div class=\"elementor-widget-container\">\n\t\t\t\t\t<h2 class=\"elementor-heading-title elementor-size-default\">Vivero<\/h2>\t\t\t\t<\/div>\n\t\t\t\t<\/div>\n\t\t\t\t<div class=\"elementor-element elementor-element-4132a1f elementor-widget elementor-widget-text-editor\" data-id=\"4132a1f\" data-element_type=\"widget\" data-widget_type=\"text-editor.default\">\n\t\t\t\t<div class=\"elementor-widget-container\">\n\t\t\t\t\t\t\t\t\tEl trabajo comienza mucho antes de que los productos lleguen a la casa de millones de personas en m\u00e1s de 40 pa\u00edses. Todo nace en nuestros viveros, donde se desarrollan los plantines que, despu\u00e9s, se enviar\u00e1n a las plantaciones en nuestras forestaciones. Acompa\u00f1amos al \u00e1rbol en todas sus fases de crecimiento. Cuando alcanza la madurez, est\u00e1 apto para la resinaci\u00f3n, de donde se extrae la Resina de Goma por medio de la inserci\u00f3n de grapas en el tronco.\t\t\t\t\t\t\t\t<\/div>\n\t\t\t\t<\/div>\n\t\t\t\t<div class=\"elementor-element elementor-element-5b6ddc4 elementor-widget-divider--view-line elementor-widget elementor-widget-divider\" data-id=\"5b6ddc4\" data-element_type=\"widget\" data-widget_type=\"divider.default\">\n\t\t\t\t<div class=\"elementor-widget-container\">\n\t\t\t\t\t\t\t<div class=\"elementor-divider\">\n\t\t\t<span class=\"elementor-divider-separator\">\n\t\t\t\t\t\t<\/span>\n\t\t<\/div>\n\t\t\t\t\t\t<\/div>\n\t\t\t\t<\/div>\n\t\t\t\t<\/div>\n\t\t<div class=\"elementor-element elementor-element-d8fc8f6 e-con-full bloco e-flex e-con e-child\" data-id=\"d8fc8f6\" data-element_type=\"container\">\n\t\t\t\t<div class=\"elementor-element elementor-element-f4c3508 elementor-widget elementor-widget-heading\" data-id=\"f4c3508\" data-element_type=\"widget\" data-widget_type=\"heading.default\">\n\t\t\t\t<div class=\"elementor-widget-container\">\n\t\t\t\t\t<h2 class=\"elementor-heading-title elementor-size-default\">Silvicultura<\/h2>\t\t\t\t<\/div>\n\t\t\t\t<\/div>\n\t\t\t\t<div class=\"elementor-element elementor-element-4e807c8 elementor-widget elementor-widget-text-editor\" data-id=\"4e807c8\" data-element_type=\"widget\" data-widget_type=\"text-editor.default\">\n\t\t\t\t<div class=\"elementor-widget-container\">\n\t\t\t\t\t\t\t\t\tLa silvicultura es la ciencia que estudia el mejor aprovechamiento de los bosques o montes forestales. E involucra diversos procesos, como la limpieza del \u00e1rea donde ser\u00e1 implantada la plantaci\u00f3n, el combate de las hormigas que pueden perjudicar el cultivo, el subsolado de \u00e1reas que pueden ser mecanizados para agilizar las etapas de producci\u00f3n, la plantaci\u00f3n y la replantaci\u00f3n.\t\t\t\t\t\t\t\t<\/div>\n\t\t\t\t<\/div>\n\t\t\t\t<div class=\"elementor-element elementor-element-17762df elementor-widget-divider--view-line elementor-widget elementor-widget-divider\" data-id=\"17762df\" data-element_type=\"widget\" data-widget_type=\"divider.default\">\n\t\t\t\t<div class=\"elementor-widget-container\">\n\t\t\t\t\t\t\t<div class=\"elementor-divider\">\n\t\t\t<span class=\"elementor-divider-separator\">\n\t\t\t\t\t\t<\/span>\n\t\t<\/div>\n\t\t\t\t\t\t<\/div>\n\t\t\t\t<\/div>\n\t\t\t\t<\/div>\n\t\t<div class=\"elementor-element elementor-element-452df0f e-con-full bloco e-flex e-con e-child\" data-id=\"452df0f\" data-element_type=\"container\">\n\t\t\t\t<div class=\"elementor-element elementor-element-87777c7 elementor-widget elementor-widget-heading\" data-id=\"87777c7\" data-element_type=\"widget\" data-widget_type=\"heading.default\">\n\t\t\t\t<div class=\"elementor-widget-container\">\n\t\t\t\t\t<h2 class=\"elementor-heading-title elementor-size-default\">Investigaci\u00f3n Forestal<\/h2>\t\t\t\t<\/div>\n\t\t\t\t<\/div>\n\t\t\t\t<div class=\"elementor-element elementor-element-cc89348 elementor-widget elementor-widget-text-editor\" data-id=\"cc89348\" data-element_type=\"widget\" data-widget_type=\"text-editor.default\">\n\t\t\t\t<div class=\"elementor-widget-container\">\n\t\t\t\t\t\t\t\t\tLa investigaci\u00f3n forestal tiene el objetivo de seleccionar las mejores variedades de plantines para cada tipo de suelo. Es una etapa que puede involucrar, inclusive, el mejoramiento gen\u00e9tico de las plantas, para estimular el aumento de la productividad y el perfeccionamiento de la calidad de la Resina de Goma. Nuestro programa de investigaci\u00f3n forestal incluye cruzamientos controlados, hibridaciones y simulaciones de progenies y de procedencias. Todo esto para siempre proporcionarle al mercado los mejores insumos.\t\t\t\t\t\t\t\t<\/div>\n\t\t\t\t<\/div>\n\t\t\t\t<div class=\"elementor-element elementor-element-845f408 elementor-widget-divider--view-line elementor-widget elementor-widget-divider\" data-id=\"845f408\" data-element_type=\"widget\" data-widget_type=\"divider.default\">\n\t\t\t\t<div class=\"elementor-widget-container\">\n\t\t\t\t\t\t\t<div class=\"elementor-divider\">\n\t\t\t<span class=\"elementor-divider-separator\">\n\t\t\t\t\t\t<\/span>\n\t\t<\/div>\n\t\t\t\t\t\t<\/div>\n\t\t\t\t<\/div>\n\t\t\t\t<\/div>\n\t\t\t\t<\/div>\n\t\t<div class=\"elementor-element elementor-element-7cd8a38 e-con-full e-flex e-con e-child\" data-id=\"7cd8a38\" data-element_type=\"container\">\n\t\t\t\t<div class=\"elementor-element elementor-element-78c2cac elementor-widget__width-initial animated-fast elementor-invisible elementor-widget elementor-widget-image\" data-id=\"78c2cac\" data-element_type=\"widget\" data-settings=\"{&quot;_animation&quot;:&quot;slideInRight&quot;}\" data-widget_type=\"image.default\">\n\t\t\t\t<div class=\"elementor-widget-container\">\n\t\t\t\t\t\t\t\t\t\t\t\t\t\t\t<img decoding=\"async\" width=\"850\" height=\"460\" src=\"https:\/\/pinusbrasil.com.br\/wp-content\/uploads\/2024\/06\/pinus-brasil-florestal-destaque-02.webp\" class=\"attachment-full size-full wp-image-1570\" alt=\"\" srcset=\"https:\/\/pinusbrasil.com.br\/wp-content\/uploads\/2024\/06\/pinus-brasil-florestal-destaque-02.webp 850w, https:\/\/pinusbrasil.com.br\/wp-content\/uploads\/2024\/06\/pinus-brasil-florestal-destaque-02-300x162.webp 300w, https:\/\/pinusbrasil.com.br\/wp-content\/uploads\/2024\/06\/pinus-brasil-florestal-destaque-02-768x416.webp 768w\" sizes=\"(max-width: 850px) 100vw, 850px\" \/>\t\t\t\t\t\t\t\t\t\t\t\t\t\t\t<\/div>\n\t\t\t\t<\/div>\n\t\t<div class=\"elementor-element elementor-element-661af60 e-con-full bloco e-flex e-con e-child\" data-id=\"661af60\" data-element_type=\"container\">\n\t\t\t\t<div class=\"elementor-element elementor-element-c985a8b elementor-widget elementor-widget-heading\" data-id=\"c985a8b\" data-element_type=\"widget\" data-widget_type=\"heading.default\">\n\t\t\t\t<div class=\"elementor-widget-container\">\n\t\t\t\t\t<h2 class=\"elementor-heading-title elementor-size-default\">Forestaciones Multiuso<\/h2>\t\t\t\t<\/div>\n\t\t\t\t<\/div>\n\t\t\t\t<div class=\"elementor-element elementor-element-6bc6301 elementor-widget elementor-widget-text-editor\" data-id=\"6bc6301\" data-element_type=\"widget\" data-widget_type=\"text-editor.default\">\n\t\t\t\t<div class=\"elementor-widget-container\">\n\t\t\t\t\t\t\t\t\tUna vez cerrado el per\u00edodo de extracci\u00f3n de la resina de goma, extraemos los \u00e1rboles y los transportamos a la maderera. Se clasifican y se destinan para el aserradero o para la producci\u00f3n de biomasa. As\u00ed, concluimos todo el ciclo de aprovechamiento de 100% de la materia prima proveniente de la reforestaci\u00f3n.\t\t\t\t\t\t\t\t<\/div>\n\t\t\t\t<\/div>\n\t\t\t\t<div class=\"elementor-element elementor-element-1fb702b elementor-widget-divider--view-line elementor-widget elementor-widget-divider\" data-id=\"1fb702b\" data-element_type=\"widget\" data-widget_type=\"divider.default\">\n\t\t\t\t<div class=\"elementor-widget-container\">\n\t\t\t\t\t\t\t<div class=\"elementor-divider\">\n\t\t\t<span class=\"elementor-divider-separator\">\n\t\t\t\t\t\t<\/span>\n\t\t<\/div>\n\t\t\t\t\t\t<\/div>\n\t\t\t\t<\/div>\n\t\t\t\t<\/div>\n\t\t<div class=\"elementor-element elementor-element-e4596b8 e-con-full bloco e-flex e-con e-child\" data-id=\"e4596b8\" data-element_type=\"container\">\n\t\t\t\t<div class=\"elementor-element elementor-element-0dc6cf0 elementor-widget elementor-widget-heading\" data-id=\"0dc6cf0\" data-element_type=\"widget\" data-widget_type=\"heading.default\">\n\t\t\t\t<div class=\"elementor-widget-container\">\n\t\t\t\t\t<h2 class=\"elementor-heading-title elementor-size-default\">Manejo Forestal<\/h2>\t\t\t\t<\/div>\n\t\t\t\t<\/div>\n\t\t\t\t<div class=\"elementor-element elementor-element-5f20912 elementor-widget elementor-widget-text-editor\" data-id=\"5f20912\" data-element_type=\"widget\" data-widget_type=\"text-editor.default\">\n\t\t\t\t<div class=\"elementor-widget-container\">\n\t\t\t\t\t\t\t\t\tCon el manejo forestal, el Grupo Pinus Brasil garantiza que se adopten todos los cuidados con el medioambiente, al mismo tiempo que se garantiza la viabilidad de la operaci\u00f3n productiva. Entre las actividades del manejo forestal, est\u00e1n la entresaca y el desrame. En la entresaca, nuestros profesionales abren ramales para el resinado, eliminando los obst\u00e1culos. En el desrame, el equipo realiza la poda para dejar la madera limpia y libre de nudos.\t\t\t\t\t\t\t\t<\/div>\n\t\t\t\t<\/div>\n\t\t\t\t<div class=\"elementor-element elementor-element-d12486d elementor-widget-divider--view-line elementor-widget elementor-widget-divider\" data-id=\"d12486d\" data-element_type=\"widget\" data-widget_type=\"divider.default\">\n\t\t\t\t<div class=\"elementor-widget-container\">\n\t\t\t\t\t\t\t<div class=\"elementor-divider\">\n\t\t\t<span class=\"elementor-divider-separator\">\n\t\t\t\t\t\t<\/span>\n\t\t<\/div>\n\t\t\t\t\t\t<\/div>\n\t\t\t\t<\/div>\n\t\t\t\t<\/div>\n\t\t<div class=\"elementor-element elementor-element-2806ae5 e-con-full bloco e-flex e-con e-child\" data-id=\"2806ae5\" data-element_type=\"container\">\n\t\t\t\t<div class=\"elementor-element elementor-element-e357189 elementor-widget elementor-widget-heading\" data-id=\"e357189\" data-element_type=\"widget\" data-widget_type=\"heading.default\">\n\t\t\t\t<div class=\"elementor-widget-container\">\n\t\t\t\t\t<h2 class=\"elementor-heading-title elementor-size-default\">Asociaciones con Productores<\/h2>\t\t\t\t<\/div>\n\t\t\t\t<\/div>\n\t\t\t\t<div class=\"elementor-element elementor-element-ce371e6 elementor-widget elementor-widget-text-editor\" data-id=\"ce371e6\" data-element_type=\"widget\" data-widget_type=\"text-editor.default\">\n\t\t\t\t<div class=\"elementor-widget-container\">\n\t\t\t\t\t\t\t\t\tAdem\u00e1s de nuestras propias plantaciones, trabajamos en sociedad con diversos productores rurales. Arrendamos forestaciones y nos hacemos responsables de todo el manejo, incluyendo la plantaci\u00f3n, la extracci\u00f3n de la resina y el corte de la madera. Tambi\u00e9n compramos materia prima a innumerables proveedores independientes, incentivando el cultivo y generando una renta a centenas de familias.\t\t\t\t\t\t\t\t<\/div>\n\t\t\t\t<\/div>\n\t\t\t\t<div class=\"elementor-element elementor-element-297b1d3 elementor-widget-divider--view-line elementor-widget elementor-widget-divider\" data-id=\"297b1d3\" data-element_type=\"widget\" data-widget_type=\"divider.default\">\n\t\t\t\t<div class=\"elementor-widget-container\">\n\t\t\t\t\t\t\t<div class=\"elementor-divider\">\n\t\t\t<span class=\"elementor-divider-separator\">\n\t\t\t\t\t\t<\/span>\n\t\t<\/div>\n\t\t\t\t\t\t<\/div>\n\t\t\t\t<\/div>\n\t\t\t\t<\/div>\n\t\t\t\t<\/div>\n\t\t\t\t<\/div>\n\t\t<div class=\"elementor-element elementor-element-5d20f484 e-con-full animated-fast e-flex elementor-invisible e-con e-parent\" data-id=\"5d20f484\" data-element_type=\"container\" id=\"resinagem\" data-settings=\"{&quot;background_background&quot;:&quot;classic&quot;,&quot;animation&quot;:&quot;slideInUp&quot;}\">\n\t\t\t\t<div class=\"elementor-element elementor-element-d1f710e elementor-widget elementor-widget-heading\" data-id=\"d1f710e\" data-element_type=\"widget\" data-widget_type=\"heading.default\">\n\t\t\t\t<div class=\"elementor-widget-container\">\n\t\t\t\t\t<h1 class=\"elementor-heading-title elementor-size-default\">Resinaci\u00f3n<\/h1>\t\t\t\t<\/div>\n\t\t\t\t<\/div>\n\t\t\t\t<div class=\"elementor-element elementor-element-3dbaf97b elementor-widget__width-initial elementor-widget elementor-widget-text-editor\" data-id=\"3dbaf97b\" data-element_type=\"widget\" data-widget_type=\"text-editor.default\">\n\t\t\t\t<div class=\"elementor-widget-container\">\n\t\t\t\t\t\t\t\t\tLa Resinaci\u00f3n es la operaci\u00f3n de extracci\u00f3n de la savia (Resina de Goma) de los \u00e1rboles. Conozca c\u00f3mo se realiza esta etapa fundamental en el proceso productivo en el Grupo Pinus Brasil.\t\t\t\t\t\t\t\t<\/div>\n\t\t\t\t<\/div>\n\t\t\t\t<div class=\"elementor-element elementor-element-408441a2 elementor-align-center elementor-widget__width-initial elementor-widget elementor-widget-button\" data-id=\"408441a2\" data-element_type=\"widget\" data-widget_type=\"button.default\">\n\t\t\t\t<div class=\"elementor-widget-container\">\n\t\t\t\t\t\t\t\t\t<div class=\"elementor-button-wrapper\">\n\t\t\t\t\t<a class=\"elementor-button elementor-button-link elementor-size-sm\" href=\"https:\/\/pinusbrasil.com.br\/es\/resinacion\/\">\n\t\t\t\t\t\t<span class=\"elementor-button-content-wrapper\">\n\t\t\t\t\t\t\t\t\t<span class=\"elementor-button-text\">SABER M\u00c1S<\/span>\n\t\t\t\t\t<\/span>\n\t\t\t\t\t<\/a>\n\t\t\t\t<\/div>\n\t\t\t\t\t\t\t\t<\/div>\n\t\t\t\t<\/div>\n\t\t\t\t<\/div>\n\t\t\t\t<\/div>\n\t\t","protected":false},"excerpt":{"rendered":"<p>Forestal Desarrollo y Preservaci\u00f3n En el Grupo Pinus Brasil, no incorporamos ning\u00fan proceso a nuestra rutina sin, antes, evaluar minuciosamente [&hellip;]<\/p>\n","protected":false},"author":1,"featured_media":0,"parent":0,"menu_order":0,"comment_status":"closed","ping_status":"closed","template":"elementor_header_footer","meta":{"_acf_changed":false,"site-sidebar-layout":"no-sidebar","site-content-layout":"","ast-site-content-layout":"full-width-container","site-content-style":"default","site-sidebar-style":"default","ast-global-header-display":"","ast-banner-title-visibility":"","ast-main-header-display":"","ast-hfb-above-header-display":"","ast-hfb-below-header-display":"","ast-hfb-mobile-header-display":"","site-post-title":"disabled","ast-breadcrumbs-content":"","ast-featured-img":"disabled","footer-sml-layout":"","ast-disable-related-posts":"","theme-transparent-header-meta":"","adv-header-id-meta":"","stick-header-meta":"","header-above-stick-meta":"","header-main-stick-meta":"","header-below-stick-meta":"","astra-migrate-meta-layouts":"default","ast-page-background-enabled":"default","ast-page-background-meta":{"desktop":{"background-color":"var(--ast-global-color-4)","background-image":"","background-repeat":"repeat","background-position":"center center","background-size":"auto","background-attachment":"scroll","background-type":"","background-media":"","overlay-type":"","overlay-color":"","overlay-opacity":"","overlay-gradient":""},"tablet":{"background-color":"","background-image":"","background-repeat":"repeat","background-position":"center center","background-size":"auto","background-attachment":"scroll","background-type":"","background-media":"","overlay-type":"","overlay-color":"","overlay-opacity":"","overlay-gradient":""},"mobile":{"background-color":"","background-image":"","background-repeat":"repeat","background-position":"center center","background-size":"auto","background-attachment":"scroll","background-type":"","background-media":"","overlay-type":"","overlay-color":"","overlay-opacity":"","overlay-gradient":""}},"ast-content-background-meta":{"desktop":{"background-color":"var(--ast-global-color-5)","background-image":"","background-repeat":"repeat","background-position":"center center","background-size":"auto","background-attachment":"scroll","background-type":"","background-media":"","overlay-type":"","overlay-color":"","overlay-opacity":"","overlay-gradient":""},"tablet":{"background-color":"var(--ast-global-color-5)","background-image":"","background-repeat":"repeat","background-position":"center center","background-size":"auto","background-attachment":"scroll","background-type":"","background-media":"","overlay-type":"","overlay-color":"","overlay-opacity":"","overlay-gradient":""},"mobile":{"background-color":"var(--ast-global-color-5)","background-image":"","background-repeat":"repeat","background-position":"center center","background-size":"auto","background-attachment":"scroll","background-type":"","background-media":"","overlay-type":"","overlay-color":"","overlay-opacity":"","overlay-gradient":""}},"footnotes":""},"class_list":["post-2957","page","type-page","status-publish","hentry"],"acf":[],"_links":{"self":[{"href":"https:\/\/pinusbrasil.com.br\/es\/wp-json\/wp\/v2\/pages\/2957","targetHints":{"allow":["GET"]}}],"collection":[{"href":"https:\/\/pinusbrasil.com.br\/es\/wp-json\/wp\/v2\/pages"}],"about":[{"href":"https:\/\/pinusbrasil.com.br\/es\/wp-json\/wp\/v2\/types\/page"}],"author":[{"embeddable":true,"href":"https:\/\/pinusbrasil.com.br\/es\/wp-json\/wp\/v2\/users\/1"}],"replies":[{"embeddable":true,"href":"https:\/\/pinusbrasil.com.br\/es\/wp-json\/wp\/v2\/comments?post=2957"}],"version-history":[{"count":4,"href":"https:\/\/pinusbrasil.com.br\/es\/wp-json\/wp\/v2\/pages\/2957\/revisions"}],"predecessor-version":[{"id":2971,"href":"https:\/\/pinusbrasil.com.br\/es\/wp-json\/wp\/v2\/pages\/2957\/revisions\/2971"}],"wp:attachment":[{"href":"https:\/\/pinusbrasil.com.br\/es\/wp-json\/wp\/v2\/media?parent=2957"}],"curies":[{"name":"wp","href":"https:\/\/api.w.org\/{rel}","templated":true}]}}