{"id":2917,"date":"2024-07-07T09:05:07","date_gmt":"2024-07-07T12:05:07","guid":{"rendered":"https:\/\/pinusbrasil.com.br\/responsabilidade-social\/"},"modified":"2024-10-22T10:21:07","modified_gmt":"2024-10-22T13:21:07","slug":"social-responsibility","status":"publish","type":"page","link":"https:\/\/pinusbrasil.com.br\/en\/social-responsibility\/","title":{"rendered":"Social Responsibility"},"content":{"rendered":"\t\t<div data-elementor-type=\"wp-page\" data-elementor-id=\"2917\" class=\"elementor elementor-2917 elementor-1869\" data-elementor-post-type=\"page\">\n\t\t\t\t<div class=\"elementor-element elementor-element-41e94959 e-con-full e-flex e-con e-parent\" data-id=\"41e94959\" data-element_type=\"container\" id=\"banner-de-topo\" data-settings=\"{&quot;background_background&quot;:&quot;classic&quot;}\">\n\t\t\t\t<div class=\"elementor-element elementor-element-bf1cb3a elementor-widget__width-inherit elementor-widget elementor-widget-heading\" data-id=\"bf1cb3a\" data-element_type=\"widget\" data-widget_type=\"heading.default\">\n\t\t\t\t<div class=\"elementor-widget-container\">\n\t\t\t\t\t<h1 class=\"elementor-heading-title elementor-size-default\">Social<br \/>Responsibility<\/h1>\t\t\t\t<\/div>\n\t\t\t\t<\/div>\n\t\t\t\t<\/div>\n\t\t<div class=\"elementor-element elementor-element-10fac5d e-flex e-con-boxed e-con e-parent\" data-id=\"10fac5d\" data-element_type=\"container\" id=\"responsabilidade-social\">\n\t\t\t\t\t<div class=\"e-con-inner\">\n\t\t\t\t<div class=\"elementor-element elementor-element-59600d3 elementor-widget__width-inherit elementor-widget elementor-widget-heading\" data-id=\"59600d3\" data-element_type=\"widget\" data-widget_type=\"heading.default\">\n\t\t\t\t<div class=\"elementor-widget-container\">\n\t\t\t\t\t<h1 class=\"elementor-heading-title elementor-size-default\">Learn about our social actions<\/h1>\t\t\t\t<\/div>\n\t\t\t\t<\/div>\n\t\t\t\t<div class=\"elementor-element elementor-element-fb607d6 elementor-widget elementor-widget-text-editor\" data-id=\"fb607d6\" data-element_type=\"widget\" data-widget_type=\"text-editor.default\">\n\t\t\t\t<div class=\"elementor-widget-container\">\n\t\t\t\t\t\t\t\t\tSocial responsibility is in our culture.\t\t\t\t\t\t\t\t<\/div>\n\t\t\t\t<\/div>\n\t\t\t\t<div class=\"elementor-element elementor-element-f9102b5 elementor-widget__width-initial elementor-widget elementor-widget-text-editor\" data-id=\"f9102b5\" data-element_type=\"widget\" data-widget_type=\"text-editor.default\">\n\t\t\t\t<div class=\"elementor-widget-container\">\n\t\t\t\t\t\t\t\t\tOver the years, we have taken on many initiatives to support our employees, the residents of the communities in which we operate, and society in general.\t\t\t\t\t\t\t\t<\/div>\n\t\t\t\t<\/div>\n\t\t\t\t\t<\/div>\n\t\t\t\t<\/div>\n\t\t<div class=\"elementor-element elementor-element-d07e816 e-con-full e-flex e-con e-parent\" data-id=\"d07e816\" data-element_type=\"container\">\n\t\t<div class=\"elementor-element elementor-element-681ce8b e-con-full e-flex e-con e-child\" data-id=\"681ce8b\" data-element_type=\"container\">\n\t\t\t\t<div class=\"elementor-element elementor-element-6cc0f43 elementor-widget__width-initial animated-fast elementor-invisible elementor-widget elementor-widget-image\" data-id=\"6cc0f43\" data-element_type=\"widget\" data-settings=\"{&quot;_animation&quot;:&quot;slideInLeft&quot;}\" data-widget_type=\"image.default\">\n\t\t\t\t<div class=\"elementor-widget-container\">\n\t\t\t\t\t\t\t\t\t\t\t\t\t\t\t<img fetchpriority=\"high\" decoding=\"async\" width=\"850\" height=\"460\" src=\"https:\/\/pinusbrasil.com.br\/wp-content\/uploads\/2024\/07\/pinus-brasil-responsabilidade-social-01.webp\" class=\"attachment-full size-full wp-image-1893\" alt=\"\" srcset=\"https:\/\/pinusbrasil.com.br\/wp-content\/uploads\/2024\/07\/pinus-brasil-responsabilidade-social-01.webp 850w, https:\/\/pinusbrasil.com.br\/wp-content\/uploads\/2024\/07\/pinus-brasil-responsabilidade-social-01-300x162.webp 300w, https:\/\/pinusbrasil.com.br\/wp-content\/uploads\/2024\/07\/pinus-brasil-responsabilidade-social-01-768x416.webp 768w\" sizes=\"(max-width: 850px) 100vw, 850px\" \/>\t\t\t\t\t\t\t\t\t\t\t\t\t\t\t<\/div>\n\t\t\t\t<\/div>\n\t\t<div class=\"elementor-element elementor-element-f05f89c e-con-full bloco e-flex e-con e-child\" data-id=\"f05f89c\" data-element_type=\"container\">\n\t\t\t\t<div class=\"elementor-element elementor-element-dd272cd elementor-widget elementor-widget-heading\" data-id=\"dd272cd\" data-element_type=\"widget\" data-widget_type=\"heading.default\">\n\t\t\t\t<div class=\"elementor-widget-container\">\n\t\t\t\t\t<h2 class=\"elementor-heading-title elementor-size-default\">Our employees<\/h2>\t\t\t\t<\/div>\n\t\t\t\t<\/div>\n\t\t\t\t<div class=\"elementor-element elementor-element-4132a1f elementor-widget elementor-widget-text-editor\" data-id=\"4132a1f\" data-element_type=\"widget\" data-widget_type=\"text-editor.default\">\n\t\t\t\t<div class=\"elementor-widget-container\">\n\t\t\t\t\t\t\t\t\tEmployees are important to our success. That is why we allocate resources to the implementation of safety programs. We invest in professional training and create incentives to promote a safe, inclusive, and equitable environment.\t\t\t\t\t\t\t\t<\/div>\n\t\t\t\t<\/div>\n\t\t\t\t<div class=\"elementor-element elementor-element-5b6ddc4 elementor-widget-divider--view-line elementor-widget elementor-widget-divider\" data-id=\"5b6ddc4\" data-element_type=\"widget\" data-widget_type=\"divider.default\">\n\t\t\t\t<div class=\"elementor-widget-container\">\n\t\t\t\t\t\t\t<div class=\"elementor-divider\">\n\t\t\t<span class=\"elementor-divider-separator\">\n\t\t\t\t\t\t<\/span>\n\t\t<\/div>\n\t\t\t\t\t\t<\/div>\n\t\t\t\t<\/div>\n\t\t\t\t<\/div>\n\t\t<div class=\"elementor-element elementor-element-d8fc8f6 e-con-full bloco e-flex e-con e-child\" data-id=\"d8fc8f6\" data-element_type=\"container\">\n\t\t\t\t<div class=\"elementor-element elementor-element-f4c3508 elementor-widget elementor-widget-heading\" data-id=\"f4c3508\" data-element_type=\"widget\" data-widget_type=\"heading.default\">\n\t\t\t\t<div class=\"elementor-widget-container\">\n\t\t\t\t\t<h2 class=\"elementor-heading-title elementor-size-default\">Community Vegetable Garden<\/h2>\t\t\t\t<\/div>\n\t\t\t\t<\/div>\n\t\t\t\t<div class=\"elementor-element elementor-element-4e807c8 elementor-widget elementor-widget-text-editor\" data-id=\"4e807c8\" data-element_type=\"widget\" data-widget_type=\"text-editor.default\">\n\t\t\t\t<div class=\"elementor-widget-container\">\n\t\t\t\t\t\t\t\t\tThrough a strategic partnership with Associa\u00e7\u00e3o dos Volunt\u00e1rios no Combate ao C\u00e2ncer de Buri &#8211; AVCCB (Association of Volunteers in the Fight Against Cancer of Buri), in the municipality of Buri, state of S\u00e3o Paulo, we have implemented a community vegetable garden. The goal is to promote food safety and nutritional education, to provide therapeutic activities for the patients and their families who are assisted by the organization, and to contribute to the physical and emotional well-being of everyone. \t\t\t\t\t\t\t\t<\/div>\n\t\t\t\t<\/div>\n\t\t\t\t<div class=\"elementor-element elementor-element-17762df elementor-widget-divider--view-line elementor-widget elementor-widget-divider\" data-id=\"17762df\" data-element_type=\"widget\" data-widget_type=\"divider.default\">\n\t\t\t\t<div class=\"elementor-widget-container\">\n\t\t\t\t\t\t\t<div class=\"elementor-divider\">\n\t\t\t<span class=\"elementor-divider-separator\">\n\t\t\t\t\t\t<\/span>\n\t\t<\/div>\n\t\t\t\t\t\t<\/div>\n\t\t\t\t<\/div>\n\t\t\t\t<\/div>\n\t\t<div class=\"elementor-element elementor-element-452df0f e-con-full bloco e-flex e-con e-child\" data-id=\"452df0f\" data-element_type=\"container\">\n\t\t\t\t<div class=\"elementor-element elementor-element-87777c7 elementor-widget elementor-widget-heading\" data-id=\"87777c7\" data-element_type=\"widget\" data-widget_type=\"heading.default\">\n\t\t\t\t<div class=\"elementor-widget-container\">\n\t\t\t\t\t<h2 class=\"elementor-heading-title elementor-size-default\">A Seed is Born<\/h2>\t\t\t\t<\/div>\n\t\t\t\t<\/div>\n\t\t\t\t<div class=\"elementor-element elementor-element-cc89348 elementor-widget elementor-widget-text-editor\" data-id=\"cc89348\" data-element_type=\"widget\" data-widget_type=\"text-editor.default\">\n\t\t\t\t<div class=\"elementor-widget-container\">\n\t\t\t\t\t\t\t\t\tThe project A Seed Is Born was created in 2020 and has welcomed more than 25 families. The idea is to celebrate the birth of a life. Grupo Pinus Brasil presents the mother or father with a basket containing personal hygiene and basic care items. The project is managed by the company&#8217;s Health and Safety department.\t\t\t\t\t\t\t\t<\/div>\n\t\t\t\t<\/div>\n\t\t\t\t<div class=\"elementor-element elementor-element-845f408 elementor-widget-divider--view-line elementor-widget elementor-widget-divider\" data-id=\"845f408\" data-element_type=\"widget\" data-widget_type=\"divider.default\">\n\t\t\t\t<div class=\"elementor-widget-container\">\n\t\t\t\t\t\t\t<div class=\"elementor-divider\">\n\t\t\t<span class=\"elementor-divider-separator\">\n\t\t\t\t\t\t<\/span>\n\t\t<\/div>\n\t\t\t\t\t\t<\/div>\n\t\t\t\t<\/div>\n\t\t\t\t<\/div>\n\t\t<div class=\"elementor-element elementor-element-d517183 e-con-full bloco e-flex e-con e-child\" data-id=\"d517183\" data-element_type=\"container\">\n\t\t\t\t<div class=\"elementor-element elementor-element-ac802bc elementor-widget elementor-widget-heading\" data-id=\"ac802bc\" data-element_type=\"widget\" data-widget_type=\"heading.default\">\n\t\t\t\t<div class=\"elementor-widget-container\">\n\t\t\t\t\t<h2 class=\"elementor-heading-title elementor-size-default\">Health and Prevention<\/h2>\t\t\t\t<\/div>\n\t\t\t\t<\/div>\n\t\t\t\t<div class=\"elementor-element elementor-element-b1cd304 elementor-widget elementor-widget-text-editor\" data-id=\"b1cd304\" data-element_type=\"widget\" data-widget_type=\"text-editor.default\">\n\t\t\t\t<div class=\"elementor-widget-container\">\n\t\t\t\t\t\t\t\t\tIn 2020, Grupo Pinus Brasil signed a partnership with Associa\u00e7\u00e3o dos Volunt\u00e1rios no Combate ao C\u00e2ncer de Buri &#8211; AVCCB (Association of Volunteers in the Fight Against Cancer of Buri). The initiative aims to create educational campaigns to prevent cancer, such as \u201cOutubro Rosa\u201d (Pink October), related to breast cancer; and \u201cNovembro Azul\u201d (Blue November), aimed at actions to raise awareness of prostate cancer.\t\t\t\t\t\t\t\t<\/div>\n\t\t\t\t<\/div>\n\t\t\t\t<div class=\"elementor-element elementor-element-a0310ab elementor-widget-divider--view-line elementor-widget elementor-widget-divider\" data-id=\"a0310ab\" data-element_type=\"widget\" data-widget_type=\"divider.default\">\n\t\t\t\t<div class=\"elementor-widget-container\">\n\t\t\t\t\t\t\t<div class=\"elementor-divider\">\n\t\t\t<span class=\"elementor-divider-separator\">\n\t\t\t\t\t\t<\/span>\n\t\t<\/div>\n\t\t\t\t\t\t<\/div>\n\t\t\t\t<\/div>\n\t\t\t\t<\/div>\n\t\t\t\t<\/div>\n\t\t<div class=\"elementor-element elementor-element-7cd8a38 e-con-full e-flex e-con e-child\" data-id=\"7cd8a38\" data-element_type=\"container\">\n\t\t\t\t<div class=\"elementor-element elementor-element-78c2cac elementor-widget__width-initial animated-fast elementor-invisible elementor-widget elementor-widget-image\" data-id=\"78c2cac\" data-element_type=\"widget\" data-settings=\"{&quot;_animation&quot;:&quot;slideInRight&quot;}\" data-widget_type=\"image.default\">\n\t\t\t\t<div class=\"elementor-widget-container\">\n\t\t\t\t\t\t\t\t\t\t\t\t\t\t\t<img decoding=\"async\" width=\"850\" height=\"460\" src=\"https:\/\/pinusbrasil.com.br\/wp-content\/uploads\/2024\/07\/pinus-brasil-responsabilidade-social-02.webp\" class=\"attachment-full size-full wp-image-1897\" alt=\"\" srcset=\"https:\/\/pinusbrasil.com.br\/wp-content\/uploads\/2024\/07\/pinus-brasil-responsabilidade-social-02.webp 850w, https:\/\/pinusbrasil.com.br\/wp-content\/uploads\/2024\/07\/pinus-brasil-responsabilidade-social-02-300x162.webp 300w, https:\/\/pinusbrasil.com.br\/wp-content\/uploads\/2024\/07\/pinus-brasil-responsabilidade-social-02-768x416.webp 768w\" sizes=\"(max-width: 850px) 100vw, 850px\" \/>\t\t\t\t\t\t\t\t\t\t\t\t\t\t\t<\/div>\n\t\t\t\t<\/div>\n\t\t<div class=\"elementor-element elementor-element-661af60 e-con-full bloco e-flex e-con e-child\" data-id=\"661af60\" data-element_type=\"container\">\n\t\t\t\t<div class=\"elementor-element elementor-element-c985a8b elementor-widget elementor-widget-heading\" data-id=\"c985a8b\" data-element_type=\"widget\" data-widget_type=\"heading.default\">\n\t\t\t\t<div class=\"elementor-widget-container\">\n\t\t\t\t\t<h2 class=\"elementor-heading-title elementor-size-default\">The community<\/h2>\t\t\t\t<\/div>\n\t\t\t\t<\/div>\n\t\t\t\t<div class=\"elementor-element elementor-element-6bc6301 elementor-widget elementor-widget-text-editor\" data-id=\"6bc6301\" data-element_type=\"widget\" data-widget_type=\"text-editor.default\">\n\t\t\t\t<div class=\"elementor-widget-container\">\n\t\t\t\t\t\t\t\t\tThe communities where we operate represent the majority of our workforce. Helping the region means helping the families of our employees. That is why we promote collective socio-economic development through many initiatives.\t\t\t\t\t\t\t\t<\/div>\n\t\t\t\t<\/div>\n\t\t\t\t<div class=\"elementor-element elementor-element-1fb702b elementor-widget-divider--view-line elementor-widget elementor-widget-divider\" data-id=\"1fb702b\" data-element_type=\"widget\" data-widget_type=\"divider.default\">\n\t\t\t\t<div class=\"elementor-widget-container\">\n\t\t\t\t\t\t\t<div class=\"elementor-divider\">\n\t\t\t<span class=\"elementor-divider-separator\">\n\t\t\t\t\t\t<\/span>\n\t\t<\/div>\n\t\t\t\t\t\t<\/div>\n\t\t\t\t<\/div>\n\t\t\t\t<\/div>\n\t\t<div class=\"elementor-element elementor-element-e4596b8 e-con-full bloco e-flex e-con e-child\" data-id=\"e4596b8\" data-element_type=\"container\">\n\t\t\t\t<div class=\"elementor-element elementor-element-0dc6cf0 elementor-widget elementor-widget-heading\" data-id=\"0dc6cf0\" data-element_type=\"widget\" data-widget_type=\"heading.default\">\n\t\t\t\t<div class=\"elementor-widget-container\">\n\t\t\t\t\t<h2 class=\"elementor-heading-title elementor-size-default\">Human Resources<\/h2>\t\t\t\t<\/div>\n\t\t\t\t<\/div>\n\t\t\t\t<div class=\"elementor-element elementor-element-5f20912 elementor-widget elementor-widget-text-editor\" data-id=\"5f20912\" data-element_type=\"widget\" data-widget_type=\"text-editor.default\">\n\t\t\t\t<div class=\"elementor-widget-container\">\n\t\t\t\t\t\t\t\t\tWe always prioritize hiring people who live in the regions where we operate. 95% of our workforce lives in our vicinity. This promotes a complete integration between the company and the communities, generating job opportunities, income and, consequently, boosting the economy of the municipalities.\t\t\t\t\t\t\t\t<\/div>\n\t\t\t\t<\/div>\n\t\t\t\t<div class=\"elementor-element elementor-element-d12486d elementor-widget-divider--view-line elementor-widget elementor-widget-divider\" data-id=\"d12486d\" data-element_type=\"widget\" data-widget_type=\"divider.default\">\n\t\t\t\t<div class=\"elementor-widget-container\">\n\t\t\t\t\t\t\t<div class=\"elementor-divider\">\n\t\t\t<span class=\"elementor-divider-separator\">\n\t\t\t\t\t\t<\/span>\n\t\t<\/div>\n\t\t\t\t\t\t<\/div>\n\t\t\t\t<\/div>\n\t\t\t\t<\/div>\n\t\t<div class=\"elementor-element elementor-element-2806ae5 e-con-full bloco e-flex e-con e-child\" data-id=\"2806ae5\" data-element_type=\"container\">\n\t\t\t\t<div class=\"elementor-element elementor-element-e357189 elementor-widget elementor-widget-heading\" data-id=\"e357189\" data-element_type=\"widget\" data-widget_type=\"heading.default\">\n\t\t\t\t<div class=\"elementor-widget-container\">\n\t\t\t\t\t<h2 class=\"elementor-heading-title elementor-size-default\">Partnership wjth Universities<\/h2>\t\t\t\t<\/div>\n\t\t\t\t<\/div>\n\t\t\t\t<div class=\"elementor-element elementor-element-ce371e6 elementor-widget elementor-widget-text-editor\" data-id=\"ce371e6\" data-element_type=\"widget\" data-widget_type=\"text-editor.default\">\n\t\t\t\t<div class=\"elementor-widget-container\">\n\t\t\t\t\t\t\t\t\tWe have an agreement with Faculdade de Tecnologia do Estado de S\u00e3o Paulo &#8211; FATEC (S\u00e3o Paulo State College of Technology). The goal is to create job opportunities within Grupo Pinus Brasil for agribusiness graduates. We also have a partnership with Universidade Estadual Paulista &#8211; Unesp (S\u00e3o Paulo State University), in Botucatu, state of S\u00e3o Paulo, which allows students to visit our facilities, from the tree nursery to the production process.\t\t\t\t\t\t\t\t<\/div>\n\t\t\t\t<\/div>\n\t\t\t\t<div class=\"elementor-element elementor-element-297b1d3 elementor-widget-divider--view-line elementor-widget elementor-widget-divider\" data-id=\"297b1d3\" data-element_type=\"widget\" data-widget_type=\"divider.default\">\n\t\t\t\t<div class=\"elementor-widget-container\">\n\t\t\t\t\t\t\t<div class=\"elementor-divider\">\n\t\t\t<span class=\"elementor-divider-separator\">\n\t\t\t\t\t\t<\/span>\n\t\t<\/div>\n\t\t\t\t\t\t<\/div>\n\t\t\t\t<\/div>\n\t\t\t\t<\/div>\n\t\t<div class=\"elementor-element elementor-element-ea6397b e-con-full bloco e-flex e-con e-child\" data-id=\"ea6397b\" data-element_type=\"container\">\n\t\t\t\t<div class=\"elementor-element elementor-element-3153a93 elementor-widget elementor-widget-heading\" data-id=\"3153a93\" data-element_type=\"widget\" data-widget_type=\"heading.default\">\n\t\t\t\t<div class=\"elementor-widget-container\">\n\t\t\t\t\t<h2 class=\"elementor-heading-title elementor-size-default\">Governance<\/h2>\t\t\t\t<\/div>\n\t\t\t\t<\/div>\n\t\t\t\t<div class=\"elementor-element elementor-element-26f77cd elementor-widget elementor-widget-text-editor\" data-id=\"26f77cd\" data-element_type=\"widget\" data-widget_type=\"text-editor.default\">\n\t\t\t\t<div class=\"elementor-widget-container\">\n\t\t\t\t\t\t\t\t\tThe business model of Grupo Pinus Brasil is based on transparent and ethical corporate governance. We adopt management practices with an emphasis on integrity, compliance, and accountability. Transparency in the disclosure of financial information and respect for shareholders&#8217; rights are non-negotiable principles to ensure stakeholder trust and long-term sustainability.\t\t\t\t\t\t\t\t<\/div>\n\t\t\t\t<\/div>\n\t\t\t\t<div class=\"elementor-element elementor-element-9d2b4c2 elementor-widget-divider--view-line elementor-widget elementor-widget-divider\" data-id=\"9d2b4c2\" data-element_type=\"widget\" data-widget_type=\"divider.default\">\n\t\t\t\t<div class=\"elementor-widget-container\">\n\t\t\t\t\t\t\t<div class=\"elementor-divider\">\n\t\t\t<span class=\"elementor-divider-separator\">\n\t\t\t\t\t\t<\/span>\n\t\t<\/div>\n\t\t\t\t\t\t<\/div>\n\t\t\t\t<\/div>\n\t\t\t\t<\/div>\n\t\t\t\t<\/div>\n\t\t\t\t<\/div>\n\t\t<div class=\"elementor-element elementor-element-5d20f484 e-con-full animated-fast e-flex elementor-invisible e-con e-parent\" data-id=\"5d20f484\" data-element_type=\"container\" id=\"trabalhe-conosco\" data-settings=\"{&quot;background_background&quot;:&quot;classic&quot;,&quot;animation&quot;:&quot;slideInUp&quot;}\">\n\t\t<div class=\"elementor-element elementor-element-6d2f512 e-con-full e-flex e-con e-child\" data-id=\"6d2f512\" data-element_type=\"container\" data-settings=\"{&quot;background_background&quot;:&quot;classic&quot;}\">\n\t\t\t\t<div class=\"elementor-element elementor-element-d1f710e elementor-widget elementor-widget-heading\" data-id=\"d1f710e\" data-element_type=\"widget\" data-widget_type=\"heading.default\">\n\t\t\t\t<div class=\"elementor-widget-container\">\n\t\t\t\t\t<h1 class=\"elementor-heading-title elementor-size-default\">Work With Us<\/h1>\t\t\t\t<\/div>\n\t\t\t\t<\/div>\n\t\t\t\t<div class=\"elementor-element elementor-element-408441a2 elementor-align-center elementor-widget__width-initial elementor-widget elementor-widget-button\" data-id=\"408441a2\" data-element_type=\"widget\" data-widget_type=\"button.default\">\n\t\t\t\t<div class=\"elementor-widget-container\">\n\t\t\t\t\t\t\t\t\t<div class=\"elementor-button-wrapper\">\n\t\t\t\t\t<a class=\"elementor-button elementor-button-link elementor-size-sm\" href=\"https:\/\/pinusbrasil.com.br\/en\/work-with-us\/\">\n\t\t\t\t\t\t<span class=\"elementor-button-content-wrapper\">\n\t\t\t\t\t\t\t\t\t<span class=\"elementor-button-text\">GET IN TOUCH<\/span>\n\t\t\t\t\t<\/span>\n\t\t\t\t\t<\/a>\n\t\t\t\t<\/div>\n\t\t\t\t\t\t\t\t<\/div>\n\t\t\t\t<\/div>\n\t\t\t\t<\/div>\n\t\t\t\t<\/div>\n\t\t\t\t<\/div>\n\t\t","protected":false},"excerpt":{"rendered":"<p>SocialResponsibility Learn about our social actions Social responsibility is in our culture.Over the years, we have taken on many initiatives [&hellip;]<\/p>\n","protected":false},"author":1,"featured_media":0,"parent":0,"menu_order":0,"comment_status":"closed","ping_status":"closed","template":"elementor_header_footer","meta":{"_acf_changed":false,"site-sidebar-layout":"no-sidebar","site-content-layout":"","ast-site-content-layout":"full-width-container","site-content-style":"default","site-sidebar-style":"default","ast-global-header-display":"","ast-banner-title-visibility":"","ast-main-header-display":"","ast-hfb-above-header-display":"","ast-hfb-below-header-display":"","ast-hfb-mobile-header-display":"","site-post-title":"disabled","ast-breadcrumbs-content":"","ast-featured-img":"disabled","footer-sml-layout":"","ast-disable-related-posts":"","theme-transparent-header-meta":"","adv-header-id-meta":"","stick-header-meta":"","header-above-stick-meta":"","header-main-stick-meta":"","header-below-stick-meta":"","astra-migrate-meta-layouts":"default","ast-page-background-enabled":"default","ast-page-background-meta":{"desktop":{"background-color":"var(--ast-global-color-4)","background-image":"","background-repeat":"repeat","background-position":"center center","background-size":"auto","background-attachment":"scroll","background-type":"","background-media":"","overlay-type":"","overlay-color":"","overlay-opacity":"","overlay-gradient":""},"tablet":{"background-color":"","background-image":"","background-repeat":"repeat","background-position":"center center","background-size":"auto","background-attachment":"scroll","background-type":"","background-media":"","overlay-type":"","overlay-color":"","overlay-opacity":"","overlay-gradient":""},"mobile":{"background-color":"","background-image":"","background-repeat":"repeat","background-position":"center center","background-size":"auto","background-attachment":"scroll","background-type":"","background-media":"","overlay-type":"","overlay-color":"","overlay-opacity":"","overlay-gradient":""}},"ast-content-background-meta":{"desktop":{"background-color":"var(--ast-global-color-5)","background-image":"","background-repeat":"repeat","background-position":"center center","background-size":"auto","background-attachment":"scroll","background-type":"","background-media":"","overlay-type":"","overlay-color":"","overlay-opacity":"","overlay-gradient":""},"tablet":{"background-color":"var(--ast-global-color-5)","background-image":"","background-repeat":"repeat","background-position":"center center","background-size":"auto","background-attachment":"scroll","background-type":"","background-media":"","overlay-type":"","overlay-color":"","overlay-opacity":"","overlay-gradient":""},"mobile":{"background-color":"var(--ast-global-color-5)","background-image":"","background-repeat":"repeat","background-position":"center center","background-size":"auto","background-attachment":"scroll","background-type":"","background-media":"","overlay-type":"","overlay-color":"","overlay-opacity":"","overlay-gradient":""}},"footnotes":""},"class_list":["post-2917","page","type-page","status-publish","hentry"],"acf":[],"_links":{"self":[{"href":"https:\/\/pinusbrasil.com.br\/en\/wp-json\/wp\/v2\/pages\/2917","targetHints":{"allow":["GET"]}}],"collection":[{"href":"https:\/\/pinusbrasil.com.br\/en\/wp-json\/wp\/v2\/pages"}],"about":[{"href":"https:\/\/pinusbrasil.com.br\/en\/wp-json\/wp\/v2\/types\/page"}],"author":[{"embeddable":true,"href":"https:\/\/pinusbrasil.com.br\/en\/wp-json\/wp\/v2\/users\/1"}],"replies":[{"embeddable":true,"href":"https:\/\/pinusbrasil.com.br\/en\/wp-json\/wp\/v2\/comments?post=2917"}],"version-history":[{"count":7,"href":"https:\/\/pinusbrasil.com.br\/en\/wp-json\/wp\/v2\/pages\/2917\/revisions"}],"predecessor-version":[{"id":3554,"href":"https:\/\/pinusbrasil.com.br\/en\/wp-json\/wp\/v2\/pages\/2917\/revisions\/3554"}],"wp:attachment":[{"href":"https:\/\/pinusbrasil.com.br\/en\/wp-json\/wp\/v2\/media?parent=2917"}],"curies":[{"name":"wp","href":"https:\/\/api.w.org\/{rel}","templated":true}]}}